{"id":13311,"date":"2024-05-14T13:21:22","date_gmt":"2024-05-14T10:21:22","guid":{"rendered":"https:\/\/duckdeco.com\/?post_type=product&#038;p=13311"},"modified":"2025-11-17T15:51:19","modified_gmt":"2025-11-17T13:51:19","slug":"spiralines-zvakes-light-rose","status":"publish","type":"product","link":"https:\/\/duckdeco.lt\/lt\/product\/spiralines-zvakes-light-rose\/","title":{"rendered":"Spiralin\u0117s \u017evak\u0117s \u201eLight Rose\u201c"},"content":{"rendered":"<ul>\n<li>Unikali \u017evaki\u0173 forma sukurs patraukl\u0173 vizualin\u012f efekt\u0105, \u0161velni spalva suteiks jaukumo \u0161ventin\u0117s vakarien\u0117s metu arba poilsio zonoje.<\/li>\n<li>Detal\u0117s: med\u017eiaga \u2013 va\u0161kas.<\/li>\n<li>Spalva \u2013 \u0161viesi ro\u017ein\u0117.<\/li>\n<\/ul>\n<div class=\"UdTY9 WdefRb\" aria-hidden=\"true\" data-location=\"2\">\n<div class=\"kO6q6e\">\n<ul>\n<li>\n<table width=\"405\">\n<tbody>\n<tr>\n<td width=\"91\">I\u0161matavimai: Skersmuo 2,2 cm \/ Auk\u0161tis 25 cm.<\/td>\n<\/tr>\n<\/tbody>\n<\/table>\n<\/li>\n<\/ul>\n<\/div>\n<\/div>\n","protected":false},"excerpt":{"rendered":"<p>Unikali \u017evaki\u0173 forma sukurs patraukl\u0173 vizualin\u012f efekt\u0105, \u0161velni spalva suteiks jaukumo \u0161ventin\u0117s vakarien\u0117s metu arba poilsio zonoje. Detal\u0117s: med\u017eiaga \u2013 va\u0161kas. Spalva \u2013 \u0161viesi ro\u017ein\u0117. I\u0161matavimai: Skersmuo 2,2 cm \/ Auk\u0161tis 25 cm.<\/p>\n","protected":false},"featured_media":13314,"template":"","meta":{"_monsterinsights_skip_tracking":false,"_monsterinsights_sitenote_active":false,"_monsterinsights_sitenote_note":"","_monsterinsights_sitenote_category":0},"product_brand":[],"product_cat":[106,144],"product_tag":[508,507],"class_list":{"0":"post-13311","1":"product","2":"type-product","3":"status-publish","4":"has-post-thumbnail","6":"product_cat-dekoras-sventems","7":"product_cat-zvakes","8":"product_tag-spiralines-zvakes","9":"product_tag-zvakiu-rinkinys","11":"first","12":"outofstock","13":"taxable","14":"shipping-taxable","15":"purchasable","16":"product-type-simple"},"_links":{"self":[{"href":"https:\/\/duckdeco.lt\/lt\/wp-json\/wp\/v2\/product\/13311","targetHints":{"allow":["GET"]}}],"collection":[{"href":"https:\/\/duckdeco.lt\/lt\/wp-json\/wp\/v2\/product"}],"about":[{"href":"https:\/\/duckdeco.lt\/lt\/wp-json\/wp\/v2\/types\/product"}],"version-history":[{"count":4,"href":"https:\/\/duckdeco.lt\/lt\/wp-json\/wp\/v2\/product\/13311\/revisions"}],"predecessor-version":[{"id":15070,"href":"https:\/\/duckdeco.lt\/lt\/wp-json\/wp\/v2\/product\/13311\/revisions\/15070"}],"wp:featuredmedia":[{"embeddable":true,"href":"https:\/\/duckdeco.lt\/lt\/wp-json\/wp\/v2\/media\/13314"}],"wp:attachment":[{"href":"https:\/\/duckdeco.lt\/lt\/wp-json\/wp\/v2\/media?parent=13311"}],"wp:term":[{"taxonomy":"product_brand","embeddable":true,"href":"https:\/\/duckdeco.lt\/lt\/wp-json\/wp\/v2\/product_brand?post=13311"},{"taxonomy":"product_cat","embeddable":true,"href":"https:\/\/duckdeco.lt\/lt\/wp-json\/wp\/v2\/product_cat?post=13311"},{"taxonomy":"product_tag","embeddable":true,"href":"https:\/\/duckdeco.lt\/lt\/wp-json\/wp\/v2\/product_tag?post=13311"}],"curies":[{"name":"wp","href":"https:\/\/api.w.org\/{rel}","templated":true}]}}