{"id":13330,"date":"2024-05-14T16:18:21","date_gmt":"2024-05-14T13:18:21","guid":{"rendered":"https:\/\/duckdeco.com\/?post_type=product&#038;p=13330"},"modified":"2025-10-29T14:23:58","modified_gmt":"2025-10-29T12:23:58","slug":"zvake-kriaukle","status":"publish","type":"product","link":"https:\/\/duckdeco.lt\/lt\/product\/zvake-kriaukle\/","title":{"rendered":"\u017dvak\u0117 kriaukl\u0117"},"content":{"rendered":"<ul>\n<li>Kriaukl\u0117s \u017evak\u0117 yra labiau skirta interjero dekoravimo tikslams, bet puikiai tiks ir \u012fprastos \u017evak\u0117s funkcijai, t.y. deginimui.<span class=\"HwtZe\" lang=\"lt\"><span class=\"HwtZe\" lang=\"lt\"><span class=\"jCAhz ChMk0b\"><span class=\"ryNqvb\">\u00a0<\/span><\/span> <\/span><\/span><\/li>\n<li><span class=\"HwtZe\" lang=\"lt\"><span class=\"HwtZe\" lang=\"lt\">Detal\u0117s: med\u017eiaga &#8211; va\u0161kas. <\/span><\/span><\/li>\n<li><span class=\"HwtZe\" lang=\"lt\"><span class=\"HwtZe\" lang=\"lt\">Spalva &#8211; sm\u0117lio.<br \/>\n<\/span><\/span><\/p>\n<table width=\"405\">\n<tbody>\n<tr>\n<td width=\"91\">I\u0161matavimai: Ilgis 9 cm \/ Plotis 5 cm \/ Auk\u0161tis 7 cm.<\/td>\n<\/tr>\n<\/tbody>\n<\/table>\n<\/li>\n<\/ul>\n","protected":false},"excerpt":{"rendered":"<p>Kriaukl\u0117s \u017evak\u0117 yra labiau skirta interjero dekoravimo tikslams, bet puikiai tiks ir \u012fprastos \u017evak\u0117s funkcijai, t.y. deginimui.\u00a0 Detal\u0117s: med\u017eiaga &#8211; va\u0161kas. Spalva &#8211; sm\u0117lio. I\u0161matavimai: Ilgis 9 cm \/ Plotis 5 cm \/ Auk\u0161tis 7 cm.<\/p>\n","protected":false},"featured_media":13332,"template":"","meta":{"_monsterinsights_skip_tracking":false,"_monsterinsights_sitenote_active":false,"_monsterinsights_sitenote_note":"","_monsterinsights_sitenote_category":0},"product_brand":[],"product_cat":[106,144],"product_tag":[461,462],"class_list":{"0":"post-13330","1":"product","2":"type-product","3":"status-publish","4":"has-post-thumbnail","6":"product_cat-dekoras-sventems","7":"product_cat-zvakes","8":"product_tag-naturalus-vaskas","9":"product_tag-zvake-kriaukle","11":"first","12":"instock","13":"taxable","14":"shipping-taxable","15":"purchasable","16":"product-type-simple"},"_links":{"self":[{"href":"https:\/\/duckdeco.lt\/lt\/wp-json\/wp\/v2\/product\/13330","targetHints":{"allow":["GET"]}}],"collection":[{"href":"https:\/\/duckdeco.lt\/lt\/wp-json\/wp\/v2\/product"}],"about":[{"href":"https:\/\/duckdeco.lt\/lt\/wp-json\/wp\/v2\/types\/product"}],"version-history":[{"count":4,"href":"https:\/\/duckdeco.lt\/lt\/wp-json\/wp\/v2\/product\/13330\/revisions"}],"predecessor-version":[{"id":15069,"href":"https:\/\/duckdeco.lt\/lt\/wp-json\/wp\/v2\/product\/13330\/revisions\/15069"}],"wp:featuredmedia":[{"embeddable":true,"href":"https:\/\/duckdeco.lt\/lt\/wp-json\/wp\/v2\/media\/13332"}],"wp:attachment":[{"href":"https:\/\/duckdeco.lt\/lt\/wp-json\/wp\/v2\/media?parent=13330"}],"wp:term":[{"taxonomy":"product_brand","embeddable":true,"href":"https:\/\/duckdeco.lt\/lt\/wp-json\/wp\/v2\/product_brand?post=13330"},{"taxonomy":"product_cat","embeddable":true,"href":"https:\/\/duckdeco.lt\/lt\/wp-json\/wp\/v2\/product_cat?post=13330"},{"taxonomy":"product_tag","embeddable":true,"href":"https:\/\/duckdeco.lt\/lt\/wp-json\/wp\/v2\/product_tag?post=13330"}],"curies":[{"name":"wp","href":"https:\/\/api.w.org\/{rel}","templated":true}]}}