{"id":13335,"date":"2024-05-15T09:59:56","date_gmt":"2024-05-15T06:59:56","guid":{"rendered":"https:\/\/duckdeco.com\/?post_type=product&#038;p=13335"},"modified":"2025-01-27T13:37:14","modified_gmt":"2025-01-27T11:37:14","slug":"marmurinis-zvakiu-laikiklis-m","status":"publish","type":"product","link":"https:\/\/duckdeco.lt\/lt\/product\/marmurinis-zvakiu-laikiklis-m\/","title":{"rendered":"Marmurinis \u017evaki\u0173 laikiklis M"},"content":{"rendered":"<ul>\n<li>Marmuriniai arbatini\u0173 \u017evaki\u0173 laikikliai i\u0161 Eichholtz prek\u0117s \u017eenklo kolekcijos, kuri si\u016blo subtiliai \u0161iuolaiki\u0161k\u0105 klasikini\u0173 tipologij\u0173 vaizd\u0105, u\u017etikrinant\u012f, kad kiekvienas produktas yra unikalus.<\/li>\n<li>Derinkite kelis skirting\u0173 dyd\u017ei\u0173 marmurinius laikiklius, sud\u0117kite ant pad\u0117kliuko, papuo\u0161kite lentyn\u0105, \u017eidin\u012f ar valgomojo stal\u0105.<\/li>\n<li>Ie\u0161kote originalios dovanos? tai puikus pasirinkimas \u012fvairioms progoms, \u012fkurtuv\u0117ms, gimtadieniui, vestuv\u0117ms ir kt.<\/li>\n<li>Detal\u0117s: med\u017eiaga &#8211; marmuras.<\/li>\n<li>Spalva &#8211; balta su juodais akcentais.<\/li>\n<\/ul>\n<table width=\"405\">\n<tbody>\n<tr>\n<td width=\"91\">I\u0161matavimai: Skersmuo 3,94 cm \/ Auk\u0161tis 7,09 cm.<\/td>\n<\/tr>\n<\/tbody>\n<\/table>\n<p>&nbsp;<\/p>\n","protected":false},"excerpt":{"rendered":"<p>Marmuriniai arbatini\u0173 \u017evaki\u0173 laikikliai i\u0161 Eichholtz prek\u0117s \u017eenklo kolekcijos, kuri si\u016blo subtiliai \u0161iuolaiki\u0161k\u0105 klasikini\u0173 tipologij\u0173 vaizd\u0105, u\u017etikrinant\u012f, kad kiekvienas produktas yra unikalus. Derinkite kelis skirting\u0173 dyd\u017ei\u0173 marmurinius laikiklius, sud\u0117kite ant pad\u0117kliuko, papuo\u0161kite lentyn\u0105, \u017eidin\u012f ar valgomojo stal\u0105. Ie\u0161kote originalios dovanos? tai puikus pasirinkimas \u012fvairioms progoms, \u012fkurtuv\u0117ms, gimtadieniui, vestuv\u0117ms ir kt. Detal\u0117s: med\u017eiaga &#8211; marmuras. Spalva &hellip; <br \/><a href=\"https:\/\/duckdeco.lt\/lt\/product\/marmurinis-zvakiu-laikiklis-m\/\" class=\"more-link\">Continue reading <span class=\"screen-reader-text\">Marmurinis \u017evaki\u0173 laikiklis M<\/span><\/a><\/p>\n","protected":false},"featured_media":13338,"template":"","meta":{"_monsterinsights_skip_tracking":false,"_monsterinsights_sitenote_active":false,"_monsterinsights_sitenote_note":"","_monsterinsights_sitenote_category":0},"product_brand":[],"product_cat":[103,107],"product_tag":[300,452],"class_list":{"0":"post-13335","1":"product","2":"type-product","3":"status-publish","4":"has-post-thumbnail","6":"product_cat-dovanu-idejos","7":"product_cat-stilingos-zvakides-zvakes","8":"product_tag-marmurine-zvakide","9":"product_tag-zvakiu-laikiklis","11":"first","12":"instock","13":"taxable","14":"shipping-taxable","15":"purchasable","16":"product-type-simple"},"_links":{"self":[{"href":"https:\/\/duckdeco.lt\/lt\/wp-json\/wp\/v2\/product\/13335","targetHints":{"allow":["GET"]}}],"collection":[{"href":"https:\/\/duckdeco.lt\/lt\/wp-json\/wp\/v2\/product"}],"about":[{"href":"https:\/\/duckdeco.lt\/lt\/wp-json\/wp\/v2\/types\/product"}],"version-history":[{"count":3,"href":"https:\/\/duckdeco.lt\/lt\/wp-json\/wp\/v2\/product\/13335\/revisions"}],"predecessor-version":[{"id":15068,"href":"https:\/\/duckdeco.lt\/lt\/wp-json\/wp\/v2\/product\/13335\/revisions\/15068"}],"wp:featuredmedia":[{"embeddable":true,"href":"https:\/\/duckdeco.lt\/lt\/wp-json\/wp\/v2\/media\/13338"}],"wp:attachment":[{"href":"https:\/\/duckdeco.lt\/lt\/wp-json\/wp\/v2\/media?parent=13335"}],"wp:term":[{"taxonomy":"product_brand","embeddable":true,"href":"https:\/\/duckdeco.lt\/lt\/wp-json\/wp\/v2\/product_brand?post=13335"},{"taxonomy":"product_cat","embeddable":true,"href":"https:\/\/duckdeco.lt\/lt\/wp-json\/wp\/v2\/product_cat?post=13335"},{"taxonomy":"product_tag","embeddable":true,"href":"https:\/\/duckdeco.lt\/lt\/wp-json\/wp\/v2\/product_tag?post=13335"}],"curies":[{"name":"wp","href":"https:\/\/api.w.org\/{rel}","templated":true}]}}