{"id":13359,"date":"2024-05-15T12:06:50","date_gmt":"2024-05-15T09:06:50","guid":{"rendered":"https:\/\/duckdeco.com\/?post_type=product&#038;p=13359"},"modified":"2025-01-27T13:25:55","modified_gmt":"2025-01-27T11:25:55","slug":"sienos-dekoracija-geliu-spindesys","status":"publish","type":"product","link":"https:\/\/duckdeco.lt\/lt\/product\/sienos-dekoracija-geliu-spindesys\/","title":{"rendered":"Sienos dekoracija \u201eG\u0117li\u0173 spindesys\u201c"},"content":{"rendered":"<ul>\n<li><span class=\"HwtZe\" lang=\"lt\"><span class=\"jCAhz ChMk0b\"><span class=\"ryNqvb\">Ie\u0161kote gra\u017eios spalvingos sienos dekoracijos?<\/span><\/span> tuomet<span class=\"jCAhz ChMk0b\"><span class=\"ryNqvb\"> Heinen Delft Blauw kolekcijos sienos l\u0117k\u0161t\u0117 yra puikus pasirinkimas.<\/span><\/span> <span class=\"jCAhz ChMk0b\"><span class=\"ryNqvb\">Atrodo kaip \u012fprasta piet\u0173 l\u0117k\u0161t\u0117, bet dekoruota gra\u017eiu atspaudu.<\/span><\/span> <span class=\"jCAhz ChMk0b\"><span class=\"ryNqvb\">\u0160i sienos dekoracija spinduliuoja sodr\u0173 g\u0117li\u0173 gro\u017e\u012f,\u0161iuolaiki\u0161kas prisilietimas, modernus dizainas, gyvybinga spalvin\u0117 gama. Sukurkite unikal\u0173 efekt\u0105 derindami skirting\u0173 dyd\u017ei\u0173, skirting\u0173 spaudini\u0173 l\u0117k\u0161tes.<\/span><\/span><\/span><\/li>\n<li><span class=\"HwtZe\" lang=\"lt\"><span class=\"jCAhz ChMk0b\"><span class=\"ryNqvb\">Pagaminta i\u0161 auk\u0161tos kokyb\u0117s keramikos, turi pakabinimo vielel\u0119..<\/span><\/span><br \/>\n<\/span><\/li>\n<li>Detal\u0117s: med\u017eiaga \u2013 keramika.<\/li>\n<li>Spalva \u2013\u00a0 \u012fvairiaspalvis.<\/li>\n<\/ul>\n<table width=\"262\">\n<tbody>\n<tr>\n<td width=\"91\">I\u0161matavimai: Skersmuo 42 cm<\/td>\n<\/tr>\n<\/tbody>\n<\/table>\n<p><span class=\"HwtZe\" lang=\"lt\">\u00a0\u00a0<\/span><\/p>\n","protected":false},"excerpt":{"rendered":"<p>Ie\u0161kote gra\u017eios spalvingos sienos dekoracijos? tuomet Heinen Delft Blauw kolekcijos sienos l\u0117k\u0161t\u0117 yra puikus pasirinkimas. Atrodo kaip \u012fprasta piet\u0173 l\u0117k\u0161t\u0117, bet dekoruota gra\u017eiu atspaudu. \u0160i sienos dekoracija spinduliuoja sodr\u0173 g\u0117li\u0173 gro\u017e\u012f,\u0161iuolaiki\u0161kas prisilietimas, modernus dizainas, gyvybinga spalvin\u0117 gama. Sukurkite unikal\u0173 efekt\u0105 derindami skirting\u0173 dyd\u017ei\u0173, skirting\u0173 spaudini\u0173 l\u0117k\u0161tes. Pagaminta i\u0161 auk\u0161tos kokyb\u0117s keramikos, turi pakabinimo vielel\u0119.. Detal\u0117s: &hellip; <br \/><a href=\"https:\/\/duckdeco.lt\/lt\/product\/sienos-dekoracija-geliu-spindesys\/\" class=\"more-link\">Continue reading <span class=\"screen-reader-text\">Sienos dekoracija \u201eG\u0117li\u0173 spindesys\u201c<\/span><\/a><\/p>\n","protected":false},"featured_media":13361,"template":"","meta":{"_monsterinsights_skip_tracking":false,"_monsterinsights_sitenote_active":false,"_monsterinsights_sitenote_note":"","_monsterinsights_sitenote_category":0},"product_brand":[],"product_cat":[103,95],"product_tag":[506,505],"class_list":{"0":"post-13359","1":"product","2":"type-product","3":"status-publish","4":"has-post-thumbnail","6":"product_cat-dovanu-idejos","7":"product_cat-interjerui","8":"product_tag-pakabinama-lekste","9":"product_tag-sienos-dekoracija","11":"first","12":"instock","13":"taxable","14":"shipping-taxable","15":"purchasable","16":"product-type-simple"},"_links":{"self":[{"href":"https:\/\/duckdeco.lt\/lt\/wp-json\/wp\/v2\/product\/13359","targetHints":{"allow":["GET"]}}],"collection":[{"href":"https:\/\/duckdeco.lt\/lt\/wp-json\/wp\/v2\/product"}],"about":[{"href":"https:\/\/duckdeco.lt\/lt\/wp-json\/wp\/v2\/types\/product"}],"version-history":[{"count":4,"href":"https:\/\/duckdeco.lt\/lt\/wp-json\/wp\/v2\/product\/13359\/revisions"}],"predecessor-version":[{"id":15063,"href":"https:\/\/duckdeco.lt\/lt\/wp-json\/wp\/v2\/product\/13359\/revisions\/15063"}],"wp:featuredmedia":[{"embeddable":true,"href":"https:\/\/duckdeco.lt\/lt\/wp-json\/wp\/v2\/media\/13361"}],"wp:attachment":[{"href":"https:\/\/duckdeco.lt\/lt\/wp-json\/wp\/v2\/media?parent=13359"}],"wp:term":[{"taxonomy":"product_brand","embeddable":true,"href":"https:\/\/duckdeco.lt\/lt\/wp-json\/wp\/v2\/product_brand?post=13359"},{"taxonomy":"product_cat","embeddable":true,"href":"https:\/\/duckdeco.lt\/lt\/wp-json\/wp\/v2\/product_cat?post=13359"},{"taxonomy":"product_tag","embeddable":true,"href":"https:\/\/duckdeco.lt\/lt\/wp-json\/wp\/v2\/product_tag?post=13359"}],"curies":[{"name":"wp","href":"https:\/\/api.w.org\/{rel}","templated":true}]}}