{"id":13407,"date":"2024-05-15T16:21:30","date_gmt":"2024-05-15T13:21:30","guid":{"rendered":"https:\/\/duckdeco.com\/?post_type=product&#038;p=13407"},"modified":"2025-01-27T12:39:05","modified_gmt":"2025-01-27T10:39:05","slug":"sienos-dekoracija-antis","status":"publish","type":"product","link":"https:\/\/duckdeco.lt\/lt\/product\/sienos-dekoracija-antis\/","title":{"rendered":"Sienos dekoracija \u201eAntis\u201c"},"content":{"rendered":"<ul>\n<li><span class=\"HwtZe\" lang=\"lt\"><span class=\"jCAhz ChMk0b\"><span class=\"ryNqvb\">Ie\u0161kote nuotaikingos sienos dekoracijos?<\/span><\/span> tuomet<span class=\"jCAhz ChMk0b\"><span class=\"ryNqvb\"> Heinen Delft Blauw kolekcijos sienos l\u0117k\u0161t\u0117 yra puikus pasirinkimas.<\/span><\/span> <span class=\"jCAhz ChMk0b\"><span class=\"ryNqvb\">Atrodo kaip \u012fprasta piet\u0173 l\u0117k\u0161t\u0117, bet dekoruota \u012fmantriu atspaudu.<\/span><\/span> <span class=\"jCAhz ChMk0b\"><span class=\"ryNqvb\"><br \/>\n<\/span><\/span><\/span><\/li>\n<li><span class=\"HwtZe\" lang=\"lt\"><span class=\"jCAhz ChMk0b\"><span class=\"ryNqvb\">Leiskit\u0117s \u012f nuostab\u0173 siurrealistini\u0173 gyv\u016bn\u0173 pasaul\u012f, filosofijos ir humoro derinys, svajinga iliustracija, kurioje ekstravaganti\u0161kai pavaizduota antis ne\u0161anti u\u017esispyrusius pel\u0117d\u017eiukus. O gal J\u016bs pamatysite visai kitoki\u0105 \u0161io k\u016brinio interpretacij\u0105. Sukurkite unikal\u0173 efekt\u0105 derindami skirting\u0173 dyd\u017ei\u0173, skirting\u0173 spaudini\u0173 l\u0117k\u0161tes.<\/span><\/span> <\/span><\/li>\n<li><span class=\"HwtZe\" lang=\"lt\"><span class=\"jCAhz ChMk0b\"><span class=\"ryNqvb\">Pagaminta i\u0161 auk\u0161tos kokyb\u0117s keramikos,\u00a0 turi pakabinimo vielel\u0119. <\/span><\/span><\/span><\/li>\n<li>Spalva \u2013 balta \/ m\u0117lyna.<\/li>\n<\/ul>\n<table width=\"262\">\n<tbody>\n<tr>\n<td width=\"91\">I\u0161matavimai: Skersmuo 26 cm<\/td>\n<\/tr>\n<\/tbody>\n<\/table>\n","protected":false},"excerpt":{"rendered":"<p>Ie\u0161kote nuotaikingos sienos dekoracijos? tuomet Heinen Delft Blauw kolekcijos sienos l\u0117k\u0161t\u0117 yra puikus pasirinkimas. Atrodo kaip \u012fprasta piet\u0173 l\u0117k\u0161t\u0117, bet dekoruota \u012fmantriu atspaudu. Leiskit\u0117s \u012f nuostab\u0173 siurrealistini\u0173 gyv\u016bn\u0173 pasaul\u012f, filosofijos ir humoro derinys, svajinga iliustracija, kurioje ekstravaganti\u0161kai pavaizduota antis ne\u0161anti u\u017esispyrusius pel\u0117d\u017eiukus. O gal J\u016bs pamatysite visai kitoki\u0105 \u0161io k\u016brinio interpretacij\u0105. Sukurkite unikal\u0173 efekt\u0105 derindami &hellip; <br \/><a href=\"https:\/\/duckdeco.lt\/lt\/product\/sienos-dekoracija-antis\/\" class=\"more-link\">Continue reading <span class=\"screen-reader-text\">Sienos dekoracija \u201eAntis\u201c<\/span><\/a><\/p>\n","protected":false},"featured_media":13408,"template":"","meta":{"_monsterinsights_skip_tracking":false,"_monsterinsights_sitenote_active":false,"_monsterinsights_sitenote_note":"","_monsterinsights_sitenote_category":0},"product_brand":[],"product_cat":[103,95],"product_tag":[506,505],"class_list":{"0":"post-13407","1":"product","2":"type-product","3":"status-publish","4":"has-post-thumbnail","6":"product_cat-dovanu-idejos","7":"product_cat-interjerui","8":"product_tag-pakabinama-lekste","9":"product_tag-sienos-dekoracija","11":"first","12":"instock","13":"taxable","14":"shipping-taxable","15":"purchasable","16":"product-type-simple"},"_links":{"self":[{"href":"https:\/\/duckdeco.lt\/lt\/wp-json\/wp\/v2\/product\/13407","targetHints":{"allow":["GET"]}}],"collection":[{"href":"https:\/\/duckdeco.lt\/lt\/wp-json\/wp\/v2\/product"}],"about":[{"href":"https:\/\/duckdeco.lt\/lt\/wp-json\/wp\/v2\/types\/product"}],"version-history":[{"count":5,"href":"https:\/\/duckdeco.lt\/lt\/wp-json\/wp\/v2\/product\/13407\/revisions"}],"predecessor-version":[{"id":15057,"href":"https:\/\/duckdeco.lt\/lt\/wp-json\/wp\/v2\/product\/13407\/revisions\/15057"}],"wp:featuredmedia":[{"embeddable":true,"href":"https:\/\/duckdeco.lt\/lt\/wp-json\/wp\/v2\/media\/13408"}],"wp:attachment":[{"href":"https:\/\/duckdeco.lt\/lt\/wp-json\/wp\/v2\/media?parent=13407"}],"wp:term":[{"taxonomy":"product_brand","embeddable":true,"href":"https:\/\/duckdeco.lt\/lt\/wp-json\/wp\/v2\/product_brand?post=13407"},{"taxonomy":"product_cat","embeddable":true,"href":"https:\/\/duckdeco.lt\/lt\/wp-json\/wp\/v2\/product_cat?post=13407"},{"taxonomy":"product_tag","embeddable":true,"href":"https:\/\/duckdeco.lt\/lt\/wp-json\/wp\/v2\/product_tag?post=13407"}],"curies":[{"name":"wp","href":"https:\/\/api.w.org\/{rel}","templated":true}]}}