{"id":13483,"date":"2024-05-16T15:05:59","date_gmt":"2024-05-16T12:05:59","guid":{"rendered":"https:\/\/duckdeco.com\/?post_type=product&#038;p=13483"},"modified":"2025-01-27T12:10:05","modified_gmt":"2025-01-27T10:10:05","slug":"stalo-sviestuvas-elegance","status":"publish","type":"product","link":"https:\/\/duckdeco.lt\/lt\/product\/stalo-sviestuvas-elegance\/","title":{"rendered":"Stalo \u0161viestuvas \u201eElegance\u201c"},"content":{"rendered":"<ul>\n<li>Stalo \u0161viestuvas i\u0161 Hazenkamp furnitures prek\u0117s \u017eenklo kolekcijos, kuri pasi\u017eymi auk\u0161tos kokyb\u0117s, prabangaus dizaino, subtilaus stiliaus gaminiais.<\/li>\n<li>Stilingas, funkcionalus, atrandantis viet\u0105 bet kurioje nam\u0173 erdv\u0117je \u2013 taip, tai stalo \u0161viestuvas \u201eElegance\u201c. Eleganti\u0161kos ir visuomet madingos juodos spalvos med\u017eiaginis gaubtas, solidi korpuso forma, prabanga, paslaptingumas, i\u0161baigtumas.<\/li>\n<li>Klasika \u0161iais laikais puikiai derinama su moderniu, minimalistiniu, eklekti\u0161ku ir kt., interjero stiliais, tad neabejotinai \u0161is \u0161viestuvas taps originaliu dekoro akcentu. Puikiai tiks svetain\u0117s, valgomojo ar miegamojo zonose tai ne tik prakti\u0161kas ap\u0161vietimas, bet ir rafinuotas puo\u0161ybos elementas, traukiantis d\u0117mes\u012f ir suteikiantis interjerui charakterio.<\/li>\n<li>Detal\u0117s: med\u017eiaga &#8211; korpusas &#8211; aliuminis \/ gaubtas &#8211; tekstil\u0117.<\/li>\n<li>Spalva &#8211; juoda.<\/li>\n<li>Svoris &#8211; 15,8 kg.<\/li>\n<\/ul>\n<table width=\"405\">\n<tbody>\n<tr>\n<td width=\"91\">I\u0161matavimai: Ilgis 35 cm \/ Plotis 46 cm \/ Auk\u0161tis 83 cm.<\/td>\n<\/tr>\n<\/tbody>\n<\/table>\n<div><\/div>\n","protected":false},"excerpt":{"rendered":"<p>Stalo \u0161viestuvas i\u0161 Hazenkamp furnitures prek\u0117s \u017eenklo kolekcijos, kuri pasi\u017eymi auk\u0161tos kokyb\u0117s, prabangaus dizaino, subtilaus stiliaus gaminiais. Stilingas, funkcionalus, atrandantis viet\u0105 bet kurioje nam\u0173 erdv\u0117je \u2013 taip, tai stalo \u0161viestuvas \u201eElegance\u201c. Eleganti\u0161kos ir visuomet madingos juodos spalvos med\u017eiaginis gaubtas, solidi korpuso forma, prabanga, paslaptingumas, i\u0161baigtumas. Klasika \u0161iais laikais puikiai derinama su moderniu, minimalistiniu, eklekti\u0161ku ir &hellip; <br \/><a href=\"https:\/\/duckdeco.lt\/lt\/product\/stalo-sviestuvas-elegance\/\" class=\"more-link\">Continue reading <span class=\"screen-reader-text\">Stalo \u0161viestuvas \u201eElegance\u201c<\/span><\/a><\/p>\n","protected":false},"featured_media":13484,"template":"","meta":{"_monsterinsights_skip_tracking":false,"_monsterinsights_sitenote_active":false,"_monsterinsights_sitenote_note":"","_monsterinsights_sitenote_category":0},"product_brand":[],"product_cat":[95,105],"product_tag":[398,504,128],"class_list":{"0":"post-13483","1":"product","2":"type-product","3":"status-publish","4":"has-post-thumbnail","6":"product_cat-interjerui","7":"product_cat-sviestuvai","8":"product_tag-miegamajam","9":"product_tag-prabangus-sviestuvas","10":"product_tag-svetainei","12":"first","13":"instock","14":"taxable","15":"shipping-taxable","16":"purchasable","17":"product-type-simple"},"_links":{"self":[{"href":"https:\/\/duckdeco.lt\/lt\/wp-json\/wp\/v2\/product\/13483","targetHints":{"allow":["GET"]}}],"collection":[{"href":"https:\/\/duckdeco.lt\/lt\/wp-json\/wp\/v2\/product"}],"about":[{"href":"https:\/\/duckdeco.lt\/lt\/wp-json\/wp\/v2\/types\/product"}],"version-history":[{"count":3,"href":"https:\/\/duckdeco.lt\/lt\/wp-json\/wp\/v2\/product\/13483\/revisions"}],"predecessor-version":[{"id":15047,"href":"https:\/\/duckdeco.lt\/lt\/wp-json\/wp\/v2\/product\/13483\/revisions\/15047"}],"wp:featuredmedia":[{"embeddable":true,"href":"https:\/\/duckdeco.lt\/lt\/wp-json\/wp\/v2\/media\/13484"}],"wp:attachment":[{"href":"https:\/\/duckdeco.lt\/lt\/wp-json\/wp\/v2\/media?parent=13483"}],"wp:term":[{"taxonomy":"product_brand","embeddable":true,"href":"https:\/\/duckdeco.lt\/lt\/wp-json\/wp\/v2\/product_brand?post=13483"},{"taxonomy":"product_cat","embeddable":true,"href":"https:\/\/duckdeco.lt\/lt\/wp-json\/wp\/v2\/product_cat?post=13483"},{"taxonomy":"product_tag","embeddable":true,"href":"https:\/\/duckdeco.lt\/lt\/wp-json\/wp\/v2\/product_tag?post=13483"}],"curies":[{"name":"wp","href":"https:\/\/api.w.org\/{rel}","templated":true}]}}