{"id":13487,"date":"2024-05-17T11:04:01","date_gmt":"2024-05-17T08:04:01","guid":{"rendered":"https:\/\/duckdeco.com\/?post_type=product&#038;p=13487"},"modified":"2026-03-07T13:40:32","modified_gmt":"2026-03-07T11:40:32","slug":"pagalvele-triusis","status":"publish","type":"product","link":"https:\/\/duckdeco.lt\/lt\/product\/pagalvele-triusis\/","title":{"rendered":"Pagalv\u0117l\u0117 \u201eTriu\u0161is\u201c"},"content":{"rendered":"<ul>\n<li dir=\"ltr\">Mars&amp;More prek\u0117s \u017eenklo pagalv\u0117l\u0117 \u012fne\u0161 linksm\u0105 ir \u017eaisming\u0105 tem\u0105 \u012f bet kur\u012f kambar\u012f bei puikiai papildys J\u016bs\u0173 interjer\u0105. G\u0117li\u0173, dekoruot\u0173 nertomis detal\u0117mis dizainas akimirksniu patrauks d\u0117mes\u012f ir suteiks J\u016bs\u0173 erdvei energijos, o mielas triu\u0161iukas palaikys kompanij\u0105.<\/li>\n<li dir=\"ltr\">M\u0117gaukit\u0117s komfortu ir stilinga i\u0161vaizda, susikurkite aplink\u0105 i\u0161rei\u0161kian\u010di\u0105 J\u016bs\u0173 unikalum\u0105.<\/li>\n<li dir=\"ltr\">Pagaminta i\u0161 kokybi\u0161kos med\u017eiagos, malonios liesti ir u\u017etikrinan\u010dios ilg\u0105 tarnavimo laik\u0105.<\/li>\n<li dir=\"ltr\">Detal\u0117s: med\u017eiaga &#8211; medviln\u0117 \/ poliesteris.<\/li>\n<li dir=\"ltr\">Spalva &#8211; balta \/ \u012fvairiaspalvis.<\/li>\n<\/ul>\n<div class=\"lRu31\" dir=\"ltr\">\n<table width=\"405\">\n<tbody>\n<tr>\n<td width=\"91\">I\u0161matavimai: Ilgis 45 cm \/ Plotis 45 cm \/ Auk\u0161tis 10 cm.<\/td>\n<\/tr>\n<\/tbody>\n<\/table>\n<div id=\"ow2262\"><\/div>\n<\/div>\n<div dir=\"ltr\"><span class=\"HwtZe\" lang=\"lt\">\u00a0<\/span><\/div>\n<div class=\"lRu31\" dir=\"ltr\">\n<div class=\"OvtS8d\"><\/div>\n<div id=\"ow2156\"><\/div>\n<\/div>\n<div class=\"UdTY9 WdefRb\" aria-hidden=\"true\" data-location=\"2\">\n<div class=\"kO6q6e\"><\/div>\n<\/div>\n<div class=\"XL3Kf XExWNc\">\n<div class=\"a8FIud X0rvP\">\n<div data-show-delay-ms=\"250\" data-append-to-body=\"false\" data-propagate-tooltip-mouseover-events=\"true\" data-anchor-corner=\"bottom-end\" data-enable-skip-handler=\"false\" data-popup-corner=\"top-end\">\n<div><\/div>\n<\/div>\n<\/div>\n<\/div>\n<div class=\"XL3Kf XExWNc\">\n<div class=\"a8FIud X0rvP\">\n<div data-show-delay-ms=\"250\" data-append-to-body=\"false\" data-propagate-tooltip-mouseover-events=\"true\" data-anchor-corner=\"bottom-end\" data-enable-skip-handler=\"false\" data-popup-corner=\"top-end\"><\/div>\n<\/div>\n<\/div>\n<div class=\"ebT7ne VOLvac sMVRZe\">\n<div class=\"F0pQVc\"><\/div>\n<\/div>\n<div class=\"VO9ucd\">\n<div class=\"aJIq1d\" dir=\"ltr\" data-language-code=\"lt\" data-language-name=\"lietuvi\u0173\" data-text=\"Ypatingas tapybos menas \u0161imtus met\u0173 buvo perduodamas i\u0161 tapytojo meistro studentui. Heinen Delfts Blauw dabar yra vienas did\u017eiausi\u0173 gamintoj\u0173 pasaulyje, ta\u010diau mes esame daug daugiau nei tik Delft m\u0117lyna. Kuriame modernias interjero kolekcijas, kurios \u012fkv\u0117ptos tradicin\u0117s Delfto m\u0117lynos spalvos. Atraskite tai patys!\" data-crosslingual-hint=\"\" data-location=\"2\" data-enable-toggle-playback-speed=\"true\" data-results-count=\"1\" data-result-index=\"1\">\n<div class=\"m0Qfkd\"><\/div>\n<\/div>\n<\/div>\n","protected":false},"excerpt":{"rendered":"<p>Mars&amp;More prek\u0117s \u017eenklo pagalv\u0117l\u0117 \u012fne\u0161 linksm\u0105 ir \u017eaisming\u0105 tem\u0105 \u012f bet kur\u012f kambar\u012f bei puikiai papildys J\u016bs\u0173 interjer\u0105. G\u0117li\u0173, dekoruot\u0173 nertomis detal\u0117mis dizainas akimirksniu patrauks d\u0117mes\u012f ir suteiks J\u016bs\u0173 erdvei energijos, o mielas triu\u0161iukas palaikys kompanij\u0105. M\u0117gaukit\u0117s komfortu ir stilinga i\u0161vaizda, susikurkite aplink\u0105 i\u0161rei\u0161kian\u010di\u0105 J\u016bs\u0173 unikalum\u0105. Pagaminta i\u0161 kokybi\u0161kos med\u017eiagos, malonios liesti ir u\u017etikrinan\u010dios ilg\u0105 &hellip; <br \/><a href=\"https:\/\/duckdeco.lt\/lt\/product\/pagalvele-triusis\/\" class=\"more-link\">Continue reading <span class=\"screen-reader-text\">Pagalv\u0117l\u0117 \u201eTriu\u0161is\u201c<\/span><\/a><\/p>\n","protected":false},"featured_media":13488,"template":"","meta":{"_monsterinsights_skip_tracking":false,"_monsterinsights_sitenote_active":false,"_monsterinsights_sitenote_note":"","_monsterinsights_sitenote_category":0},"product_brand":[],"product_cat":[103,95,122,137],"product_tag":[237,132,306],"class_list":{"0":"post-13487","1":"product","2":"type-product","3":"status-publish","4":"has-post-thumbnail","6":"product_cat-dovanu-idejos","7":"product_cat-interjerui","8":"product_cat-ispardavimas","9":"product_cat-pagalveles-deco","10":"product_tag-pagalvele-su-triusio-motyvu","11":"product_tag-vaiku-kambariui","12":"product_tag-zaismingas-namu-aksesuaras","14":"first","15":"instock","16":"sale","17":"taxable","18":"shipping-taxable","19":"purchasable","20":"product-type-simple"},"_links":{"self":[{"href":"https:\/\/duckdeco.lt\/lt\/wp-json\/wp\/v2\/product\/13487","targetHints":{"allow":["GET"]}}],"collection":[{"href":"https:\/\/duckdeco.lt\/lt\/wp-json\/wp\/v2\/product"}],"about":[{"href":"https:\/\/duckdeco.lt\/lt\/wp-json\/wp\/v2\/types\/product"}],"version-history":[{"count":3,"href":"https:\/\/duckdeco.lt\/lt\/wp-json\/wp\/v2\/product\/13487\/revisions"}],"predecessor-version":[{"id":15045,"href":"https:\/\/duckdeco.lt\/lt\/wp-json\/wp\/v2\/product\/13487\/revisions\/15045"}],"wp:featuredmedia":[{"embeddable":true,"href":"https:\/\/duckdeco.lt\/lt\/wp-json\/wp\/v2\/media\/13488"}],"wp:attachment":[{"href":"https:\/\/duckdeco.lt\/lt\/wp-json\/wp\/v2\/media?parent=13487"}],"wp:term":[{"taxonomy":"product_brand","embeddable":true,"href":"https:\/\/duckdeco.lt\/lt\/wp-json\/wp\/v2\/product_brand?post=13487"},{"taxonomy":"product_cat","embeddable":true,"href":"https:\/\/duckdeco.lt\/lt\/wp-json\/wp\/v2\/product_cat?post=13487"},{"taxonomy":"product_tag","embeddable":true,"href":"https:\/\/duckdeco.lt\/lt\/wp-json\/wp\/v2\/product_tag?post=13487"}],"curies":[{"name":"wp","href":"https:\/\/api.w.org\/{rel}","templated":true}]}}