{"id":13504,"date":"2024-05-17T14:57:24","date_gmt":"2024-05-17T11:57:24","guid":{"rendered":"https:\/\/duckdeco.com\/?post_type=product&#038;p=13504"},"modified":"2026-02-27T10:01:30","modified_gmt":"2026-02-27T08:01:30","slug":"delione-papludimys","status":"publish","type":"product","link":"https:\/\/duckdeco.lt\/lt\/product\/delione-papludimys\/","title":{"rendered":"D\u0117lion\u0117 \u201eKriaukl\u0117s\u201c"},"content":{"rendered":"<ul>\n<li><span class=\"HwtZe\" lang=\"lt\"><span class=\"jCAhz ChMk0b\"><span class=\"ryNqvb\">D\u0117lion\u0117 \u201ePapl\u016bdimys\u201c i\u0161 Galison prek\u0117s \u017eenklo kolekcijos, parengta pagal pasaulio kriaukli\u0173 kolia\u017e\u0105 i\u0161 \u201eThe Beachcomber&#8217;s Companion\u201c vadovo.<br \/>\n<\/span><\/span><\/span><\/li>\n<li><span class=\"HwtZe\" lang=\"lt\"><span class=\"jCAhz ChMk0b\"><span class=\"ryNqvb\">K\u016brybi\u0161kai iliustruota d\u0117lion\u0117, u\u017ebaigtame galvos\u016bkyje ry\u0161kus, paslaptingas j\u016bros pasaulis.\u00a0<\/span><\/span><\/span><\/li>\n<li><span class=\"HwtZe\" lang=\"lt\"><span class=\"jCAhz ChMk0b\"><span class=\"ryNqvb\">D\u0117lion\u0117 yra sud\u0117tinga, bet kartu naudinga edukacin\u0117 veikla visai \u0161eimai, kuri supa\u017eindins su \u012fvairiomis kriaukli\u0173 r\u016b\u0161imis.\u00a0<\/span><\/span><\/span><span class=\"HwtZe\" lang=\"lt\"><span class=\"jCAhz ChMk0b\"><span class=\"ryNqvb\">Suteiks daugyb\u0119 \u012ftraukian\u010di\u0173 valand\u0173 11 met\u0173 ir vyresniems galvos\u016bki\u0173 entuziastams.<\/span><\/span><\/span><\/li>\n<li><span class=\"HwtZe\" lang=\"lt\"><span class=\"jCAhz ChMk0b\"><span class=\"ryNqvb\">Galison d\u0117lion\u0117s supakuotos \u012f matin\u0117s apdailos tvirtas d\u0117\u017eutes, puikiai tinkan\u010dias dovanoti, pakartotinai naudoti ir saugoti. <\/span><\/span><\/span><\/li>\n<li><span class=\"HwtZe\" lang=\"lt\"><span class=\"jCAhz ChMk0b\"><span class=\"ryNqvb\">D\u0117lion\u0117 pagaminta i\u0161 90 % perdirbto popieriaus, pakuot\u0117 70 % perdirbto popieriaus bei FSC sertifikuotos med\u017eiagos. <\/span><\/span><\/span><span class=\"HwtZe\" lang=\"lt\"><span class=\"HwtZe\" lang=\"lt\"><span class=\"HwtZe\" lang=\"lt\"><span class=\"jCAhz ChMk0b\"><span class=\"ryNqvb\">Spausdinta netoksi\u0161ku ra\u0161alu<\/span><\/span>.<\/span><\/span><\/span><br \/>\n<table style=\"height: 89px;\" width=\"461\">\n<tbody>\n<tr>\n<td width=\"91\">I\u0161matavimai: <span class=\"HwtZe\" lang=\"lt\"><span class=\"jCAhz ChMk0b\"><span class=\"ryNqvb\">D\u0117lion\u0117s dydis: 27 x 20&#8243;, 686 x 508 mm<\/span><\/span><\/span><\/p>\n<p><span class=\"HwtZe\" lang=\"lt\"><span class=\"jCAhz ChMk0b\"><span class=\"ryNqvb\">D\u0117\u017eut\u0117s dydis: 11,5 x 8,5 x 2&#8243;, 292 x 216 x 51 mm<br \/>\n<\/span><\/span><\/span><\/td>\n<\/tr>\n<\/tbody>\n<\/table>\n<\/li>\n<\/ul>\n","protected":false},"excerpt":{"rendered":"<p>D\u0117lion\u0117 \u201ePapl\u016bdimys\u201c i\u0161 Galison prek\u0117s \u017eenklo kolekcijos, parengta pagal pasaulio kriaukli\u0173 kolia\u017e\u0105 i\u0161 \u201eThe Beachcomber&#8217;s Companion\u201c vadovo. K\u016brybi\u0161kai iliustruota d\u0117lion\u0117, u\u017ebaigtame galvos\u016bkyje ry\u0161kus, paslaptingas j\u016bros pasaulis.\u00a0 D\u0117lion\u0117 yra sud\u0117tinga, bet kartu naudinga edukacin\u0117 veikla visai \u0161eimai, kuri supa\u017eindins su \u012fvairiomis kriaukli\u0173 r\u016b\u0161imis.\u00a0Suteiks daugyb\u0119 \u012ftraukian\u010di\u0173 valand\u0173 11 met\u0173 ir vyresniems galvos\u016bki\u0173 entuziastams. Galison d\u0117lion\u0117s supakuotos \u012f &hellip; <br \/><a href=\"https:\/\/duckdeco.lt\/lt\/product\/delione-papludimys\/\" class=\"more-link\">Continue reading <span class=\"screen-reader-text\">D\u0117lion\u0117 \u201eKriaukl\u0117s\u201c<\/span><\/a><\/p>\n","protected":false},"featured_media":13509,"template":"","meta":{"_monsterinsights_skip_tracking":false,"_monsterinsights_sitenote_active":false,"_monsterinsights_sitenote_note":"","_monsterinsights_sitenote_category":0},"product_brand":[],"product_cat":[103,104],"product_tag":[502,369,376,377],"class_list":{"0":"post-13504","1":"product","2":"type-product","3":"status-publish","4":"has-post-thumbnail","6":"product_cat-dovanu-idejos","7":"product_cat-vaikams","8":"product_tag-delione","9":"product_tag-dovanos-vaikams","10":"product_tag-perdirbtas-popierius","11":"product_tag-tvarus-zaislai","13":"first","14":"outofstock","15":"taxable","16":"shipping-taxable","17":"purchasable","18":"product-type-simple"},"_links":{"self":[{"href":"https:\/\/duckdeco.lt\/lt\/wp-json\/wp\/v2\/product\/13504","targetHints":{"allow":["GET"]}}],"collection":[{"href":"https:\/\/duckdeco.lt\/lt\/wp-json\/wp\/v2\/product"}],"about":[{"href":"https:\/\/duckdeco.lt\/lt\/wp-json\/wp\/v2\/types\/product"}],"version-history":[{"count":4,"href":"https:\/\/duckdeco.lt\/lt\/wp-json\/wp\/v2\/product\/13504\/revisions"}],"predecessor-version":[{"id":15040,"href":"https:\/\/duckdeco.lt\/lt\/wp-json\/wp\/v2\/product\/13504\/revisions\/15040"}],"wp:featuredmedia":[{"embeddable":true,"href":"https:\/\/duckdeco.lt\/lt\/wp-json\/wp\/v2\/media\/13509"}],"wp:attachment":[{"href":"https:\/\/duckdeco.lt\/lt\/wp-json\/wp\/v2\/media?parent=13504"}],"wp:term":[{"taxonomy":"product_brand","embeddable":true,"href":"https:\/\/duckdeco.lt\/lt\/wp-json\/wp\/v2\/product_brand?post=13504"},{"taxonomy":"product_cat","embeddable":true,"href":"https:\/\/duckdeco.lt\/lt\/wp-json\/wp\/v2\/product_cat?post=13504"},{"taxonomy":"product_tag","embeddable":true,"href":"https:\/\/duckdeco.lt\/lt\/wp-json\/wp\/v2\/product_tag?post=13504"}],"curies":[{"name":"wp","href":"https:\/\/api.w.org\/{rel}","templated":true}]}}