{"id":13553,"date":"2024-05-28T12:03:11","date_gmt":"2024-05-28T09:03:11","guid":{"rendered":"https:\/\/duckdeco.com\/?post_type=product&#038;p=13553"},"modified":"2025-08-04T14:29:41","modified_gmt":"2025-08-04T11:29:41","slug":"pusto-stiklo-indas-ant-medzio-saknies-s","status":"publish","type":"product","link":"https:\/\/duckdeco.lt\/lt\/product\/pusto-stiklo-indas-ant-medzio-saknies-s\/","title":{"rendered":"P\u016bsto stiklo indas ant med\u017eio \u0161aknies S"},"content":{"rendered":"<ul>\n<li>Rank\u0173 darbo k\u016brinys pagamintas Balyje, i\u0161pu\u010diant stikl\u0105 ant nat\u016bralios tikmed\u017eio \u0161akn\u0173 medienos, stiklas nus\u0117da ant med\u017eio ir suteikia nat\u016brali\u0105 form\u0105.<\/li>\n<li><span class=\"HwtZe\" lang=\"lt\"><span class=\"jCAhz ChMk0b\"><span class=\"ryNqvb\">Stiklas ir mediena, kaip ir bet kuris nat\u016bralus gaminys, gali tur\u0117ti grak\u0161\u010diai deran\u010di\u0173 netobulum\u0173 (burbuliukai stikle, skirtingos spalvos medienoje, \u012fvairios kamieno formos) tai ne tr\u016bkumai, tai \u0161io k\u016brinio unikalumas.\u00a0<\/span><\/span><\/span><\/li>\n<li>Stiklinis dubuo gali b\u016bti naudojamas kaip vaza,\u00a0 indas vandeniui su plaukiojan\u010diomis g\u0117l\u0117mis, akvariumas ma\u017eoms \u017euvyt\u0117ms, kaktus\u0173 kompozicijai ir kt., arba tiesiog ak\u012f traukian\u010dia interjero detale.<\/li>\n<li>Nerekomenduojama naudoti su \u0161ilumos \u0161altiniais.<\/li>\n<li>Detal\u0117s: med\u017eiaga &#8211; stiklas \/ tikmedis.<\/li>\n<\/ul>\n<table style=\"height: 74px;\" width=\"438\">\n<tbody>\n<tr>\n<td width=\"91\">I\u0161matavimai: Skersmuo 19 cm \/ Auk\u0161tis 22 cm. Talpa 1,7 l.<\/td>\n<\/tr>\n<\/tbody>\n<\/table>\n<p>&nbsp;<\/p>\n","protected":false},"excerpt":{"rendered":"<p>Rank\u0173 darbo k\u016brinys pagamintas Balyje, i\u0161pu\u010diant stikl\u0105 ant nat\u016bralios tikmed\u017eio \u0161akn\u0173 medienos, stiklas nus\u0117da ant med\u017eio ir suteikia nat\u016brali\u0105 form\u0105. Stiklas ir mediena, kaip ir bet kuris nat\u016bralus gaminys, gali tur\u0117ti grak\u0161\u010diai deran\u010di\u0173 netobulum\u0173 (burbuliukai stikle, skirtingos spalvos medienoje, \u012fvairios kamieno formos) tai ne tr\u016bkumai, tai \u0161io k\u016brinio unikalumas.\u00a0 Stiklinis dubuo gali b\u016bti naudojamas kaip &hellip; <br \/><a href=\"https:\/\/duckdeco.lt\/lt\/product\/pusto-stiklo-indas-ant-medzio-saknies-s\/\" class=\"more-link\">Continue reading <span class=\"screen-reader-text\">P\u016bsto stiklo indas ant med\u017eio \u0161aknies S<\/span><\/a><\/p>\n","protected":false},"featured_media":13554,"template":"","meta":{"_monsterinsights_skip_tracking":false,"_monsterinsights_sitenote_active":false,"_monsterinsights_sitenote_note":"","_monsterinsights_sitenote_category":0},"product_brand":[],"product_cat":[103,95,101],"product_tag":[234,233],"class_list":{"0":"post-13553","1":"product","2":"type-product","3":"status-publish","4":"has-post-thumbnail","6":"product_cat-dovanu-idejos","7":"product_cat-interjerui","8":"product_cat-vazos","9":"product_tag-pusto-stiklo-indas-su-medzio-pagrindu","10":"product_tag-ranku-darbo-dekoracija","12":"first","13":"instock","14":"taxable","15":"shipping-taxable","16":"purchasable","17":"product-type-simple"},"_links":{"self":[{"href":"https:\/\/duckdeco.lt\/lt\/wp-json\/wp\/v2\/product\/13553","targetHints":{"allow":["GET"]}}],"collection":[{"href":"https:\/\/duckdeco.lt\/lt\/wp-json\/wp\/v2\/product"}],"about":[{"href":"https:\/\/duckdeco.lt\/lt\/wp-json\/wp\/v2\/types\/product"}],"version-history":[{"count":1,"href":"https:\/\/duckdeco.lt\/lt\/wp-json\/wp\/v2\/product\/13553\/revisions"}],"predecessor-version":[{"id":13557,"href":"https:\/\/duckdeco.lt\/lt\/wp-json\/wp\/v2\/product\/13553\/revisions\/13557"}],"wp:featuredmedia":[{"embeddable":true,"href":"https:\/\/duckdeco.lt\/lt\/wp-json\/wp\/v2\/media\/13554"}],"wp:attachment":[{"href":"https:\/\/duckdeco.lt\/lt\/wp-json\/wp\/v2\/media?parent=13553"}],"wp:term":[{"taxonomy":"product_brand","embeddable":true,"href":"https:\/\/duckdeco.lt\/lt\/wp-json\/wp\/v2\/product_brand?post=13553"},{"taxonomy":"product_cat","embeddable":true,"href":"https:\/\/duckdeco.lt\/lt\/wp-json\/wp\/v2\/product_cat?post=13553"},{"taxonomy":"product_tag","embeddable":true,"href":"https:\/\/duckdeco.lt\/lt\/wp-json\/wp\/v2\/product_tag?post=13553"}],"curies":[{"name":"wp","href":"https:\/\/api.w.org\/{rel}","templated":true}]}}