{"id":13572,"date":"2024-05-28T13:23:35","date_gmt":"2024-05-28T10:23:35","guid":{"rendered":"https:\/\/duckdeco.com\/?post_type=product&#038;p=13572"},"modified":"2025-12-30T13:48:03","modified_gmt":"2025-12-30T11:48:03","slug":"burbuline-zvakide-2","status":"publish","type":"product","link":"https:\/\/duckdeco.lt\/lt\/product\/burbuline-zvakide-2\/","title":{"rendered":"Burbulin\u0117 \u017evakid\u0117"},"content":{"rendered":"<ul>\n<li>Moderni burbulin\u0117 \u017evakid\u0117.<\/li>\n<li>Detal\u0117s: med\u017eiaga \u2013 stiklas.<\/li>\n<li>Spalva \u2013 gelsva.<br \/>\n<table width=\"405\">\n<tbody>\n<tr>\n<td width=\"91\">I\u0161matavimai: Plotis 8 cm \/ Auk\u0161tis 18 cm.<\/td>\n<\/tr>\n<\/tbody>\n<\/table>\n<p>&nbsp;<\/li>\n<\/ul>\n","protected":false},"excerpt":{"rendered":"<p>Moderni burbulin\u0117 \u017evakid\u0117. Detal\u0117s: med\u017eiaga \u2013 stiklas. Spalva \u2013 gelsva. I\u0161matavimai: Plotis 8 cm \/ Auk\u0161tis 18 cm. &nbsp;<\/p>\n","protected":false},"featured_media":13573,"template":"","meta":{"_monsterinsights_skip_tracking":false,"_monsterinsights_sitenote_active":false,"_monsterinsights_sitenote_note":"","_monsterinsights_sitenote_category":0},"product_brand":[],"product_cat":[106,107],"product_tag":[458,459],"class_list":{"0":"post-13572","1":"product","2":"type-product","3":"status-publish","4":"has-post-thumbnail","6":"product_cat-dekoras-sventems","7":"product_cat-stilingos-zvakides-zvakes","8":"product_tag-burbuline-zvakide","9":"product_tag-stiklinis-zvakiu-laikiklis","11":"first","12":"outofstock","13":"taxable","14":"shipping-taxable","15":"purchasable","16":"product-type-simple"},"_links":{"self":[{"href":"https:\/\/duckdeco.lt\/lt\/wp-json\/wp\/v2\/product\/13572","targetHints":{"allow":["GET"]}}],"collection":[{"href":"https:\/\/duckdeco.lt\/lt\/wp-json\/wp\/v2\/product"}],"about":[{"href":"https:\/\/duckdeco.lt\/lt\/wp-json\/wp\/v2\/types\/product"}],"version-history":[{"count":1,"href":"https:\/\/duckdeco.lt\/lt\/wp-json\/wp\/v2\/product\/13572\/revisions"}],"predecessor-version":[{"id":13576,"href":"https:\/\/duckdeco.lt\/lt\/wp-json\/wp\/v2\/product\/13572\/revisions\/13576"}],"wp:featuredmedia":[{"embeddable":true,"href":"https:\/\/duckdeco.lt\/lt\/wp-json\/wp\/v2\/media\/13573"}],"wp:attachment":[{"href":"https:\/\/duckdeco.lt\/lt\/wp-json\/wp\/v2\/media?parent=13572"}],"wp:term":[{"taxonomy":"product_brand","embeddable":true,"href":"https:\/\/duckdeco.lt\/lt\/wp-json\/wp\/v2\/product_brand?post=13572"},{"taxonomy":"product_cat","embeddable":true,"href":"https:\/\/duckdeco.lt\/lt\/wp-json\/wp\/v2\/product_cat?post=13572"},{"taxonomy":"product_tag","embeddable":true,"href":"https:\/\/duckdeco.lt\/lt\/wp-json\/wp\/v2\/product_tag?post=13572"}],"curies":[{"name":"wp","href":"https:\/\/api.w.org\/{rel}","templated":true}]}}