{"id":13586,"date":"2024-05-28T15:17:17","date_gmt":"2024-05-28T12:17:17","guid":{"rendered":"https:\/\/duckdeco.com\/?post_type=product&#038;p=13586"},"modified":"2025-01-27T11:03:32","modified_gmt":"2025-01-27T09:03:32","slug":"vaza-holbox","status":"publish","type":"product","link":"https:\/\/duckdeco.lt\/lt\/product\/vaza-holbox\/","title":{"rendered":"Vaza \u201eHolbox\u201c"},"content":{"rendered":"<ul>\n<li>Light &amp; Living prek\u0117s \u017eenklo vaza \u201eHolbox\u201c puikiai tiks m\u0117gstantiems urbanistin\u012f stili\u0173, taip pat der\u0117s skirtinguose interjero tipuose.<\/li>\n<li>Neutrali kremin\u0117 spalva, matinis tarsi betono pavir\u0161ius, nat\u016brali netaisyklinga forma su\u017eav\u0117s kiekvien\u0105 vertinant\u012f unikalum\u0105 ir ilgaam\u017ei\u0161kum\u0105. \u012emerkite kelias sausas \u0161akeles ar smilgas taip suteikdami \u0161ilumos ir jaukumo savo namams.<\/li>\n<li>Detal\u0117s: med\u017eiaga &#8211; aliuminis.<\/li>\n<li>Spalva &#8211; balta.<\/li>\n<\/ul>\n<table width=\"405\">\n<tbody>\n<tr>\n<td width=\"91\">I\u0161matavimai: Skersmuo 21 cm \/ Auk\u0161tis 31 cm.<\/td>\n<\/tr>\n<\/tbody>\n<\/table>\n<p>&nbsp;<\/p>\n<p>&nbsp;<\/p>\n","protected":false},"excerpt":{"rendered":"<p>Light &amp; Living prek\u0117s \u017eenklo vaza \u201eHolbox\u201c puikiai tiks m\u0117gstantiems urbanistin\u012f stili\u0173, taip pat der\u0117s skirtinguose interjero tipuose. Neutrali kremin\u0117 spalva, matinis tarsi betono pavir\u0161ius, nat\u016brali netaisyklinga forma su\u017eav\u0117s kiekvien\u0105 vertinant\u012f unikalum\u0105 ir ilgaam\u017ei\u0161kum\u0105. \u012emerkite kelias sausas \u0161akeles ar smilgas taip suteikdami \u0161ilumos ir jaukumo savo namams. Detal\u0117s: med\u017eiaga &#8211; aliuminis. Spalva &#8211; balta. I\u0161matavimai: &hellip; <br \/><a href=\"https:\/\/duckdeco.lt\/lt\/product\/vaza-holbox\/\" class=\"more-link\">Continue reading <span class=\"screen-reader-text\">Vaza \u201eHolbox\u201c<\/span><\/a><\/p>\n","protected":false},"featured_media":13587,"template":"","meta":{"_monsterinsights_skip_tracking":false,"_monsterinsights_sitenote_active":false,"_monsterinsights_sitenote_note":"","_monsterinsights_sitenote_category":0},"product_brand":[],"product_cat":[103,95,101],"product_tag":[485,484],"class_list":{"0":"post-13586","1":"product","2":"type-product","3":"status-publish","4":"has-post-thumbnail","6":"product_cat-dovanu-idejos","7":"product_cat-interjerui","8":"product_cat-vazos","9":"product_tag-balta-aliuminio-vaza","10":"product_tag-matinis-pavirsius","12":"first","13":"instock","14":"taxable","15":"shipping-taxable","16":"purchasable","17":"product-type-simple"},"_links":{"self":[{"href":"https:\/\/duckdeco.lt\/lt\/wp-json\/wp\/v2\/product\/13586","targetHints":{"allow":["GET"]}}],"collection":[{"href":"https:\/\/duckdeco.lt\/lt\/wp-json\/wp\/v2\/product"}],"about":[{"href":"https:\/\/duckdeco.lt\/lt\/wp-json\/wp\/v2\/types\/product"}],"version-history":[{"count":3,"href":"https:\/\/duckdeco.lt\/lt\/wp-json\/wp\/v2\/product\/13586\/revisions"}],"predecessor-version":[{"id":14978,"href":"https:\/\/duckdeco.lt\/lt\/wp-json\/wp\/v2\/product\/13586\/revisions\/14978"}],"wp:featuredmedia":[{"embeddable":true,"href":"https:\/\/duckdeco.lt\/lt\/wp-json\/wp\/v2\/media\/13587"}],"wp:attachment":[{"href":"https:\/\/duckdeco.lt\/lt\/wp-json\/wp\/v2\/media?parent=13586"}],"wp:term":[{"taxonomy":"product_brand","embeddable":true,"href":"https:\/\/duckdeco.lt\/lt\/wp-json\/wp\/v2\/product_brand?post=13586"},{"taxonomy":"product_cat","embeddable":true,"href":"https:\/\/duckdeco.lt\/lt\/wp-json\/wp\/v2\/product_cat?post=13586"},{"taxonomy":"product_tag","embeddable":true,"href":"https:\/\/duckdeco.lt\/lt\/wp-json\/wp\/v2\/product_tag?post=13586"}],"curies":[{"name":"wp","href":"https:\/\/api.w.org\/{rel}","templated":true}]}}