{"id":13595,"date":"2024-05-28T15:58:32","date_gmt":"2024-05-28T12:58:32","guid":{"rendered":"https:\/\/duckdeco.com\/?post_type=product&#038;p=13595"},"modified":"2025-01-27T11:00:16","modified_gmt":"2025-01-27T09:00:16","slug":"zvakide-lotta","status":"publish","type":"product","link":"https:\/\/duckdeco.lt\/lt\/product\/zvakide-lotta\/","title":{"rendered":"\u017dvakid\u0117 \u201eLotta\u201c"},"content":{"rendered":"<ul>\n<li>Subtilaus, madingo dizaino \u017evakid\u0117 i\u0161 Rustic Lys kolekcijos, \u0161velni pastelin\u0117 spalva, nelygi apdaila, kuri suteikia sendint\u0105 stili\u0173, papuo\u0161 bet kur\u012f J\u016bs\u0173 nam\u0173 kampel\u012f.<\/li>\n<li>Pad\u0117kite j\u0105 ant \u017eidinio ar komodos svetain\u0117je, m\u0117gaukit\u0117s \u017evaki\u0173 \u0161viesa vakarien\u0117s metu.<\/li>\n<li>Detal\u0117s: med\u017eiaga &#8211; betonas.<\/li>\n<li>Spalva &#8211; \u0161viesi ro\u017ein\u0117.<\/li>\n<\/ul>\n<table style=\"height: 72px;\" width=\"425\">\n<tbody>\n<tr>\n<td width=\"91\">I\u0161matavimai: Ilgis 23,5 cm \/ Plotis 5,5 cm \/ Auk\u0161tis 3,5 cm.<\/td>\n<\/tr>\n<\/tbody>\n<\/table>\n<p>&nbsp;<\/p>\n","protected":false},"excerpt":{"rendered":"<p>Subtilaus, madingo dizaino \u017evakid\u0117 i\u0161 Rustic Lys kolekcijos, \u0161velni pastelin\u0117 spalva, nelygi apdaila, kuri suteikia sendint\u0105 stili\u0173, papuo\u0161 bet kur\u012f J\u016bs\u0173 nam\u0173 kampel\u012f. Pad\u0117kite j\u0105 ant \u017eidinio ar komodos svetain\u0117je, m\u0117gaukit\u0117s \u017evaki\u0173 \u0161viesa vakarien\u0117s metu. Detal\u0117s: med\u017eiaga &#8211; betonas. Spalva &#8211; \u0161viesi ro\u017ein\u0117. I\u0161matavimai: Ilgis 23,5 cm \/ Plotis 5,5 cm \/ Auk\u0161tis 3,5 cm. &hellip; <br \/><a href=\"https:\/\/duckdeco.lt\/lt\/product\/zvakide-lotta\/\" class=\"more-link\">Continue reading <span class=\"screen-reader-text\">\u017dvakid\u0117 \u201eLotta\u201c<\/span><\/a><\/p>\n","protected":false},"featured_media":13596,"template":"","meta":{"_monsterinsights_skip_tracking":false,"_monsterinsights_sitenote_active":false,"_monsterinsights_sitenote_note":"","_monsterinsights_sitenote_category":0},"product_brand":[],"product_cat":[106,107],"product_tag":[297,452],"class_list":{"0":"post-13595","1":"product","2":"type-product","3":"status-publish","4":"has-post-thumbnail","6":"product_cat-dekoras-sventems","7":"product_cat-stilingos-zvakides-zvakes","8":"product_tag-betonine-zvakide","9":"product_tag-zvakiu-laikiklis","11":"first","12":"instock","13":"taxable","14":"shipping-taxable","15":"purchasable","16":"product-type-simple"},"_links":{"self":[{"href":"https:\/\/duckdeco.lt\/lt\/wp-json\/wp\/v2\/product\/13595","targetHints":{"allow":["GET"]}}],"collection":[{"href":"https:\/\/duckdeco.lt\/lt\/wp-json\/wp\/v2\/product"}],"about":[{"href":"https:\/\/duckdeco.lt\/lt\/wp-json\/wp\/v2\/types\/product"}],"version-history":[{"count":4,"href":"https:\/\/duckdeco.lt\/lt\/wp-json\/wp\/v2\/product\/13595\/revisions"}],"predecessor-version":[{"id":15028,"href":"https:\/\/duckdeco.lt\/lt\/wp-json\/wp\/v2\/product\/13595\/revisions\/15028"}],"wp:featuredmedia":[{"embeddable":true,"href":"https:\/\/duckdeco.lt\/lt\/wp-json\/wp\/v2\/media\/13596"}],"wp:attachment":[{"href":"https:\/\/duckdeco.lt\/lt\/wp-json\/wp\/v2\/media?parent=13595"}],"wp:term":[{"taxonomy":"product_brand","embeddable":true,"href":"https:\/\/duckdeco.lt\/lt\/wp-json\/wp\/v2\/product_brand?post=13595"},{"taxonomy":"product_cat","embeddable":true,"href":"https:\/\/duckdeco.lt\/lt\/wp-json\/wp\/v2\/product_cat?post=13595"},{"taxonomy":"product_tag","embeddable":true,"href":"https:\/\/duckdeco.lt\/lt\/wp-json\/wp\/v2\/product_tag?post=13595"}],"curies":[{"name":"wp","href":"https:\/\/api.w.org\/{rel}","templated":true}]}}