{"id":13625,"date":"2024-06-03T13:45:36","date_gmt":"2024-06-03T10:45:36","guid":{"rendered":"https:\/\/duckdeco.com\/?post_type=product&#038;p=13625"},"modified":"2025-01-27T10:53:02","modified_gmt":"2025-01-27T08:53:02","slug":"vazele-tube-9","status":"publish","type":"product","link":"https:\/\/duckdeco.lt\/lt\/product\/vazele-tube-9\/","title":{"rendered":"Vazel\u0117 \u201eTube 9\u201c"},"content":{"rendered":"<ul>\n<li>Skaidraus stiklo vazel\u0117 sujungta i\u0161 9 vamzdeli\u0173. \u012emerkite \u012f kiekvien\u0105 vamzdel\u012f ma\u017e\u0105 skirtingo auk\u0161\u010dio lauko g\u0117lyt\u0119 ir tur\u0117site jauki\u0105 kompozicij\u0105.<\/li>\n<li>Neribotos galimyb\u0117s komponuoti. \u012esigykite i\u0161 karto kelet\u0105 \u0161i\u0173 vazeli\u0173 ir sud\u0117liokite g\u0117li\u0173 takel\u012f per \u0161ventinio stalo vidur\u012f. Visi bus su\u017eav\u0117ti. Nedidel\u0117 investicija ir puikus rezultatas.<\/li>\n<li>Detal\u0117s: med\u017eiaga &#8211; stiklas.<\/li>\n<\/ul>\n<table width=\"405\">\n<tbody>\n<tr>\n<td width=\"91\">I\u0161matavimai: Ilgis 7,5 cm \/ Plotis 7,5 cm \/ Auk\u0161tis 10 cm.<\/td>\n<\/tr>\n<\/tbody>\n<\/table>\n<p>&nbsp;<\/p>\n<p>.<\/p>\n","protected":false},"excerpt":{"rendered":"<p>Skaidraus stiklo vazel\u0117 sujungta i\u0161 9 vamzdeli\u0173. \u012emerkite \u012f kiekvien\u0105 vamzdel\u012f ma\u017e\u0105 skirtingo auk\u0161\u010dio lauko g\u0117lyt\u0119 ir tur\u0117site jauki\u0105 kompozicij\u0105. Neribotos galimyb\u0117s komponuoti. \u012esigykite i\u0161 karto kelet\u0105 \u0161i\u0173 vazeli\u0173 ir sud\u0117liokite g\u0117li\u0173 takel\u012f per \u0161ventinio stalo vidur\u012f. Visi bus su\u017eav\u0117ti. Nedidel\u0117 investicija ir puikus rezultatas. Detal\u0117s: med\u017eiaga &#8211; stiklas. I\u0161matavimai: Ilgis 7,5 cm \/ Plotis &hellip; <br \/><a href=\"https:\/\/duckdeco.lt\/lt\/product\/vazele-tube-9\/\" class=\"more-link\">Continue reading <span class=\"screen-reader-text\">Vazel\u0117 \u201eTube 9\u201c<\/span><\/a><\/p>\n","protected":false},"featured_media":13630,"template":"","meta":{"_monsterinsights_skip_tracking":false,"_monsterinsights_sitenote_active":false,"_monsterinsights_sitenote_note":"","_monsterinsights_sitenote_category":0},"product_brand":[],"product_cat":[101],"product_tag":[],"class_list":{"0":"post-13625","1":"product","2":"type-product","3":"status-publish","4":"has-post-thumbnail","6":"product_cat-vazos","8":"first","9":"instock","10":"taxable","11":"shipping-taxable","12":"purchasable","13":"product-type-simple"},"_links":{"self":[{"href":"https:\/\/duckdeco.lt\/lt\/wp-json\/wp\/v2\/product\/13625","targetHints":{"allow":["GET"]}}],"collection":[{"href":"https:\/\/duckdeco.lt\/lt\/wp-json\/wp\/v2\/product"}],"about":[{"href":"https:\/\/duckdeco.lt\/lt\/wp-json\/wp\/v2\/types\/product"}],"version-history":[{"count":1,"href":"https:\/\/duckdeco.lt\/lt\/wp-json\/wp\/v2\/product\/13625\/revisions"}],"predecessor-version":[{"id":13628,"href":"https:\/\/duckdeco.lt\/lt\/wp-json\/wp\/v2\/product\/13625\/revisions\/13628"}],"wp:featuredmedia":[{"embeddable":true,"href":"https:\/\/duckdeco.lt\/lt\/wp-json\/wp\/v2\/media\/13630"}],"wp:attachment":[{"href":"https:\/\/duckdeco.lt\/lt\/wp-json\/wp\/v2\/media?parent=13625"}],"wp:term":[{"taxonomy":"product_brand","embeddable":true,"href":"https:\/\/duckdeco.lt\/lt\/wp-json\/wp\/v2\/product_brand?post=13625"},{"taxonomy":"product_cat","embeddable":true,"href":"https:\/\/duckdeco.lt\/lt\/wp-json\/wp\/v2\/product_cat?post=13625"},{"taxonomy":"product_tag","embeddable":true,"href":"https:\/\/duckdeco.lt\/lt\/wp-json\/wp\/v2\/product_tag?post=13625"}],"curies":[{"name":"wp","href":"https:\/\/api.w.org\/{rel}","templated":true}]}}