{"id":13678,"date":"2024-06-04T16:31:30","date_gmt":"2024-06-04T13:31:30","guid":{"rendered":"https:\/\/duckdeco.com\/?post_type=product&#038;p=13678"},"modified":"2025-01-27T10:39:22","modified_gmt":"2025-01-27T08:39:22","slug":"gerimu-saldymo-kibirelis-solomon","status":"publish","type":"product","link":"https:\/\/duckdeco.lt\/lt\/product\/gerimu-saldymo-kibirelis-solomon\/","title":{"rendered":"G\u0117rim\u0173 \u0161aldymo kibir\u0117lis \u201eSolomon\u201c"},"content":{"rendered":"<ul>\n<li><span class=\"HwtZe\" lang=\"lt\"><span class=\"jCAhz JxVs2d\"><span class=\"ryNqvb\">Pastatomas g\u0117rim\u0173 \u0161aldymo kibir\u0117lis i\u0161 Hazenkamp furnitures kolekcijos, alsuojantis prabanga, pasi\u017eymintis auk\u0161ta kokybe, stilingu ir eleganti\u0161ku dizainu. <\/span><\/span><\/span><\/li>\n<li><span class=\"HwtZe\" lang=\"lt\"><span class=\"jCAhz JxVs2d\"><span class=\"ryNqvb\">Idealiai tinka tiekti v\u0117sinan\u010dius g\u0117rimus renginiuose, baruose, restoranuose ar namuose vakar\u0117li\u0173 bei romanti\u0161kos vakarien\u0117s metu.<br \/>\n<\/span><\/span><\/span><\/li>\n<li><span class=\"HwtZe\" lang=\"lt\"><span class=\"HwtZe\" lang=\"lt\"><span class=\"jCAhz JxVs2d\"><span class=\"ryNqvb\">Pagamintas i\u0161 patvari\u0173 med\u017eiag\u0173 su i\u0161skirtine apdaila, puikiai atspindi prabang\u0173 bei modern\u0173 dizain\u0105. <\/span><\/span><\/span><\/span><\/li>\n<li><span class=\"HwtZe\" lang=\"lt\"><span class=\"HwtZe\" lang=\"lt\"><span class=\"jCAhz JxVs2d\"><span class=\"ryNqvb\">Detal\u0117s: med\u017eiaga &#8211; aliuminis. <\/span><\/span><\/span><\/span><\/li>\n<li><span class=\"HwtZe\" lang=\"lt\"><span class=\"HwtZe\" lang=\"lt\"><span class=\"jCAhz JxVs2d\"><span class=\"ryNqvb\">Spalva &#8211; tamsintas sidabras.<br \/>\n<\/span><\/span><\/span><\/span><\/p>\n<table width=\"405\">\n<tbody>\n<tr>\n<td width=\"91\">I\u0161matavimai: Skersmuo 12 cm \/ Auk\u0161tis\u00a0 30 cm.<\/td>\n<\/tr>\n<\/tbody>\n<\/table>\n<p>&nbsp;<\/li>\n<\/ul>\n<p>&nbsp;<\/p>\n","protected":false},"excerpt":{"rendered":"<p>Pastatomas g\u0117rim\u0173 \u0161aldymo kibir\u0117lis i\u0161 Hazenkamp furnitures kolekcijos, alsuojantis prabanga, pasi\u017eymintis auk\u0161ta kokybe, stilingu ir eleganti\u0161ku dizainu. Idealiai tinka tiekti v\u0117sinan\u010dius g\u0117rimus renginiuose, baruose, restoranuose ar namuose vakar\u0117li\u0173 bei romanti\u0161kos vakarien\u0117s metu. Pagamintas i\u0161 patvari\u0173 med\u017eiag\u0173 su i\u0161skirtine apdaila, puikiai atspindi prabang\u0173 bei modern\u0173 dizain\u0105. Detal\u0117s: med\u017eiaga &#8211; aliuminis. Spalva &#8211; tamsintas sidabras. I\u0161matavimai: Skersmuo &hellip; <br \/><a href=\"https:\/\/duckdeco.lt\/lt\/product\/gerimu-saldymo-kibirelis-solomon\/\" class=\"more-link\">Continue reading <span class=\"screen-reader-text\">G\u0117rim\u0173 \u0161aldymo kibir\u0117lis \u201eSolomon\u201c<\/span><\/a><\/p>\n","protected":false},"featured_media":13679,"template":"","meta":{"_monsterinsights_skip_tracking":false,"_monsterinsights_sitenote_active":false,"_monsterinsights_sitenote_note":"","_monsterinsights_sitenote_category":0},"product_brand":[],"product_cat":[103,109],"product_tag":[204,203,202,205],"class_list":{"0":"post-13678","1":"product","2":"type-product","3":"status-publish","4":"has-post-thumbnail","6":"product_cat-dovanu-idejos","7":"product_cat-serviravimo-indai","8":"product_tag-barams","9":"product_tag-kavinems","10":"product_tag-metalinis-gerimu-saldymo-kibirelis","11":"product_tag-restoranams","13":"first","14":"instock","15":"taxable","16":"shipping-taxable","17":"purchasable","18":"product-type-simple"},"_links":{"self":[{"href":"https:\/\/duckdeco.lt\/lt\/wp-json\/wp\/v2\/product\/13678","targetHints":{"allow":["GET"]}}],"collection":[{"href":"https:\/\/duckdeco.lt\/lt\/wp-json\/wp\/v2\/product"}],"about":[{"href":"https:\/\/duckdeco.lt\/lt\/wp-json\/wp\/v2\/types\/product"}],"version-history":[{"count":6,"href":"https:\/\/duckdeco.lt\/lt\/wp-json\/wp\/v2\/product\/13678\/revisions"}],"predecessor-version":[{"id":15017,"href":"https:\/\/duckdeco.lt\/lt\/wp-json\/wp\/v2\/product\/13678\/revisions\/15017"}],"wp:featuredmedia":[{"embeddable":true,"href":"https:\/\/duckdeco.lt\/lt\/wp-json\/wp\/v2\/media\/13679"}],"wp:attachment":[{"href":"https:\/\/duckdeco.lt\/lt\/wp-json\/wp\/v2\/media?parent=13678"}],"wp:term":[{"taxonomy":"product_brand","embeddable":true,"href":"https:\/\/duckdeco.lt\/lt\/wp-json\/wp\/v2\/product_brand?post=13678"},{"taxonomy":"product_cat","embeddable":true,"href":"https:\/\/duckdeco.lt\/lt\/wp-json\/wp\/v2\/product_cat?post=13678"},{"taxonomy":"product_tag","embeddable":true,"href":"https:\/\/duckdeco.lt\/lt\/wp-json\/wp\/v2\/product_tag?post=13678"}],"curies":[{"name":"wp","href":"https:\/\/api.w.org\/{rel}","templated":true}]}}