{"id":13691,"date":"2024-06-05T11:02:27","date_gmt":"2024-06-05T08:02:27","guid":{"rendered":"https:\/\/duckdeco.com\/?post_type=product&#038;p=13691"},"modified":"2025-01-27T10:33:52","modified_gmt":"2025-01-27T08:33:52","slug":"lauko-zvake-giant-triple-xxl","status":"publish","type":"product","link":"https:\/\/duckdeco.lt\/lt\/product\/lauko-zvake-giant-triple-xxl\/","title":{"rendered":"Lauko \u017evak\u0117 \u201eGiant triple\u201c XXL"},"content":{"rendered":"<ul>\n<li><span class=\"HwtZe\" lang=\"lt\"><span class=\"jCAhz ChMk0b\"><span class=\"ryNqvb\">\u0160ios \u017evak\u0117s pagamintos i\u0161 likutinio parafino.<\/span><\/span> <span class=\"jCAhz ChMk0b\"><span class=\"ryNqvb\">Tai parafinas, kuris i\u0161silieja arba lieka po gamybos ir yra pakartotinai naudojamas gaminti lauko \u017evakes.<\/span><\/span> <span class=\"jCAhz ChMk0b\"><span class=\"ryNqvb\">D\u0117l to spalvos gali \u0161iek tiek skirtis, tai ne gamybos klaida, o gaminio \u017eavesys.<\/span><\/span> <span class=\"jCAhz ChMk0b\"><span class=\"ryNqvb\">Itin storas dagtis, netinkamas naudoti patalpose, rei\u0161kia, kad \u0161i \u017evak\u0117 gali atlaikyti nedidel\u012f v\u0117j\u0105 ir liet\u0173, tod\u0117l ja gal\u0117site m\u0117gautis i\u0161tisus metus!<\/span><\/span><\/span><\/li>\n<li><span class=\"HwtZe\" lang=\"lt\"><span class=\"jCAhz ChMk0b\"><span class=\"ryNqvb\"> <span class=\"jCAhz JxVs2d ChMk0b\">Idealiai tinka atnaujinti savo sod\u0105 ar teras\u0105 ir suteikti daugiau atmosferos j\u016bs\u0173 vakar\u0117liams.<\/span> Ar jau esate pasiruo\u0161\u0119 ilgiems, nuostabiems vasaros vakarams?<br \/>\n<\/span><\/span><\/span><\/li>\n<li>Atminkite: <span class=\"HwtZe\" lang=\"lt\"><span class=\"jCAhz ChMk0b\"><span class=\"ryNqvb\">lauko \u017evaki\u0173 lydymosi temperat\u016bra yra tokia pati kaip ir \u012fprast\u0173 \u017evaki\u0173, <\/span><\/span><span class=\"jCAhz ChMk0b\"><span class=\"ryNqvb\">tod\u0117l b\u016bkite atsarg\u016bs, nelaikykite tiesioginiuose saul\u0117s spinduliuose ar prie degi\u0173 pavir\u0161i\u0173. <\/span><\/span><\/span><\/li>\n<li>Degimo laikas +\/- 90 val., ta\u010diau <span class=\"HwtZe\" lang=\"lt\"><span class=\"jCAhz ChMk0b\"><span class=\"ryNqvb\">oro s\u0105lygos ir met\u0173 laikas lauko \u017evaki\u0173 degimo laik\u0105 ir kokyb\u0119 reik\u0161mingai \u012ftakoja<\/span><\/span>, <span class=\"jCAhz ChMk0b\"><span class=\"ryNqvb\">nerekomenduojama deginti lauko \u017evaki\u0173 esant stipriam v\u0117jui, lietui.<br \/>\n<\/span><\/span><\/span><\/li>\n<li>Detal\u0117s: med\u017eiaga \u2013 perdirbtas parafinas.<\/li>\n<li>Spalva \u2013 \u0161viesi ruda.<br \/>\n<table width=\"405\">\n<tbody>\n<tr>\n<td width=\"91\">I\u0161matavimai: Skersmuo 15 cm \/ Auk\u0161tis 38.5 cm<\/td>\n<\/tr>\n<\/tbody>\n<\/table>\n<\/li>\n<\/ul>\n","protected":false},"excerpt":{"rendered":"<p>\u0160ios \u017evak\u0117s pagamintos i\u0161 likutinio parafino. Tai parafinas, kuris i\u0161silieja arba lieka po gamybos ir yra pakartotinai naudojamas gaminti lauko \u017evakes. D\u0117l to spalvos gali \u0161iek tiek skirtis, tai ne gamybos klaida, o gaminio \u017eavesys. Itin storas dagtis, netinkamas naudoti patalpose, rei\u0161kia, kad \u0161i \u017evak\u0117 gali atlaikyti nedidel\u012f v\u0117j\u0105 ir liet\u0173, tod\u0117l ja gal\u0117site m\u0117gautis &hellip; <br \/><a href=\"https:\/\/duckdeco.lt\/lt\/product\/lauko-zvake-giant-triple-xxl\/\" class=\"more-link\">Continue reading <span class=\"screen-reader-text\">Lauko \u017evak\u0117 \u201eGiant triple\u201c XXL<\/span><\/a><\/p>\n","protected":false},"featured_media":13692,"template":"","meta":{"_monsterinsights_skip_tracking":false,"_monsterinsights_sitenote_active":false,"_monsterinsights_sitenote_note":"","_monsterinsights_sitenote_category":0},"product_brand":[],"product_cat":[144],"product_tag":[424,200,425],"class_list":{"0":"post-13691","1":"product","2":"type-product","3":"status-publish","4":"has-post-thumbnail","6":"product_cat-zvakes","7":"product_tag-ilgas-degimo-laikas","8":"product_tag-lauko-zvake","9":"product_tag-perdirbtas-parafinas","11":"first","12":"instock","13":"taxable","14":"shipping-taxable","15":"purchasable","16":"product-type-simple"},"_links":{"self":[{"href":"https:\/\/duckdeco.lt\/lt\/wp-json\/wp\/v2\/product\/13691","targetHints":{"allow":["GET"]}}],"collection":[{"href":"https:\/\/duckdeco.lt\/lt\/wp-json\/wp\/v2\/product"}],"about":[{"href":"https:\/\/duckdeco.lt\/lt\/wp-json\/wp\/v2\/types\/product"}],"version-history":[{"count":4,"href":"https:\/\/duckdeco.lt\/lt\/wp-json\/wp\/v2\/product\/13691\/revisions"}],"predecessor-version":[{"id":15014,"href":"https:\/\/duckdeco.lt\/lt\/wp-json\/wp\/v2\/product\/13691\/revisions\/15014"}],"wp:featuredmedia":[{"embeddable":true,"href":"https:\/\/duckdeco.lt\/lt\/wp-json\/wp\/v2\/media\/13692"}],"wp:attachment":[{"href":"https:\/\/duckdeco.lt\/lt\/wp-json\/wp\/v2\/media?parent=13691"}],"wp:term":[{"taxonomy":"product_brand","embeddable":true,"href":"https:\/\/duckdeco.lt\/lt\/wp-json\/wp\/v2\/product_brand?post=13691"},{"taxonomy":"product_cat","embeddable":true,"href":"https:\/\/duckdeco.lt\/lt\/wp-json\/wp\/v2\/product_cat?post=13691"},{"taxonomy":"product_tag","embeddable":true,"href":"https:\/\/duckdeco.lt\/lt\/wp-json\/wp\/v2\/product_tag?post=13691"}],"curies":[{"name":"wp","href":"https:\/\/api.w.org\/{rel}","templated":true}]}}