{"id":13697,"date":"2024-06-06T09:07:22","date_gmt":"2024-06-06T06:07:22","guid":{"rendered":"https:\/\/duckdeco.com\/?post_type=product&#038;p=13697"},"modified":"2024-12-04T11:35:21","modified_gmt":"2024-12-04T09:35:21","slug":"nuotraukos-remelis-1520-cm","status":"publish","type":"product","link":"https:\/\/duckdeco.lt\/lt\/product\/nuotraukos-remelis-1520-cm\/","title":{"rendered":"Nuotraukos r\u0117melis 15*20 cm"},"content":{"rendered":"<ul>\n<li><span class=\"HwtZe\" lang=\"lt\"><span class=\"HwtZe\" lang=\"lt\"><span class=\"jCAhz JxVs2d ChMk0b\"><span class=\"ryNqvb\">\u012er\u0117minkite savo prisiminimus ir sukurkite harmoning\u0105 aplink\u0105 savo namuose, nat\u016bralios medienos, <span class=\"x193iq5w xeuugli x13faqbe x1vvkbs x1xmvt09 x1lliihq x1s928wv xhkezso x1gmr53x x1cpjm7i x1fgarty x1943h6x xudqn12 x3x7a5m x6prxxf xvq8zen xo1l8bm xzsf02u x1yc453h\" dir=\"auto\">Mars &amp; More prek\u0117s \u017eenklo nuotrauk\u0173 r\u0117melis tiks bet kokiam interjero stiliui. Yra dviej\u0173 skirting\u0173 dyd\u017ei\u0173.<br \/>\n<\/span><\/span><\/span><\/span><\/span><\/li>\n<li><span class=\"HwtZe\" lang=\"lt\"><span class=\"HwtZe\" lang=\"lt\"><span class=\"jCAhz JxVs2d ChMk0b\"><span class=\"ryNqvb\"><span class=\"x193iq5w xeuugli x13faqbe x1vvkbs x1xmvt09 x1lliihq x1s928wv xhkezso x1gmr53x x1cpjm7i x1fgarty x1943h6x xudqn12 x3x7a5m x6prxxf xvq8zen xo1l8bm xzsf02u x1yc453h\" dir=\"auto\">Detal\u0117s: med\u017eiaga &#8211; mediena (MDF) \/ stiklas.<br \/>\n<\/span><\/span><\/span><\/span><\/span><\/li>\n<li><span class=\"HwtZe\" lang=\"lt\"><span class=\"HwtZe\" lang=\"lt\"><span class=\"jCAhz JxVs2d ChMk0b\"><span class=\"ryNqvb\"><span class=\"x193iq5w xeuugli x13faqbe x1vvkbs x1xmvt09 x1lliihq x1s928wv xhkezso x1gmr53x x1cpjm7i x1fgarty x1943h6x xudqn12 x3x7a5m x6prxxf xvq8zen xo1l8bm xzsf02u x1yc453h\" dir=\"auto\">Spalva \u2013 ruda.<br \/>\n<\/span><\/span><\/span><\/span><\/span><\/p>\n<table width=\"405\">\n<tbody>\n<tr>\n<td width=\"91\">I\u0161matavimai: Ilgis 21 cm \/ Plotis 2 cm Auk\u0161tis 26 cm.<\/td>\n<\/tr>\n<\/tbody>\n<\/table>\n<p><span class=\"HwtZe\" lang=\"lt\"><span class=\"jCAhz JxVs2d ChMk0b\"><span class=\"ryNqvb\">\u00a0<\/span><\/span><\/span><\/li>\n<\/ul>\n","protected":false},"excerpt":{"rendered":"<p>\u012er\u0117minkite savo prisiminimus ir sukurkite harmoning\u0105 aplink\u0105 savo namuose, nat\u016bralios medienos, Mars &amp; More prek\u0117s \u017eenklo nuotrauk\u0173 r\u0117melis tiks bet kokiam interjero stiliui. Yra dviej\u0173 skirting\u0173 dyd\u017ei\u0173. Detal\u0117s: med\u017eiaga &#8211; mediena (MDF) \/ stiklas. Spalva \u2013 ruda. I\u0161matavimai: Ilgis 21 cm \/ Plotis 2 cm Auk\u0161tis 26 cm. \u00a0<\/p>\n","protected":false},"featured_media":13698,"template":"","meta":{"_monsterinsights_skip_tracking":false,"_monsterinsights_sitenote_active":false,"_monsterinsights_sitenote_note":"","_monsterinsights_sitenote_category":0},"product_brand":[],"product_cat":[103,95,143],"product_tag":[331,330],"class_list":{"0":"post-13697","1":"product","2":"type-product","3":"status-publish","4":"has-post-thumbnail","6":"product_cat-dovanu-idejos","7":"product_cat-interjerui","8":"product_cat-paveikslai","9":"product_tag-interjero-detale","10":"product_tag-nuotraukos-remelis","12":"first","13":"instock","14":"taxable","15":"shipping-taxable","16":"purchasable","17":"product-type-simple"},"_links":{"self":[{"href":"https:\/\/duckdeco.lt\/lt\/wp-json\/wp\/v2\/product\/13697","targetHints":{"allow":["GET"]}}],"collection":[{"href":"https:\/\/duckdeco.lt\/lt\/wp-json\/wp\/v2\/product"}],"about":[{"href":"https:\/\/duckdeco.lt\/lt\/wp-json\/wp\/v2\/types\/product"}],"version-history":[{"count":2,"href":"https:\/\/duckdeco.lt\/lt\/wp-json\/wp\/v2\/product\/13697\/revisions"}],"predecessor-version":[{"id":13707,"href":"https:\/\/duckdeco.lt\/lt\/wp-json\/wp\/v2\/product\/13697\/revisions\/13707"}],"wp:featuredmedia":[{"embeddable":true,"href":"https:\/\/duckdeco.lt\/lt\/wp-json\/wp\/v2\/media\/13698"}],"wp:attachment":[{"href":"https:\/\/duckdeco.lt\/lt\/wp-json\/wp\/v2\/media?parent=13697"}],"wp:term":[{"taxonomy":"product_brand","embeddable":true,"href":"https:\/\/duckdeco.lt\/lt\/wp-json\/wp\/v2\/product_brand?post=13697"},{"taxonomy":"product_cat","embeddable":true,"href":"https:\/\/duckdeco.lt\/lt\/wp-json\/wp\/v2\/product_cat?post=13697"},{"taxonomy":"product_tag","embeddable":true,"href":"https:\/\/duckdeco.lt\/lt\/wp-json\/wp\/v2\/product_tag?post=13697"}],"curies":[{"name":"wp","href":"https:\/\/api.w.org\/{rel}","templated":true}]}}