{"id":13737,"date":"2024-09-19T13:36:02","date_gmt":"2024-09-19T10:36:02","guid":{"rendered":"https:\/\/duckdeco.lt\/?post_type=product&#038;p=13737"},"modified":"2026-03-07T13:04:49","modified_gmt":"2026-03-07T11:04:49","slug":"vaza-pavasaris","status":"publish","type":"product","link":"https:\/\/duckdeco.lt\/lt\/product\/vaza-pavasaris\/","title":{"rendered":"Vaza \u201cSophia I\u201e"},"content":{"rendered":"<ul>\n<li><span class=\"HwtZe\" lang=\"lt\"><span class=\"jCAhz ChMk0b\"><span class=\"ryNqvb\">Sophia vazoje i\u0161 Floran Bela Arte kolekcijos galite pamatyti daugiakult\u016br\u0119 visuomen\u0119 su nuostabiu spalv\u0173 deriniu.<\/span><\/span> <span class=\"jCAhz ChMk0b\"><span class=\"ryNqvb\">Labai madinga, ak\u012f traukianti ir u\u017epildyta, ir tu\u0161\u010dia!<\/span><\/span><\/span> Modernaus bet kartu ir subtilaus dizaino.<\/li>\n<li>Tarpusavyje deran\u010dios spalvos, \u012fne\u0161 jaukumo ir \u0161viesos J\u016bs\u0173 namams. Ir \u017einoma puikiai tiks kaip dovana mamai, draugei ir kt,.<\/li>\n<li>Detal\u0117s: med\u017eiaga &#8211; stiklas.<\/li>\n<li>Spalva &#8211; geltona, ro\u017ein\u0117, m\u0117lyna.<br \/>\n<table width=\"405\">\n<tbody>\n<tr>\n<td width=\"91\">I\u0161matavimai: Auk\u0161tis 27 cm \/ Skersmuo 15 cm.<\/td>\n<\/tr>\n<\/tbody>\n<\/table>\n<p>&nbsp;<\/li>\n<\/ul>\n","protected":false},"excerpt":{"rendered":"<p>Sophia vazoje i\u0161 Floran Bela Arte kolekcijos galite pamatyti daugiakult\u016br\u0119 visuomen\u0119 su nuostabiu spalv\u0173 deriniu. Labai madinga, ak\u012f traukianti ir u\u017epildyta, ir tu\u0161\u010dia! Modernaus bet kartu ir subtilaus dizaino. Tarpusavyje deran\u010dios spalvos, \u012fne\u0161 jaukumo ir \u0161viesos J\u016bs\u0173 namams. Ir \u017einoma puikiai tiks kaip dovana mamai, draugei ir kt,. Detal\u0117s: med\u017eiaga &#8211; stiklas. Spalva &#8211; geltona, &hellip; <br \/><a href=\"https:\/\/duckdeco.lt\/lt\/product\/vaza-pavasaris\/\" class=\"more-link\">Continue reading <span class=\"screen-reader-text\">Vaza \u201cSophia I\u201e<\/span><\/a><\/p>\n","protected":false},"featured_media":13738,"template":"","meta":{"_monsterinsights_skip_tracking":false,"_monsterinsights_sitenote_active":false,"_monsterinsights_sitenote_note":"","_monsterinsights_sitenote_category":0},"product_brand":[],"product_cat":[103,122,101],"product_tag":[501],"class_list":{"0":"post-13737","1":"product","2":"type-product","3":"status-publish","4":"has-post-thumbnail","6":"product_cat-dovanu-idejos","7":"product_cat-ispardavimas","8":"product_cat-vazos","9":"product_tag-spalvoto-stiklo-vaza","11":"first","12":"instock","13":"sale","14":"taxable","15":"shipping-taxable","16":"purchasable","17":"product-type-simple"},"_links":{"self":[{"href":"https:\/\/duckdeco.lt\/lt\/wp-json\/wp\/v2\/product\/13737","targetHints":{"allow":["GET"]}}],"collection":[{"href":"https:\/\/duckdeco.lt\/lt\/wp-json\/wp\/v2\/product"}],"about":[{"href":"https:\/\/duckdeco.lt\/lt\/wp-json\/wp\/v2\/types\/product"}],"version-history":[{"count":6,"href":"https:\/\/duckdeco.lt\/lt\/wp-json\/wp\/v2\/product\/13737\/revisions"}],"predecessor-version":[{"id":15839,"href":"https:\/\/duckdeco.lt\/lt\/wp-json\/wp\/v2\/product\/13737\/revisions\/15839"}],"wp:featuredmedia":[{"embeddable":true,"href":"https:\/\/duckdeco.lt\/lt\/wp-json\/wp\/v2\/media\/13738"}],"wp:attachment":[{"href":"https:\/\/duckdeco.lt\/lt\/wp-json\/wp\/v2\/media?parent=13737"}],"wp:term":[{"taxonomy":"product_brand","embeddable":true,"href":"https:\/\/duckdeco.lt\/lt\/wp-json\/wp\/v2\/product_brand?post=13737"},{"taxonomy":"product_cat","embeddable":true,"href":"https:\/\/duckdeco.lt\/lt\/wp-json\/wp\/v2\/product_cat?post=13737"},{"taxonomy":"product_tag","embeddable":true,"href":"https:\/\/duckdeco.lt\/lt\/wp-json\/wp\/v2\/product_tag?post=13737"}],"curies":[{"name":"wp","href":"https:\/\/api.w.org\/{rel}","templated":true}]}}