{"id":14707,"date":"2024-11-26T15:44:24","date_gmt":"2024-11-26T13:44:24","guid":{"rendered":"https:\/\/duckdeco.lt\/?post_type=product&#038;p=14707"},"modified":"2025-01-27T09:58:34","modified_gmt":"2025-01-27T07:58:34","slug":"desertu-stovas-30-cm","status":"publish","type":"product","link":"https:\/\/duckdeco.lt\/lt\/product\/desertu-stovas-30-cm\/","title":{"rendered":"Desert\u0173 stovas 30 cm"},"content":{"rendered":"<div class=\"detailed-container\">\n<div class=\"description-container desktop\">\n<div class=\"content\">\n<ul>\n<li>\u0160is eleganti\u0161kas desert\u0173 stovas, suteiks i\u0161skirtin\u012f \u017eaves\u012f j\u016bs\u0173 stalo serviruotei. Puikiai tinka pyragams, desertams ir kepiniams eksponuoti, jis taps tikru kiekvienos \u0161vent\u0117s akcentu.<\/li>\n<li>Tinka tiek ypatingoms progoms, tiek kasdieniams malonumams, \u0161is indas sujungia gro\u017e\u012f ir funkcionalum\u0105.<\/li>\n<li>Detal\u0117s: med\u017eiaga &#8211; metalas.<\/li>\n<li>Spalva &#8211; aukso.<br \/>\n<table width=\"405\">\n<tbody>\n<tr>\n<td width=\"91\">I\u0161matavimai: Skersmuo 30 cm<\/td>\n<\/tr>\n<\/tbody>\n<\/table>\n<\/li>\n<\/ul>\n<\/div>\n<\/div>\n<\/div>\n<div class=\"extra-description-container\">\n<div class=\"list\"><\/div>\n<\/div>\n","protected":false},"excerpt":{"rendered":"<p>\u0160is eleganti\u0161kas desert\u0173 stovas, suteiks i\u0161skirtin\u012f \u017eaves\u012f j\u016bs\u0173 stalo serviruotei. Puikiai tinka pyragams, desertams ir kepiniams eksponuoti, jis taps tikru kiekvienos \u0161vent\u0117s akcentu. Tinka tiek ypatingoms progoms, tiek kasdieniams malonumams, \u0161is indas sujungia gro\u017e\u012f ir funkcionalum\u0105. Detal\u0117s: med\u017eiaga &#8211; metalas. Spalva &#8211; aukso. I\u0161matavimai: Skersmuo 30 cm<\/p>\n","protected":false},"featured_media":14708,"template":"","meta":{"_monsterinsights_skip_tracking":false,"_monsterinsights_sitenote_active":false,"_monsterinsights_sitenote_note":"","_monsterinsights_sitenote_category":0},"product_brand":[],"product_cat":[109],"product_tag":[470,500,469],"class_list":{"0":"post-14707","1":"product","2":"type-product","3":"status-publish","4":"has-post-thumbnail","6":"product_cat-serviravimo-indai","7":"product_tag-desertu-serviravimui","8":"product_tag-stovas-desertams","9":"product_tag-sventiniam-stalui","11":"first","12":"instock","13":"taxable","14":"shipping-taxable","15":"purchasable","16":"product-type-simple"},"_links":{"self":[{"href":"https:\/\/duckdeco.lt\/lt\/wp-json\/wp\/v2\/product\/14707","targetHints":{"allow":["GET"]}}],"collection":[{"href":"https:\/\/duckdeco.lt\/lt\/wp-json\/wp\/v2\/product"}],"about":[{"href":"https:\/\/duckdeco.lt\/lt\/wp-json\/wp\/v2\/types\/product"}],"version-history":[{"count":2,"href":"https:\/\/duckdeco.lt\/lt\/wp-json\/wp\/v2\/product\/14707\/revisions"}],"predecessor-version":[{"id":14715,"href":"https:\/\/duckdeco.lt\/lt\/wp-json\/wp\/v2\/product\/14707\/revisions\/14715"}],"wp:featuredmedia":[{"embeddable":true,"href":"https:\/\/duckdeco.lt\/lt\/wp-json\/wp\/v2\/media\/14708"}],"wp:attachment":[{"href":"https:\/\/duckdeco.lt\/lt\/wp-json\/wp\/v2\/media?parent=14707"}],"wp:term":[{"taxonomy":"product_brand","embeddable":true,"href":"https:\/\/duckdeco.lt\/lt\/wp-json\/wp\/v2\/product_brand?post=14707"},{"taxonomy":"product_cat","embeddable":true,"href":"https:\/\/duckdeco.lt\/lt\/wp-json\/wp\/v2\/product_cat?post=14707"},{"taxonomy":"product_tag","embeddable":true,"href":"https:\/\/duckdeco.lt\/lt\/wp-json\/wp\/v2\/product_tag?post=14707"}],"curies":[{"name":"wp","href":"https:\/\/api.w.org\/{rel}","templated":true}]}}