{"id":14767,"date":"2024-12-03T11:35:04","date_gmt":"2024-12-03T09:35:04","guid":{"rendered":"https:\/\/duckdeco.lt\/?post_type=product&#038;p=14767"},"modified":"2025-01-27T09:56:45","modified_gmt":"2025-01-27T07:56:45","slug":"pastatomas-veidrodis","status":"publish","type":"product","link":"https:\/\/duckdeco.lt\/lt\/product\/pastatomas-veidrodis\/","title":{"rendered":"Pastatomas veidrodis"},"content":{"rendered":"<ul>\n<li><span class=\"HwtZe\" lang=\"lt\"><span class=\"jCAhz ChMk0b\"><span class=\"ryNqvb\">\u00a0Veidrodis i\u0161 Diga by Colmore kolekcijos, unikalus ir eleganti\u0161kas bet kokio nam\u0173 dekoro priedas. \u0160is veidrodis puikiai tinka persirengimo kambariui, miegamajam ar prie\u0161kambariui.\u00a0 <\/span><\/span> <\/span><\/li>\n<li><span class=\"HwtZe\" lang=\"lt\"><span class=\"jCAhz ChMk0b\"><span class=\"ryNqvb\">Subtiliai pakabintas ant kabliuko stovo, kuris sukuria u\u017eburiant\u012f vizualin\u012f efekt\u0105.<\/span><\/span> <span class=\"jCAhz ChMk0b\"><span class=\"ryNqvb\">Aptak\u0173 ir modern\u0173 dizain\u0105 papildo prabangus marmurinis pagrindas. <\/span><\/span><\/span><\/li>\n<li><span class=\"HwtZe\" lang=\"lt\"><span class=\"jCAhz ChMk0b\"><span class=\"ryNqvb\">Detal\u0117s: med\u017eiaga &#8211; metalas \/ marmuras. <\/span><\/span><\/span><\/li>\n<li><span class=\"HwtZe\" lang=\"lt\"><span class=\"HwtZe\" lang=\"lt\"><span class=\"jCAhz ChMk0b\"><span class=\"ryNqvb\">Spalva &#8211; aukso\/ juoda \/ balta.<\/span><\/span><\/span><\/span><br \/>\n<table style=\"height: 78px;\" width=\"455\">\n<tbody>\n<tr>\n<td width=\"91\">I\u0161matavimai: Ilgis 20 cm \/ Plotis 9 cm \/ Auk\u0161tis 48 cm.<\/td>\n<\/tr>\n<\/tbody>\n<\/table>\n<p>&nbsp;<\/p>\n<p><span class=\"HwtZe\" lang=\"lt\"><span class=\"jCAhz ChMk0b\"><span class=\"ryNqvb\">\u00a0<\/span><\/span><\/span><\/li>\n<\/ul>\n","protected":false},"excerpt":{"rendered":"<p>\u00a0Veidrodis i\u0161 Diga by Colmore kolekcijos, unikalus ir eleganti\u0161kas bet kokio nam\u0173 dekoro priedas. \u0160is veidrodis puikiai tinka persirengimo kambariui, miegamajam ar prie\u0161kambariui.\u00a0 Subtiliai pakabintas ant kabliuko stovo, kuris sukuria u\u017eburiant\u012f vizualin\u012f efekt\u0105. Aptak\u0173 ir modern\u0173 dizain\u0105 papildo prabangus marmurinis pagrindas. Detal\u0117s: med\u017eiaga &#8211; metalas \/ marmuras. Spalva &#8211; aukso\/ juoda \/ balta. I\u0161matavimai: Ilgis &hellip; <br \/><a href=\"https:\/\/duckdeco.lt\/lt\/product\/pastatomas-veidrodis\/\" class=\"more-link\">Continue reading <span class=\"screen-reader-text\">Pastatomas veidrodis<\/span><\/a><\/p>\n","protected":false},"featured_media":14768,"template":"","meta":{"_monsterinsights_skip_tracking":false,"_monsterinsights_sitenote_active":false,"_monsterinsights_sitenote_note":"","_monsterinsights_sitenote_category":0},"product_brand":[],"product_cat":[95,118],"product_tag":[498,409,410,499],"class_list":{"0":"post-14767","1":"product","2":"type-product","3":"status-publish","4":"has-post-thumbnail","6":"product_cat-interjerui","7":"product_cat-veidrodziai","8":"product_tag-kosmetinis-veidrodis","9":"product_tag-marmuro-pagrindas","10":"product_tag-stilinga-interjero-detale","11":"product_tag-veidrodis-pastatomas","13":"first","14":"instock","15":"taxable","16":"shipping-taxable","17":"purchasable","18":"product-type-simple"},"_links":{"self":[{"href":"https:\/\/duckdeco.lt\/lt\/wp-json\/wp\/v2\/product\/14767","targetHints":{"allow":["GET"]}}],"collection":[{"href":"https:\/\/duckdeco.lt\/lt\/wp-json\/wp\/v2\/product"}],"about":[{"href":"https:\/\/duckdeco.lt\/lt\/wp-json\/wp\/v2\/types\/product"}],"version-history":[{"count":2,"href":"https:\/\/duckdeco.lt\/lt\/wp-json\/wp\/v2\/product\/14767\/revisions"}],"predecessor-version":[{"id":14888,"href":"https:\/\/duckdeco.lt\/lt\/wp-json\/wp\/v2\/product\/14767\/revisions\/14888"}],"wp:featuredmedia":[{"embeddable":true,"href":"https:\/\/duckdeco.lt\/lt\/wp-json\/wp\/v2\/media\/14768"}],"wp:attachment":[{"href":"https:\/\/duckdeco.lt\/lt\/wp-json\/wp\/v2\/media?parent=14767"}],"wp:term":[{"taxonomy":"product_brand","embeddable":true,"href":"https:\/\/duckdeco.lt\/lt\/wp-json\/wp\/v2\/product_brand?post=14767"},{"taxonomy":"product_cat","embeddable":true,"href":"https:\/\/duckdeco.lt\/lt\/wp-json\/wp\/v2\/product_cat?post=14767"},{"taxonomy":"product_tag","embeddable":true,"href":"https:\/\/duckdeco.lt\/lt\/wp-json\/wp\/v2\/product_tag?post=14767"}],"curies":[{"name":"wp","href":"https:\/\/api.w.org\/{rel}","templated":true}]}}