{"id":14777,"date":"2024-12-03T12:47:55","date_gmt":"2024-12-03T10:47:55","guid":{"rendered":"https:\/\/duckdeco.lt\/?post_type=product&#038;p=14777"},"modified":"2025-01-23T16:04:44","modified_gmt":"2025-01-23T14:04:44","slug":"zvakide-nami","status":"publish","type":"product","link":"https:\/\/duckdeco.lt\/lt\/product\/zvakide-nami\/","title":{"rendered":"\u017dvakid\u0117 &#8211; Nami"},"content":{"rendered":"<ul>\n<li><span class=\"HwtZe\" lang=\"lt\"><span class=\"jCAhz ChMk0b\"><span class=\"ryNqvb\">Nami \u017evakid\u0117 i\u0161 Broste Copenhagen yra nauja klasikin\u0117s keturi\u0173 \u0161ak\u0173 \u017evakid\u0117s interpretacija.<\/span><\/span> <span class=\"jCAhz ChMk0b\"><span class=\"ryNqvb\">Ji pasi\u017eymi paprasta ir minimalistine i\u0161rai\u0161ka, kuri puikiai dera prie skandinavi\u0161ko interjero. <\/span><\/span><\/span><\/li>\n<li><span class=\"HwtZe\" lang=\"lt\"><span class=\"jCAhz ChMk0b\"><span class=\"ryNqvb\">Detal\u0117s: med\u017eiaga &#8211; gele\u017eis. <\/span><\/span><\/span><\/li>\n<li><span class=\"HwtZe\" lang=\"lt\"><span class=\"HwtZe\" lang=\"lt\"><span class=\"jCAhz ChMk0b\"><span class=\"ryNqvb\">Spalva &#8211; \u0161okoladin\u0117 ruda.<br \/>\n<\/span><\/span><\/span><\/span><\/p>\n<table width=\"405\">\n<tbody>\n<tr>\n<td width=\"91\">I\u0161matavimai: Gylis 27 cm \/ Auk\u0161tis 16 cm<\/td>\n<\/tr>\n<\/tbody>\n<\/table>\n<\/li>\n<\/ul>\n<div class=\"lRu31\" dir=\"ltr\">\n<div class=\"OvtS8d\"><\/div>\n<div id=\"ow43\"><\/div>\n<\/div>\n<div class=\"UdTY9 WdefRb\" aria-hidden=\"true\" data-location=\"2\">\n<div class=\"kO6q6e\"><\/div>\n<\/div>\n","protected":false},"excerpt":{"rendered":"<p>Nami \u017evakid\u0117 i\u0161 Broste Copenhagen yra nauja klasikin\u0117s keturi\u0173 \u0161ak\u0173 \u017evakid\u0117s interpretacija. Ji pasi\u017eymi paprasta ir minimalistine i\u0161rai\u0161ka, kuri puikiai dera prie skandinavi\u0161ko interjero. Detal\u0117s: med\u017eiaga &#8211; gele\u017eis. Spalva &#8211; \u0161okoladin\u0117 ruda. I\u0161matavimai: Gylis 27 cm \/ Auk\u0161tis 16 cm<\/p>\n","protected":false},"featured_media":14778,"template":"","meta":{"_monsterinsights_skip_tracking":false,"_monsterinsights_sitenote_active":false,"_monsterinsights_sitenote_note":"","_monsterinsights_sitenote_category":0},"product_brand":[],"product_cat":[95,107],"product_tag":[467,496,452],"class_list":{"0":"post-14777","1":"product","2":"type-product","3":"status-publish","4":"has-post-thumbnail","6":"product_cat-interjerui","7":"product_cat-stilingos-zvakides-zvakes","8":"product_tag-gelezine-zvakide","9":"product_tag-zvakide-keturioms-zvakems","10":"product_tag-zvakiu-laikiklis","12":"first","13":"instock","14":"taxable","15":"shipping-taxable","16":"purchasable","17":"product-type-simple"},"_links":{"self":[{"href":"https:\/\/duckdeco.lt\/lt\/wp-json\/wp\/v2\/product\/14777","targetHints":{"allow":["GET"]}}],"collection":[{"href":"https:\/\/duckdeco.lt\/lt\/wp-json\/wp\/v2\/product"}],"about":[{"href":"https:\/\/duckdeco.lt\/lt\/wp-json\/wp\/v2\/types\/product"}],"version-history":[{"count":1,"href":"https:\/\/duckdeco.lt\/lt\/wp-json\/wp\/v2\/product\/14777\/revisions"}],"predecessor-version":[{"id":14780,"href":"https:\/\/duckdeco.lt\/lt\/wp-json\/wp\/v2\/product\/14777\/revisions\/14780"}],"wp:featuredmedia":[{"embeddable":true,"href":"https:\/\/duckdeco.lt\/lt\/wp-json\/wp\/v2\/media\/14778"}],"wp:attachment":[{"href":"https:\/\/duckdeco.lt\/lt\/wp-json\/wp\/v2\/media?parent=14777"}],"wp:term":[{"taxonomy":"product_brand","embeddable":true,"href":"https:\/\/duckdeco.lt\/lt\/wp-json\/wp\/v2\/product_brand?post=14777"},{"taxonomy":"product_cat","embeddable":true,"href":"https:\/\/duckdeco.lt\/lt\/wp-json\/wp\/v2\/product_cat?post=14777"},{"taxonomy":"product_tag","embeddable":true,"href":"https:\/\/duckdeco.lt\/lt\/wp-json\/wp\/v2\/product_tag?post=14777"}],"curies":[{"name":"wp","href":"https:\/\/api.w.org\/{rel}","templated":true}]}}