{"id":14782,"date":"2024-12-03T13:28:12","date_gmt":"2024-12-03T11:28:12","guid":{"rendered":"https:\/\/duckdeco.lt\/?post_type=product&#038;p=14782"},"modified":"2026-01-21T08:06:55","modified_gmt":"2026-01-21T06:06:55","slug":"zvakiu-gesintuvas","status":"publish","type":"product","link":"https:\/\/duckdeco.lt\/lt\/product\/zvakiu-gesintuvas\/","title":{"rendered":"\u017dvaki\u0173 gesintuvas"},"content":{"rendered":"<ul>\n<li>Ner\u016bdijan\u010dio plieno \u017evaki\u0173 gesintuvas, dekoruotas rago rankena, eleganti\u0161kas ir prakti\u0161kas aksesuaras namams ar restoranams.<\/li>\n<li>Spalva &#8211; ruda.<br \/>\n<table style=\"height: 75px;\" width=\"434\">\n<tbody>\n<tr>\n<td width=\"91\">I\u0161matavimai: Ilgis 30 cm \/ plotis 4 cm \/ auk\u0161tis 5 cm<\/td>\n<\/tr>\n<\/tbody>\n<\/table>\n<\/li>\n<\/ul>\n","protected":false},"excerpt":{"rendered":"<p>Ner\u016bdijan\u010dio plieno \u017evaki\u0173 gesintuvas, dekoruotas rago rankena, eleganti\u0161kas ir prakti\u0161kas aksesuaras namams ar restoranams. Spalva &#8211; ruda. I\u0161matavimai: Ilgis 30 cm \/ plotis 4 cm \/ auk\u0161tis 5 cm<\/p>\n","protected":false},"featured_media":14783,"template":"","meta":{"_monsterinsights_skip_tracking":false,"_monsterinsights_sitenote_active":false,"_monsterinsights_sitenote_note":"","_monsterinsights_sitenote_category":0},"product_brand":[],"product_cat":[144],"product_tag":[203,495,205,465],"class_list":{"0":"post-14782","1":"product","2":"type-product","3":"status-publish","4":"has-post-thumbnail","6":"product_cat-zvakes","7":"product_tag-kavinems","8":"product_tag-nerudijantis-plienas","9":"product_tag-restoranams","10":"product_tag-zvakiu-prieziura","12":"first","13":"instock","14":"taxable","15":"shipping-taxable","16":"purchasable","17":"product-type-simple"},"_links":{"self":[{"href":"https:\/\/duckdeco.lt\/lt\/wp-json\/wp\/v2\/product\/14782","targetHints":{"allow":["GET"]}}],"collection":[{"href":"https:\/\/duckdeco.lt\/lt\/wp-json\/wp\/v2\/product"}],"about":[{"href":"https:\/\/duckdeco.lt\/lt\/wp-json\/wp\/v2\/types\/product"}],"version-history":[{"count":1,"href":"https:\/\/duckdeco.lt\/lt\/wp-json\/wp\/v2\/product\/14782\/revisions"}],"predecessor-version":[{"id":14784,"href":"https:\/\/duckdeco.lt\/lt\/wp-json\/wp\/v2\/product\/14782\/revisions\/14784"}],"wp:featuredmedia":[{"embeddable":true,"href":"https:\/\/duckdeco.lt\/lt\/wp-json\/wp\/v2\/media\/14783"}],"wp:attachment":[{"href":"https:\/\/duckdeco.lt\/lt\/wp-json\/wp\/v2\/media?parent=14782"}],"wp:term":[{"taxonomy":"product_brand","embeddable":true,"href":"https:\/\/duckdeco.lt\/lt\/wp-json\/wp\/v2\/product_brand?post=14782"},{"taxonomy":"product_cat","embeddable":true,"href":"https:\/\/duckdeco.lt\/lt\/wp-json\/wp\/v2\/product_cat?post=14782"},{"taxonomy":"product_tag","embeddable":true,"href":"https:\/\/duckdeco.lt\/lt\/wp-json\/wp\/v2\/product_tag?post=14782"}],"curies":[{"name":"wp","href":"https:\/\/api.w.org\/{rel}","templated":true}]}}