{"id":15088,"date":"2025-02-03T10:58:27","date_gmt":"2025-02-03T08:58:27","guid":{"rendered":"https:\/\/duckdeco.lt\/?post_type=product&#038;p=15088"},"modified":"2025-11-17T14:41:53","modified_gmt":"2025-11-17T12:41:53","slug":"zvakide-leo","status":"publish","type":"product","link":"https:\/\/duckdeco.lt\/lt\/product\/zvakide-leo\/","title":{"rendered":"\u017dvakid\u0117 Leo"},"content":{"rendered":"<ul>\n<li dir=\"ltr\">Laukin\u0117s gamtos paslaptingumas, didyb\u0117, \u0161is \u017evaki\u0173 laikiklis, kur\u012f puo\u0161ia leopardas savoti\u0161kas ki\u010dinis interjero akcentas. Neabejotinai trauks ak\u012f, bet kurioje nam\u0173 erdv\u0117je, tai ne tik savo funkcij\u0105 atliekantis k\u016brinys, bet ir \u017eavi detal\u0117 J\u016bs\u0173 namams, arba puiki dovana.<\/li>\n<li dir=\"ltr\">Detal\u0117s: med\u017eiaga &#8211; polirezinas.<\/li>\n<li dir=\"ltr\">Spalva &#8211; \u012fvairiaspalvis.<\/li>\n<\/ul>\n<div dir=\"ltr\">\n<table width=\"405\">\n<tbody>\n<tr>\n<td width=\"91\">I\u0161matavimai: Plotis 11 cm \/ Auk\u0161tis 33 cm.<\/td>\n<\/tr>\n<\/tbody>\n<\/table>\n<p>&nbsp;<\/p>\n<\/div>\n<div class=\"UdTY9 WdefRb\" aria-hidden=\"true\" data-location=\"2\">\n<div class=\"kO6q6e\"><\/div>\n<\/div>\n<div class=\"XL3Kf XExWNc\">\n<div class=\"a8FIud X0rvP\">\n<div data-show-delay-ms=\"250\" data-append-to-body=\"false\" data-propagate-tooltip-mouseover-events=\"true\" data-anchor-corner=\"bottom-end\" data-enable-skip-handler=\"true\" data-popup-corner=\"top-end\">\n<div class=\"dig2sb\"><\/div>\n<\/div>\n<\/div>\n<\/div>\n<div class=\"XL3Kf XExWNc\">\n<div class=\"a8FIud X0rvP\">\n<div data-show-delay-ms=\"250\" data-append-to-body=\"false\" data-propagate-tooltip-mouseover-events=\"true\" data-anchor-corner=\"bottom-end\" data-enable-skip-handler=\"true\" data-popup-corner=\"top-end\"><\/div>\n<\/div>\n<\/div>\n<div class=\"ebT7ne VOLvac sMVRZe\">\n<div class=\"F0pQVc\"><\/div>\n<\/div>\n<div class=\"VO9ucd\">\n<div class=\"aJIq1d\" dir=\"ltr\" data-language-code=\"lt\" data-language-name=\"lietuvi\u0173\" data-text=\"\u012e m\u016bs\u0173 \u017evakid\u017ei\u0173 kolekcij\u0105 \u012ftraukus laukini\u0173 gyv\u016bn\u0173, d\u0117m\u0117tasis leopardas pasiruo\u0161\u0119s pareik\u0161ti savo parei\u0161kim\u0105. Vieno \u017evaki\u0173 laikiklis turi raudon\u0105 ir auksin\u012f pagrind\u0105. Pagaminta i\u0161 polidervos ir metalo, \u0161is unikalus \u017evaki\u0173 laikiklis taps nuostabiu j\u016bs\u0173 stalo ar palang\u0117s centru. Matmenys: 11 x 10,5 x h 33 cm WERNS\u00ae yra apdovanojimus peln\u0119s Vokietijos dizaino prek\u0117s \u017eenklas, kur\u012f 2021 m. \u012fk\u016br\u0117 dizaineris Davidas Vo\u00df ir dizainer\u0117 Alexandra G\u00f6rdes. J\u0173 misija \u2013 \u0161v\u0119sti unikalum\u0105 ir i\u0161varyti nuobodul\u012f i\u0161 nam\u0173 visame pasaulyje. Duetas mano, kad gyvenamosios erdv\u0117s nusipelno daugiau d\u017eiaugsmo ir k\u016brybi\u0161kumo. WERNS\u00ae tikslas \u2013 sukurti s\u0105saj\u0105 tarp gyvenimo ir meno bei \u012fkv\u0117pti.\" data-crosslingual-hint=\"\" data-location=\"2\" data-enable-toggle-playback-speed=\"true\" data-results-count=\"1\" data-result-index=\"1\">\n<div class=\"m0Qfkd\"><\/div>\n<\/div>\n<\/div>\n","protected":false},"excerpt":{"rendered":"<p>Laukin\u0117s gamtos paslaptingumas, didyb\u0117, \u0161is \u017evaki\u0173 laikiklis, kur\u012f puo\u0161ia leopardas savoti\u0161kas ki\u010dinis interjero akcentas. Neabejotinai trauks ak\u012f, bet kurioje nam\u0173 erdv\u0117je, tai ne tik savo funkcij\u0105 atliekantis k\u016brinys, bet ir \u017eavi detal\u0117 J\u016bs\u0173 namams, arba puiki dovana. Detal\u0117s: med\u017eiaga &#8211; polirezinas. Spalva &#8211; \u012fvairiaspalvis. I\u0161matavimai: Plotis 11 cm \/ Auk\u0161tis 33 cm. &nbsp;<\/p>\n","protected":false},"featured_media":15089,"template":"","meta":{"_monsterinsights_skip_tracking":false,"_monsterinsights_sitenote_active":false,"_monsterinsights_sitenote_note":"","_monsterinsights_sitenote_category":0},"product_brand":[],"product_cat":[103,95,130],"product_tag":[512,513],"class_list":{"0":"post-15088","1":"product","2":"type-product","3":"status-publish","4":"has-post-thumbnail","6":"product_cat-dovanu-idejos","7":"product_cat-interjerui","8":"product_cat-statuleles-deco","9":"product_tag-zvakide-leopardas","10":"product_tag-zvakiu-laikiklis-is-polirezino","12":"first","13":"instock","14":"taxable","15":"shipping-taxable","16":"purchasable","17":"product-type-simple"},"_links":{"self":[{"href":"https:\/\/duckdeco.lt\/lt\/wp-json\/wp\/v2\/product\/15088","targetHints":{"allow":["GET"]}}],"collection":[{"href":"https:\/\/duckdeco.lt\/lt\/wp-json\/wp\/v2\/product"}],"about":[{"href":"https:\/\/duckdeco.lt\/lt\/wp-json\/wp\/v2\/types\/product"}],"version-history":[{"count":2,"href":"https:\/\/duckdeco.lt\/lt\/wp-json\/wp\/v2\/product\/15088\/revisions"}],"predecessor-version":[{"id":15600,"href":"https:\/\/duckdeco.lt\/lt\/wp-json\/wp\/v2\/product\/15088\/revisions\/15600"}],"wp:featuredmedia":[{"embeddable":true,"href":"https:\/\/duckdeco.lt\/lt\/wp-json\/wp\/v2\/media\/15089"}],"wp:attachment":[{"href":"https:\/\/duckdeco.lt\/lt\/wp-json\/wp\/v2\/media?parent=15088"}],"wp:term":[{"taxonomy":"product_brand","embeddable":true,"href":"https:\/\/duckdeco.lt\/lt\/wp-json\/wp\/v2\/product_brand?post=15088"},{"taxonomy":"product_cat","embeddable":true,"href":"https:\/\/duckdeco.lt\/lt\/wp-json\/wp\/v2\/product_cat?post=15088"},{"taxonomy":"product_tag","embeddable":true,"href":"https:\/\/duckdeco.lt\/lt\/wp-json\/wp\/v2\/product_tag?post=15088"}],"curies":[{"name":"wp","href":"https:\/\/api.w.org\/{rel}","templated":true}]}}