{"id":15092,"date":"2025-02-03T11:22:15","date_gmt":"2025-02-03T09:22:15","guid":{"rendered":"https:\/\/duckdeco.lt\/?post_type=product&#038;p=15092"},"modified":"2025-02-03T11:22:15","modified_gmt":"2025-02-03T09:22:15","slug":"statulele-leopardas","status":"publish","type":"product","link":"https:\/\/duckdeco.lt\/lt\/product\/statulele-leopardas\/","title":{"rendered":"Statul\u0117l\u0117 Leopardas"},"content":{"rendered":"<ul>\n<li><span class=\"HwtZe\" lang=\"lt\"><span class=\"jCAhz ChMk0b\"><span class=\"ryNqvb\">Retro stiliaus statul\u0117l\u0117, geras akcentas bet kuriuose \u0161iuolaikiniuose namuose.<\/span><\/span> <span class=\"jCAhz ChMk0b\"><span class=\"ryNqvb\">Prie gero skonio prid\u0117ti \u0161iek tiek nostalgijos dar niekam nepakenk\u0117.<\/span><\/span> <\/span><\/li>\n<li><span class=\"HwtZe\" lang=\"lt\"><span class=\"jCAhz ChMk0b\"><span class=\"ryNqvb\">Dekoratyvin\u0117 fig\u016bra su retro apdaila, i\u0161skirtinio dizaino ir tiksliai sukurta su meile detal\u0117ms.<\/span><\/span> <span class=\"jCAhz ChMk0b\"><span class=\"ryNqvb\">Puiki dovanos id\u0117ja su aristokrati\u0161ku \u017evilgsniu i\u0161 Kare Design.<\/span><\/span> <\/span><\/li>\n<li><span class=\"HwtZe\" lang=\"lt\">Detal\u0117s: med\u017eiaga &#8211; polirezinas. <\/span><\/li>\n<li><span class=\"HwtZe\" lang=\"lt\"><span class=\"HwtZe\" lang=\"lt\">Spalva &#8211; \u012fvairiaspalvis.<\/span><\/span><br \/>\n<table style=\"height: 73px;\" width=\"441\">\n<tbody>\n<tr>\n<td width=\"91\">I\u0161matavimai: Gylis 30cm \/ Plotis 13,5 cm \/ Auk\u0161tis 29 cm.<\/td>\n<\/tr>\n<\/tbody>\n<\/table>\n<p>&nbsp;<\/li>\n<\/ul>\n","protected":false},"excerpt":{"rendered":"<p>Retro stiliaus statul\u0117l\u0117, geras akcentas bet kuriuose \u0161iuolaikiniuose namuose. Prie gero skonio prid\u0117ti \u0161iek tiek nostalgijos dar niekam nepakenk\u0117. Dekoratyvin\u0117 fig\u016bra su retro apdaila, i\u0161skirtinio dizaino ir tiksliai sukurta su meile detal\u0117ms. Puiki dovanos id\u0117ja su aristokrati\u0161ku \u017evilgsniu i\u0161 Kare Design. Detal\u0117s: med\u017eiaga &#8211; polirezinas. Spalva &#8211; \u012fvairiaspalvis. I\u0161matavimai: Gylis 30cm \/ Plotis 13,5 cm &hellip; <br \/><a href=\"https:\/\/duckdeco.lt\/lt\/product\/statulele-leopardas\/\" class=\"more-link\">Continue reading <span class=\"screen-reader-text\">Statul\u0117l\u0117 Leopardas<\/span><\/a><\/p>\n","protected":false},"featured_media":15093,"template":"","meta":{"_monsterinsights_skip_tracking":false,"_monsterinsights_sitenote_active":false,"_monsterinsights_sitenote_note":"","_monsterinsights_sitenote_category":0},"product_brand":[],"product_cat":[103,95,130],"product_tag":[],"class_list":{"0":"post-15092","1":"product","2":"type-product","3":"status-publish","4":"has-post-thumbnail","6":"product_cat-dovanu-idejos","7":"product_cat-interjerui","8":"product_cat-statuleles-deco","10":"first","11":"instock","12":"taxable","13":"shipping-taxable","14":"purchasable","15":"product-type-simple"},"_links":{"self":[{"href":"https:\/\/duckdeco.lt\/lt\/wp-json\/wp\/v2\/product\/15092","targetHints":{"allow":["GET"]}}],"collection":[{"href":"https:\/\/duckdeco.lt\/lt\/wp-json\/wp\/v2\/product"}],"about":[{"href":"https:\/\/duckdeco.lt\/lt\/wp-json\/wp\/v2\/types\/product"}],"version-history":[{"count":1,"href":"https:\/\/duckdeco.lt\/lt\/wp-json\/wp\/v2\/product\/15092\/revisions"}],"predecessor-version":[{"id":15095,"href":"https:\/\/duckdeco.lt\/lt\/wp-json\/wp\/v2\/product\/15092\/revisions\/15095"}],"wp:featuredmedia":[{"embeddable":true,"href":"https:\/\/duckdeco.lt\/lt\/wp-json\/wp\/v2\/media\/15093"}],"wp:attachment":[{"href":"https:\/\/duckdeco.lt\/lt\/wp-json\/wp\/v2\/media?parent=15092"}],"wp:term":[{"taxonomy":"product_brand","embeddable":true,"href":"https:\/\/duckdeco.lt\/lt\/wp-json\/wp\/v2\/product_brand?post=15092"},{"taxonomy":"product_cat","embeddable":true,"href":"https:\/\/duckdeco.lt\/lt\/wp-json\/wp\/v2\/product_cat?post=15092"},{"taxonomy":"product_tag","embeddable":true,"href":"https:\/\/duckdeco.lt\/lt\/wp-json\/wp\/v2\/product_tag?post=15092"}],"curies":[{"name":"wp","href":"https:\/\/api.w.org\/{rel}","templated":true}]}}