{"id":15101,"date":"2025-02-03T12:49:10","date_gmt":"2025-02-03T10:49:10","guid":{"rendered":"https:\/\/duckdeco.lt\/?post_type=product&#038;p=15101"},"modified":"2025-02-03T12:49:10","modified_gmt":"2025-02-03T10:49:10","slug":"zvakide-papuga-32-cm","status":"publish","type":"product","link":"https:\/\/duckdeco.lt\/lt\/product\/zvakide-papuga-32-cm\/","title":{"rendered":"\u017dvakid\u0117 Pap\u016bga 32 cm"},"content":{"rendered":"<div class=\"lRu31\" dir=\"ltr\">\n<div class=\"OvtS8d\">\n<ul>\n<li><span class=\"HwtZe\" lang=\"lt\"><span class=\"jCAhz ChMk0b\"><span class=\"ryNqvb\">Ie\u0161kote unikalaus nam\u0173 dekoro elemento? \u0160i stilinga \u017evakid\u0117, kurioje nut\u016bpusi pap\u016bga, suteiks interjerui ry\u0161ki\u0173 spalv\u0173. Kiekviena \u017evakid\u0117 yra nuda\u017eyta rankomis, suteikiant jai unikal\u0173 charakter\u012f. <\/span><\/span><\/span><\/li>\n<li><span class=\"HwtZe\" lang=\"lt\"><span class=\"jCAhz ChMk0b\"><span class=\"ryNqvb\">Puikiai tinka visiems, kurie m\u0117gsta atogr\u0105\u017e\u0173 poj\u016bt\u012f, ie\u0161ko unikalios dovanos pauk\u0161\u010di\u0173 myl\u0117tojams. <\/span><\/span><\/span><span class=\"HwtZe\" lang=\"lt\"><span class=\"jCAhz ChMk0b\"><span class=\"ryNqvb\">Nesvarbu, ar pastatysite j\u0105 savo svetain\u0117je, ar rasite gra\u017ei\u0105 viet\u0105 valgomajame, ji trauks kiekvieno d\u0117mes\u012f. <\/span><\/span><\/span><\/li>\n<li><span class=\"HwtZe\" lang=\"lt\"><span class=\"jCAhz ChMk0b\"><span class=\"ryNqvb\">Detal\u0117s: med\u017eiaga \u2013 polirezinas. <\/span><\/span><\/span><\/li>\n<li><span class=\"HwtZe\" lang=\"lt\"><span class=\"jCAhz ChMk0b\"><span class=\"ryNqvb\">Spalva \u2013 \u012fvairiaspalvis.<br \/>\n<\/span><\/span><\/span>&nbsp;<\/p>\n<table width=\"405\">\n<tbody>\n<tr>\n<td width=\"91\">I\u0161matavimai: Skersmuo 10 cm \/ Auk\u0161tis 32 cm.<\/td>\n<\/tr>\n<\/tbody>\n<\/table>\n<p>&nbsp;<\/li>\n<\/ul>\n<\/div>\n<div id=\"ow31\"><\/div>\n<\/div>\n<div class=\"UdTY9 WdefRb\" aria-hidden=\"true\" data-location=\"2\">\n<div class=\"kO6q6e\"><\/div>\n<\/div>\n<div class=\"XL3Kf XExWNc\">\n<div class=\"a8FIud X0rvP\">\n<div data-show-delay-ms=\"250\" data-append-to-body=\"false\" data-propagate-tooltip-mouseover-events=\"true\" data-anchor-corner=\"bottom-end\" data-enable-skip-handler=\"true\" data-popup-corner=\"top-end\">\n<div class=\"dig2sb\"><\/div>\n<\/div>\n<\/div>\n<\/div>\n<div class=\"XL3Kf XExWNc\">\n<div class=\"a8FIud X0rvP\">\n<div data-show-delay-ms=\"250\" data-append-to-body=\"false\" data-propagate-tooltip-mouseover-events=\"true\" data-anchor-corner=\"bottom-end\" data-enable-skip-handler=\"true\" data-popup-corner=\"top-end\"><\/div>\n<\/div>\n<\/div>\n<div class=\"ebT7ne VOLvac sMVRZe\">\n<div class=\"F0pQVc\"><\/div>\n<\/div>\n<div class=\"VO9ucd\">\n<div class=\"aJIq1d\" dir=\"ltr\" data-language-code=\"lt\" data-language-name=\"lietuvi\u0173\" data-text=\"\u017dvakid\u0117s i\u0161 Baroko kolekcijos yra labai \u012fvairios ir \u012fkv\u0117ptos \u012fvairiausi\u0173 skirting\u0173 spalv\u0173 egzoti\u0161k\u0173 gyv\u016bn\u0173. Pavyzd\u017eiui, kolekcijoje rasite pauk\u0161\u010di\u0173, drambli\u0173, li\u016bt\u0173 ir be\u017ed\u017eioni\u0173 \u017evakid\u017ei\u0173. \u017dvakid\u0117s pagamintos i\u0161 dervos.\" data-crosslingual-hint=\"\" data-location=\"2\" data-enable-toggle-playback-speed=\"true\" data-results-count=\"1\" data-result-index=\"1\">\n<div class=\"m0Qfkd\"><\/div>\n<\/div>\n<\/div>\n","protected":false},"excerpt":{"rendered":"<p>Ie\u0161kote unikalaus nam\u0173 dekoro elemento? \u0160i stilinga \u017evakid\u0117, kurioje nut\u016bpusi pap\u016bga, suteiks interjerui ry\u0161ki\u0173 spalv\u0173. Kiekviena \u017evakid\u0117 yra nuda\u017eyta rankomis, suteikiant jai unikal\u0173 charakter\u012f. Puikiai tinka visiems, kurie m\u0117gsta atogr\u0105\u017e\u0173 poj\u016bt\u012f, ie\u0161ko unikalios dovanos pauk\u0161\u010di\u0173 myl\u0117tojams. Nesvarbu, ar pastatysite j\u0105 savo svetain\u0117je, ar rasite gra\u017ei\u0105 viet\u0105 valgomajame, ji trauks kiekvieno d\u0117mes\u012f. Detal\u0117s: med\u017eiaga \u2013 polirezinas. &hellip; <br \/><a href=\"https:\/\/duckdeco.lt\/lt\/product\/zvakide-papuga-32-cm\/\" class=\"more-link\">Continue reading <span class=\"screen-reader-text\">\u017dvakid\u0117 Pap\u016bga 32 cm<\/span><\/a><\/p>\n","protected":false},"featured_media":15102,"template":"","meta":{"_monsterinsights_skip_tracking":false,"_monsterinsights_sitenote_active":false,"_monsterinsights_sitenote_note":"","_monsterinsights_sitenote_category":0},"product_brand":[],"product_cat":[103,95,107],"product_tag":[514,513],"class_list":{"0":"post-15101","1":"product","2":"type-product","3":"status-publish","4":"has-post-thumbnail","6":"product_cat-dovanu-idejos","7":"product_cat-interjerui","8":"product_cat-stilingos-zvakides-zvakes","9":"product_tag-zvakide-papuga","10":"product_tag-zvakiu-laikiklis-is-polirezino","12":"first","13":"instock","14":"taxable","15":"shipping-taxable","16":"purchasable","17":"product-type-simple"},"_links":{"self":[{"href":"https:\/\/duckdeco.lt\/lt\/wp-json\/wp\/v2\/product\/15101","targetHints":{"allow":["GET"]}}],"collection":[{"href":"https:\/\/duckdeco.lt\/lt\/wp-json\/wp\/v2\/product"}],"about":[{"href":"https:\/\/duckdeco.lt\/lt\/wp-json\/wp\/v2\/types\/product"}],"version-history":[{"count":1,"href":"https:\/\/duckdeco.lt\/lt\/wp-json\/wp\/v2\/product\/15101\/revisions"}],"predecessor-version":[{"id":15104,"href":"https:\/\/duckdeco.lt\/lt\/wp-json\/wp\/v2\/product\/15101\/revisions\/15104"}],"wp:featuredmedia":[{"embeddable":true,"href":"https:\/\/duckdeco.lt\/lt\/wp-json\/wp\/v2\/media\/15102"}],"wp:attachment":[{"href":"https:\/\/duckdeco.lt\/lt\/wp-json\/wp\/v2\/media?parent=15101"}],"wp:term":[{"taxonomy":"product_brand","embeddable":true,"href":"https:\/\/duckdeco.lt\/lt\/wp-json\/wp\/v2\/product_brand?post=15101"},{"taxonomy":"product_cat","embeddable":true,"href":"https:\/\/duckdeco.lt\/lt\/wp-json\/wp\/v2\/product_cat?post=15101"},{"taxonomy":"product_tag","embeddable":true,"href":"https:\/\/duckdeco.lt\/lt\/wp-json\/wp\/v2\/product_tag?post=15101"}],"curies":[{"name":"wp","href":"https:\/\/api.w.org\/{rel}","templated":true}]}}