{"id":15106,"date":"2025-02-03T13:52:33","date_gmt":"2025-02-03T11:52:33","guid":{"rendered":"https:\/\/duckdeco.lt\/?post_type=product&#038;p=15106"},"modified":"2025-02-03T13:52:33","modified_gmt":"2025-02-03T11:52:33","slug":"dramblio-statulele","status":"publish","type":"product","link":"https:\/\/duckdeco.lt\/lt\/product\/dramblio-statulele\/","title":{"rendered":"Dramblio statul\u0117l\u0117"},"content":{"rendered":"<ul>\n<li>Dekoratyvin\u0117 dramblio statul\u0117l\u0117, tiems kurie m\u0117gsta prabang\u0105, i\u0161kirtinum\u0105, neabejotinai \u0161i interjero detal\u0117 taps akcentu, kuris tikrai trauks d\u0117mes\u012f.<\/li>\n<li>Papuo\u0161kite savo knyg\u0173 lentyn\u0105, darbo stal\u0105, viet\u0105 kurioje praleid\u017eiate daugiausiai laiko, o gal nustebinkite artimuosius?<\/li>\n<li>Detal\u0117s: med\u017eiaga &#8211; polirezinas.<\/li>\n<li>Spalva &#8211; balta \/ juoda\/ aukso.<br \/>\n<table width=\"457\">\n<tbody>\n<tr>\n<td width=\"91\">I\u0161matavimai: Ilgis 13. 5 cm \/ Plotis 10 cm \/ Auk\u0161tis 23 cm.<\/td>\n<\/tr>\n<\/tbody>\n<\/table>\n<p>&nbsp;<\/li>\n<\/ul>\n","protected":false},"excerpt":{"rendered":"<p>Dekoratyvin\u0117 dramblio statul\u0117l\u0117, tiems kurie m\u0117gsta prabang\u0105, i\u0161kirtinum\u0105, neabejotinai \u0161i interjero detal\u0117 taps akcentu, kuris tikrai trauks d\u0117mes\u012f. Papuo\u0161kite savo knyg\u0173 lentyn\u0105, darbo stal\u0105, viet\u0105 kurioje praleid\u017eiate daugiausiai laiko, o gal nustebinkite artimuosius? Detal\u0117s: med\u017eiaga &#8211; polirezinas. Spalva &#8211; balta \/ juoda\/ aukso. I\u0161matavimai: Ilgis 13. 5 cm \/ Plotis 10 cm \/ Auk\u0161tis 23 &hellip; <br \/><a href=\"https:\/\/duckdeco.lt\/lt\/product\/dramblio-statulele\/\" class=\"more-link\">Continue reading <span class=\"screen-reader-text\">Dramblio statul\u0117l\u0117<\/span><\/a><\/p>\n","protected":false},"featured_media":15107,"template":"","meta":{"_monsterinsights_skip_tracking":false,"_monsterinsights_sitenote_active":false,"_monsterinsights_sitenote_note":"","_monsterinsights_sitenote_category":0},"product_brand":[],"product_cat":[103,95,130],"product_tag":[515],"class_list":{"0":"post-15106","1":"product","2":"type-product","3":"status-publish","4":"has-post-thumbnail","6":"product_cat-dovanu-idejos","7":"product_cat-interjerui","8":"product_cat-statuleles-deco","9":"product_tag-dramblio-statulele","11":"first","12":"instock","13":"taxable","14":"shipping-taxable","15":"purchasable","16":"product-type-simple"},"_links":{"self":[{"href":"https:\/\/duckdeco.lt\/lt\/wp-json\/wp\/v2\/product\/15106","targetHints":{"allow":["GET"]}}],"collection":[{"href":"https:\/\/duckdeco.lt\/lt\/wp-json\/wp\/v2\/product"}],"about":[{"href":"https:\/\/duckdeco.lt\/lt\/wp-json\/wp\/v2\/types\/product"}],"version-history":[{"count":1,"href":"https:\/\/duckdeco.lt\/lt\/wp-json\/wp\/v2\/product\/15106\/revisions"}],"predecessor-version":[{"id":15108,"href":"https:\/\/duckdeco.lt\/lt\/wp-json\/wp\/v2\/product\/15106\/revisions\/15108"}],"wp:featuredmedia":[{"embeddable":true,"href":"https:\/\/duckdeco.lt\/lt\/wp-json\/wp\/v2\/media\/15107"}],"wp:attachment":[{"href":"https:\/\/duckdeco.lt\/lt\/wp-json\/wp\/v2\/media?parent=15106"}],"wp:term":[{"taxonomy":"product_brand","embeddable":true,"href":"https:\/\/duckdeco.lt\/lt\/wp-json\/wp\/v2\/product_brand?post=15106"},{"taxonomy":"product_cat","embeddable":true,"href":"https:\/\/duckdeco.lt\/lt\/wp-json\/wp\/v2\/product_cat?post=15106"},{"taxonomy":"product_tag","embeddable":true,"href":"https:\/\/duckdeco.lt\/lt\/wp-json\/wp\/v2\/product_tag?post=15106"}],"curies":[{"name":"wp","href":"https:\/\/api.w.org\/{rel}","templated":true}]}}