{"id":15113,"date":"2025-02-03T14:35:37","date_gmt":"2025-02-03T12:35:37","guid":{"rendered":"https:\/\/duckdeco.lt\/?post_type=product&#038;p=15113"},"modified":"2025-11-17T14:49:50","modified_gmt":"2025-11-17T12:49:50","slug":"dramblio-statulele-2","status":"publish","type":"product","link":"https:\/\/duckdeco.lt\/lt\/product\/dramblio-statulele-2\/","title":{"rendered":"Dramblio statul\u0117l\u0117"},"content":{"rendered":"<ul>\n<li>Rank\u0173 darbo dramblio statul\u0117l\u0117 pagaminta Indonezijoje. Dekoratyvus nam\u0173 aksesuaras traukiantis ak\u012f sode, balkone, namuose.<\/li>\n<li>Statul\u0117l\u0117 turi unikali\u0105 strukt\u016br\u0105, smulk\u016bs \u012ftr\u016bkimai, \u012fdubimai ir nelygumai medienoje yra nat\u016bral\u016bs bruo\u017eai.<\/li>\n<li>Atminkite, kad nat\u016bralus produktas mediena gali keistis d\u0117l dr\u0117gm\u0117s svyravim\u0173 ir temperat\u016bros skirtum\u0173.<\/li>\n<li>Detal\u0117s: med\u017eiaga \u2013 tikmedis.<\/li>\n<\/ul>\n<table width=\"405\">\n<tbody>\n<tr>\n<td width=\"91\">I\u0161matavimai: Ilgis 32 cm \/ Plotis 15 cm \/ Auk\u0161tis 23 cm.<\/td>\n<\/tr>\n<\/tbody>\n<\/table>\n<p>&nbsp;<\/p>\n","protected":false},"excerpt":{"rendered":"<p>Rank\u0173 darbo dramblio statul\u0117l\u0117 pagaminta Indonezijoje. Dekoratyvus nam\u0173 aksesuaras traukiantis ak\u012f sode, balkone, namuose. Statul\u0117l\u0117 turi unikali\u0105 strukt\u016br\u0105, smulk\u016bs \u012ftr\u016bkimai, \u012fdubimai ir nelygumai medienoje yra nat\u016bral\u016bs bruo\u017eai. Atminkite, kad nat\u016bralus produktas mediena gali keistis d\u0117l dr\u0117gm\u0117s svyravim\u0173 ir temperat\u016bros skirtum\u0173. Detal\u0117s: med\u017eiaga \u2013 tikmedis. I\u0161matavimai: Ilgis 32 cm \/ Plotis 15 cm \/ Auk\u0161tis 23 &hellip; <br \/><a href=\"https:\/\/duckdeco.lt\/lt\/product\/dramblio-statulele-2\/\" class=\"more-link\">Continue reading <span class=\"screen-reader-text\">Dramblio statul\u0117l\u0117<\/span><\/a><\/p>\n","protected":false},"featured_media":15115,"template":"","meta":{"_monsterinsights_skip_tracking":false,"_monsterinsights_sitenote_active":false,"_monsterinsights_sitenote_note":"","_monsterinsights_sitenote_category":0},"product_brand":[],"product_cat":[103,95,130],"product_tag":[516],"class_list":{"0":"post-15113","1":"product","2":"type-product","3":"status-publish","4":"has-post-thumbnail","6":"product_cat-dovanu-idejos","7":"product_cat-interjerui","8":"product_cat-statuleles-deco","9":"product_tag-statulele-dramblys","11":"first","12":"outofstock","13":"taxable","14":"shipping-taxable","15":"purchasable","16":"product-type-simple"},"_links":{"self":[{"href":"https:\/\/duckdeco.lt\/lt\/wp-json\/wp\/v2\/product\/15113","targetHints":{"allow":["GET"]}}],"collection":[{"href":"https:\/\/duckdeco.lt\/lt\/wp-json\/wp\/v2\/product"}],"about":[{"href":"https:\/\/duckdeco.lt\/lt\/wp-json\/wp\/v2\/types\/product"}],"version-history":[{"count":3,"href":"https:\/\/duckdeco.lt\/lt\/wp-json\/wp\/v2\/product\/15113\/revisions"}],"predecessor-version":[{"id":15118,"href":"https:\/\/duckdeco.lt\/lt\/wp-json\/wp\/v2\/product\/15113\/revisions\/15118"}],"wp:featuredmedia":[{"embeddable":true,"href":"https:\/\/duckdeco.lt\/lt\/wp-json\/wp\/v2\/media\/15115"}],"wp:attachment":[{"href":"https:\/\/duckdeco.lt\/lt\/wp-json\/wp\/v2\/media?parent=15113"}],"wp:term":[{"taxonomy":"product_brand","embeddable":true,"href":"https:\/\/duckdeco.lt\/lt\/wp-json\/wp\/v2\/product_brand?post=15113"},{"taxonomy":"product_cat","embeddable":true,"href":"https:\/\/duckdeco.lt\/lt\/wp-json\/wp\/v2\/product_cat?post=15113"},{"taxonomy":"product_tag","embeddable":true,"href":"https:\/\/duckdeco.lt\/lt\/wp-json\/wp\/v2\/product_tag?post=15113"}],"curies":[{"name":"wp","href":"https:\/\/api.w.org\/{rel}","templated":true}]}}