{"id":15123,"date":"2025-02-03T15:45:43","date_gmt":"2025-02-03T13:45:43","guid":{"rendered":"https:\/\/duckdeco.lt\/?post_type=product&#038;p=15123"},"modified":"2025-08-05T11:43:49","modified_gmt":"2025-08-05T08:43:49","slug":"batu-saukstas-sernas","status":"publish","type":"product","link":"https:\/\/duckdeco.lt\/lt\/product\/batu-saukstas-sernas\/","title":{"rendered":"Bat\u0173 \u0161auk\u0161tas \u0160ernas"},"content":{"rendered":"<ul>\n<li>Patogus ir puo\u0161nus bat\u0173 \u0161auk\u0161tas. Vir\u0161\u016bn\u0117l\u0117 dekoruota simboline \u0161erno galva.<\/li>\n<li>Puikiai tiks kaip naudinga dovana vyrui, uo\u0161viui ir kt., kuri\u0105 galima i\u0161graviruoti, arba tarnaus kaip naudingas bei i\u0161skirtinis nam\u0173 elementas, kurio nereikia sl\u0117pti stal\u010diuje.<\/li>\n<li>Detal\u0117s: med\u017eiaga \u2013 aliuminis.<\/li>\n<li>Spalva \u2013 sidabro.<br \/>\n<table width=\"405\">\n<tbody>\n<tr>\n<td width=\"91\">I\u0161matavimai: Ilgis 52 cm<\/td>\n<\/tr>\n<\/tbody>\n<\/table>\n<p>&nbsp;<\/li>\n<\/ul>\n","protected":false},"excerpt":{"rendered":"<p>Patogus ir puo\u0161nus bat\u0173 \u0161auk\u0161tas. Vir\u0161\u016bn\u0117l\u0117 dekoruota simboline \u0161erno galva. Puikiai tiks kaip naudinga dovana vyrui, uo\u0161viui ir kt., kuri\u0105 galima i\u0161graviruoti, arba tarnaus kaip naudingas bei i\u0161skirtinis nam\u0173 elementas, kurio nereikia sl\u0117pti stal\u010diuje. Detal\u0117s: med\u017eiaga \u2013 aliuminis. Spalva \u2013 sidabro. I\u0161matavimai: Ilgis 52 cm &nbsp;<\/p>\n","protected":false},"featured_media":15124,"template":"","meta":{"_monsterinsights_skip_tracking":false,"_monsterinsights_sitenote_active":false,"_monsterinsights_sitenote_note":"","_monsterinsights_sitenote_category":0},"product_brand":[],"product_cat":[103,95],"product_tag":[517],"class_list":{"0":"post-15123","1":"product","2":"type-product","3":"status-publish","4":"has-post-thumbnail","6":"product_cat-dovanu-idejos","7":"product_cat-interjerui","8":"product_tag-batu-saukstas","10":"first","11":"outofstock","12":"taxable","13":"shipping-taxable","14":"purchasable","15":"product-type-simple"},"_links":{"self":[{"href":"https:\/\/duckdeco.lt\/lt\/wp-json\/wp\/v2\/product\/15123","targetHints":{"allow":["GET"]}}],"collection":[{"href":"https:\/\/duckdeco.lt\/lt\/wp-json\/wp\/v2\/product"}],"about":[{"href":"https:\/\/duckdeco.lt\/lt\/wp-json\/wp\/v2\/types\/product"}],"version-history":[{"count":2,"href":"https:\/\/duckdeco.lt\/lt\/wp-json\/wp\/v2\/product\/15123\/revisions"}],"predecessor-version":[{"id":15489,"href":"https:\/\/duckdeco.lt\/lt\/wp-json\/wp\/v2\/product\/15123\/revisions\/15489"}],"wp:featuredmedia":[{"embeddable":true,"href":"https:\/\/duckdeco.lt\/lt\/wp-json\/wp\/v2\/media\/15124"}],"wp:attachment":[{"href":"https:\/\/duckdeco.lt\/lt\/wp-json\/wp\/v2\/media?parent=15123"}],"wp:term":[{"taxonomy":"product_brand","embeddable":true,"href":"https:\/\/duckdeco.lt\/lt\/wp-json\/wp\/v2\/product_brand?post=15123"},{"taxonomy":"product_cat","embeddable":true,"href":"https:\/\/duckdeco.lt\/lt\/wp-json\/wp\/v2\/product_cat?post=15123"},{"taxonomy":"product_tag","embeddable":true,"href":"https:\/\/duckdeco.lt\/lt\/wp-json\/wp\/v2\/product_tag?post=15123"}],"curies":[{"name":"wp","href":"https:\/\/api.w.org\/{rel}","templated":true}]}}