{"id":15132,"date":"2025-02-03T16:49:34","date_gmt":"2025-02-03T14:49:34","guid":{"rendered":"https:\/\/duckdeco.lt\/?post_type=product&#038;p=15132"},"modified":"2025-02-04T08:23:51","modified_gmt":"2025-02-04T06:23:51","slug":"zvakiu-komplektas-2-vnt","status":"publish","type":"product","link":"https:\/\/duckdeco.lt\/lt\/product\/zvakiu-komplektas-2-vnt\/","title":{"rendered":"\u017dvaki\u0173 komplektas 2 vnt"},"content":{"rendered":"<ul>\n<li><span class=\"HwtZe\" lang=\"lt\"><span class=\"jCAhz ChMk0b\"><span class=\"ryNqvb\">\u0160i la\u0161inama \u017evak\u0117 tinka \u017evakidei arba tu\u0161\u010diam (vyno) buteliui.<\/span><\/span> <span class=\"jCAhz ChMk0b\"><span class=\"ryNqvb\">U\u017edekite \u017evak\u0119, \u017evak\u0117s va\u0161kas nuvarva ir sukiet\u0117ja, sukurdamas unikal\u0173 meno k\u016brin\u012f.<\/span><\/span> <\/span><\/li>\n<li><span class=\"HwtZe\" lang=\"lt\"><span class=\"jCAhz ChMk0b\"><span class=\"ryNqvb\">Patarimas: visada pad\u0117kite k\u0105 nors po \u017evake, pavyzd\u017eiui, pad\u0117kliuk\u0105. <\/span><\/span><\/span><\/li>\n<li>Detal\u0117s : med\u017eiaga \u2013 va\u0161kas.<\/li>\n<li>Spalva \u2013 \u012fvairiaspalvis.<\/li>\n<li>Dega iki 5 val.<br \/>\n<table width=\"405\">\n<tbody>\n<tr>\n<td width=\"91\">I\u0161matavimai: Skersmuo 2,7 cm\/ Auk\u0161tis 26 cm<\/td>\n<\/tr>\n<\/tbody>\n<\/table>\n<\/li>\n<\/ul>\n","protected":false},"excerpt":{"rendered":"<p>\u0160i la\u0161inama \u017evak\u0117 tinka \u017evakidei arba tu\u0161\u010diam (vyno) buteliui. U\u017edekite \u017evak\u0119, \u017evak\u0117s va\u0161kas nuvarva ir sukiet\u0117ja, sukurdamas unikal\u0173 meno k\u016brin\u012f. Patarimas: visada pad\u0117kite k\u0105 nors po \u017evake, pavyzd\u017eiui, pad\u0117kliuk\u0105. Detal\u0117s : med\u017eiaga \u2013 va\u0161kas. Spalva \u2013 \u012fvairiaspalvis. Dega iki 5 val. I\u0161matavimai: Skersmuo 2,7 cm\/ Auk\u0161tis 26 cm<\/p>\n","protected":false},"featured_media":15139,"template":"","meta":{"_monsterinsights_skip_tracking":false,"_monsterinsights_sitenote_active":false,"_monsterinsights_sitenote_note":"","_monsterinsights_sitenote_category":0},"product_brand":[],"product_cat":[144],"product_tag":[518],"class_list":{"0":"post-15132","1":"product","2":"type-product","3":"status-publish","4":"has-post-thumbnail","6":"product_cat-zvakes","7":"product_tag-originalios-zvakes","9":"first","10":"instock","11":"taxable","12":"shipping-taxable","13":"purchasable","14":"product-type-simple"},"_links":{"self":[{"href":"https:\/\/duckdeco.lt\/lt\/wp-json\/wp\/v2\/product\/15132","targetHints":{"allow":["GET"]}}],"collection":[{"href":"https:\/\/duckdeco.lt\/lt\/wp-json\/wp\/v2\/product"}],"about":[{"href":"https:\/\/duckdeco.lt\/lt\/wp-json\/wp\/v2\/types\/product"}],"version-history":[{"count":3,"href":"https:\/\/duckdeco.lt\/lt\/wp-json\/wp\/v2\/product\/15132\/revisions"}],"predecessor-version":[{"id":15140,"href":"https:\/\/duckdeco.lt\/lt\/wp-json\/wp\/v2\/product\/15132\/revisions\/15140"}],"wp:featuredmedia":[{"embeddable":true,"href":"https:\/\/duckdeco.lt\/lt\/wp-json\/wp\/v2\/media\/15139"}],"wp:attachment":[{"href":"https:\/\/duckdeco.lt\/lt\/wp-json\/wp\/v2\/media?parent=15132"}],"wp:term":[{"taxonomy":"product_brand","embeddable":true,"href":"https:\/\/duckdeco.lt\/lt\/wp-json\/wp\/v2\/product_brand?post=15132"},{"taxonomy":"product_cat","embeddable":true,"href":"https:\/\/duckdeco.lt\/lt\/wp-json\/wp\/v2\/product_cat?post=15132"},{"taxonomy":"product_tag","embeddable":true,"href":"https:\/\/duckdeco.lt\/lt\/wp-json\/wp\/v2\/product_tag?post=15132"}],"curies":[{"name":"wp","href":"https:\/\/api.w.org\/{rel}","templated":true}]}}