{"id":15170,"date":"2025-02-04T12:15:55","date_gmt":"2025-02-04T10:15:55","guid":{"rendered":"https:\/\/duckdeco.lt\/?post_type=product&#038;p=15170"},"modified":"2025-02-04T12:15:55","modified_gmt":"2025-02-04T10:15:55","slug":"stiklo-dubuo-l","status":"publish","type":"product","link":"https:\/\/duckdeco.lt\/lt\/product\/stiklo-dubuo-l\/","title":{"rendered":"Stiklo dubuo L"},"content":{"rendered":"<ul>\n<li><span class=\"HwtZe\" lang=\"lt\"><span class=\"jCAhz ChMk0b\"><span class=\"ryNqvb\">Prek\u0117s \u017eenklo Eichholtz turkio dubuo yra stulbinantis prabangos ir rafinuotumo pavyzdys.<\/span><\/span> <span class=\"jCAhz ChMk0b\"><span class=\"ryNqvb\">Pagamintas i\u0161 rankomis p\u016bsto stiklo, i\u0161siskiria nesenstan\u010dia elegancija.<\/span><\/span><\/span><\/li>\n<li><span class=\"HwtZe\" lang=\"lt\"> <span class=\"jCAhz ChMk0b\"><span class=\"ryNqvb\">D\u0117l universalaus dizaino jis puikiai papildo tiek modern\u0173, tiek klasikin\u012f interjer\u0105.<\/span><\/span> <span class=\"jCAhz ChMk0b\"><span class=\"ryNqvb\">Naudokite j\u012f kaip prakti\u0161k\u0105 sprendim\u0105 arba stiling\u0105 demonstracij\u0105 savo erdv\u0117je.<\/span><\/span> <\/span><\/li>\n<li>\n<div class=\"lRu31\" dir=\"ltr\"><span class=\"HwtZe\" lang=\"lt\"><span class=\"jCAhz ChMk0b\"><span class=\"ryNqvb\">Laisvai tekan\u010dios formos ir intriguojan\u010dios i\u0161or\u0117s tekst\u016bros, dailus nam\u0173 aksesuaras, unikalus, nes tai rank\u0173 darbo gaminys.<\/span><\/span><\/span><\/div>\n<div class=\"OlSOob\">\n<div class=\"ccvoYb\">\n<div class=\"AxqVh\">\n<div class=\"OPPzxe\">\n<div class=\"QcsUad BDJ8fb BLojaf sMVRZe hCXDsb wneUed\"><\/div>\n<\/div>\n<\/div>\n<\/div>\n<\/div>\n<nav class=\"VlPnLc\" aria-labelledby=\"ucj-38\"><\/nav>\n<\/li>\n<li><span class=\"HwtZe\" lang=\"lt\"><span class=\"jCAhz ChMk0b\"><span class=\"ryNqvb\">Detal\u0117s: med\u017eiaga \u2013 stiklas. <\/span><\/span><\/span><\/li>\n<li><span class=\"HwtZe\" lang=\"lt\"><span class=\"jCAhz ChMk0b\"><span class=\"ryNqvb\">Spalva \u2013 turkio.<br \/>\n<\/span><\/span><\/span><\/li>\n<\/ul>\n<table width=\"354\">\n<tbody>\n<tr>\n<td width=\"91\">I\u0161matavimai: Skersmuo 34,5 cm\/ Auk\u0161tis 8 cm<\/td>\n<\/tr>\n<\/tbody>\n<\/table>\n<p><span class=\"HwtZe\" lang=\"lt\">\u00a0<\/span><\/p>\n","protected":false},"excerpt":{"rendered":"<p>Prek\u0117s \u017eenklo Eichholtz turkio dubuo yra stulbinantis prabangos ir rafinuotumo pavyzdys. Pagamintas i\u0161 rankomis p\u016bsto stiklo, i\u0161siskiria nesenstan\u010dia elegancija. D\u0117l universalaus dizaino jis puikiai papildo tiek modern\u0173, tiek klasikin\u012f interjer\u0105. Naudokite j\u012f kaip prakti\u0161k\u0105 sprendim\u0105 arba stiling\u0105 demonstracij\u0105 savo erdv\u0117je. Laisvai tekan\u010dios formos ir intriguojan\u010dios i\u0161or\u0117s tekst\u016bros, dailus nam\u0173 aksesuaras, unikalus, nes tai rank\u0173 darbo &hellip; <br \/><a href=\"https:\/\/duckdeco.lt\/lt\/product\/stiklo-dubuo-l\/\" class=\"more-link\">Continue reading <span class=\"screen-reader-text\">Stiklo dubuo L<\/span><\/a><\/p>\n","protected":false},"featured_media":15172,"template":"","meta":{"_monsterinsights_skip_tracking":false,"_monsterinsights_sitenote_active":false,"_monsterinsights_sitenote_note":"","_monsterinsights_sitenote_category":0},"product_brand":[],"product_cat":[103,95],"product_tag":[521,522],"class_list":{"0":"post-15170","1":"product","2":"type-product","3":"status-publish","4":"has-post-thumbnail","6":"product_cat-dovanu-idejos","7":"product_cat-interjerui","8":"product_tag-stiklinis-dubuo","9":"product_tag-turkio-spalva","11":"first","12":"instock","13":"taxable","14":"shipping-taxable","15":"purchasable","16":"product-type-simple"},"_links":{"self":[{"href":"https:\/\/duckdeco.lt\/lt\/wp-json\/wp\/v2\/product\/15170","targetHints":{"allow":["GET"]}}],"collection":[{"href":"https:\/\/duckdeco.lt\/lt\/wp-json\/wp\/v2\/product"}],"about":[{"href":"https:\/\/duckdeco.lt\/lt\/wp-json\/wp\/v2\/types\/product"}],"version-history":[{"count":1,"href":"https:\/\/duckdeco.lt\/lt\/wp-json\/wp\/v2\/product\/15170\/revisions"}],"predecessor-version":[{"id":15173,"href":"https:\/\/duckdeco.lt\/lt\/wp-json\/wp\/v2\/product\/15170\/revisions\/15173"}],"wp:featuredmedia":[{"embeddable":true,"href":"https:\/\/duckdeco.lt\/lt\/wp-json\/wp\/v2\/media\/15172"}],"wp:attachment":[{"href":"https:\/\/duckdeco.lt\/lt\/wp-json\/wp\/v2\/media?parent=15170"}],"wp:term":[{"taxonomy":"product_brand","embeddable":true,"href":"https:\/\/duckdeco.lt\/lt\/wp-json\/wp\/v2\/product_brand?post=15170"},{"taxonomy":"product_cat","embeddable":true,"href":"https:\/\/duckdeco.lt\/lt\/wp-json\/wp\/v2\/product_cat?post=15170"},{"taxonomy":"product_tag","embeddable":true,"href":"https:\/\/duckdeco.lt\/lt\/wp-json\/wp\/v2\/product_tag?post=15170"}],"curies":[{"name":"wp","href":"https:\/\/api.w.org\/{rel}","templated":true}]}}