{"id":15207,"date":"2025-02-10T14:25:20","date_gmt":"2025-02-10T12:25:20","guid":{"rendered":"https:\/\/duckdeco.lt\/?post_type=product&#038;p=15207"},"modified":"2026-03-13T10:02:26","modified_gmt":"2026-03-13T08:02:26","slug":"vaza-zina-35-cm","status":"publish","type":"product","link":"https:\/\/duckdeco.lt\/lt\/product\/vaza-zina-35-cm\/","title":{"rendered":"Vaza Zina  35 cm"},"content":{"rendered":"<ul>\n<li>Perdirbto stiklo vazos gali b\u016bti puikus interjero elementas, pridedantis subtilaus gro\u017eio ir unikalumo j\u016bs\u0173 namams ar biurui.<\/li>\n<li>Sukurkite \u012fsp\u016bding\u0105 kompozicij\u0105, derindami kelet\u0105 skirting\u0173 dyd\u017ei\u0173 ir form\u0173 vaz\u0173. Tai gali b\u016bti puiki galimyb\u0117 sukurti \u012fdom\u0173 vizualin\u012f efekt\u0105 ir prid\u0117ti tekst\u016bros \u012f erdv\u0119.<\/li>\n<li>Poveikio pary\u0161kinimas su kontrastingomis spalvomis: jei j\u016bs\u0173 interjere dominuoja viena spalva, perdirbto stiklo vaza gali pary\u0161kinti kontrasting\u0173 spalv\u0173 akcentus.<\/li>\n<li>Detal\u0117s: med\u017eiaga &#8211; stiklas.<\/li>\n<li>Spalva &#8211; \u017ealia.<br \/>\n<table width=\"405\">\n<tbody>\n<tr>\n<td width=\"91\">I\u0161matavimai: Skersmuo 12 cm\/ Auk\u0161tis 35 cm.<\/td>\n<\/tr>\n<\/tbody>\n<\/table>\n<p>&nbsp;<\/li>\n<\/ul>\n<p>&nbsp;<\/p>\n","protected":false},"excerpt":{"rendered":"<p>Perdirbto stiklo vazos gali b\u016bti puikus interjero elementas, pridedantis subtilaus gro\u017eio ir unikalumo j\u016bs\u0173 namams ar biurui. Sukurkite \u012fsp\u016bding\u0105 kompozicij\u0105, derindami kelet\u0105 skirting\u0173 dyd\u017ei\u0173 ir form\u0173 vaz\u0173. Tai gali b\u016bti puiki galimyb\u0117 sukurti \u012fdom\u0173 vizualin\u012f efekt\u0105 ir prid\u0117ti tekst\u016bros \u012f erdv\u0119. Poveikio pary\u0161kinimas su kontrastingomis spalvomis: jei j\u016bs\u0173 interjere dominuoja viena spalva, perdirbto stiklo vaza &hellip; <br \/><a href=\"https:\/\/duckdeco.lt\/lt\/product\/vaza-zina-35-cm\/\" class=\"more-link\">Continue reading <span class=\"screen-reader-text\">Vaza Zina  35 cm<\/span><\/a><\/p>\n","protected":false},"featured_media":15208,"template":"","meta":{"_monsterinsights_skip_tracking":false,"_monsterinsights_sitenote_active":false,"_monsterinsights_sitenote_note":"","_monsterinsights_sitenote_category":0},"product_brand":[],"product_cat":[103,101],"product_tag":[524,523],"class_list":{"0":"post-15207","1":"product","2":"type-product","3":"status-publish","4":"has-post-thumbnail","6":"product_cat-dovanu-idejos","7":"product_cat-vazos","8":"product_tag-perdirbto-stiklo-vaza","9":"product_tag-zalia-vaza","11":"first","12":"outofstock","13":"taxable","14":"shipping-taxable","15":"purchasable","16":"product-type-simple"},"_links":{"self":[{"href":"https:\/\/duckdeco.lt\/lt\/wp-json\/wp\/v2\/product\/15207","targetHints":{"allow":["GET"]}}],"collection":[{"href":"https:\/\/duckdeco.lt\/lt\/wp-json\/wp\/v2\/product"}],"about":[{"href":"https:\/\/duckdeco.lt\/lt\/wp-json\/wp\/v2\/types\/product"}],"version-history":[{"count":1,"href":"https:\/\/duckdeco.lt\/lt\/wp-json\/wp\/v2\/product\/15207\/revisions"}],"predecessor-version":[{"id":15209,"href":"https:\/\/duckdeco.lt\/lt\/wp-json\/wp\/v2\/product\/15207\/revisions\/15209"}],"wp:featuredmedia":[{"embeddable":true,"href":"https:\/\/duckdeco.lt\/lt\/wp-json\/wp\/v2\/media\/15208"}],"wp:attachment":[{"href":"https:\/\/duckdeco.lt\/lt\/wp-json\/wp\/v2\/media?parent=15207"}],"wp:term":[{"taxonomy":"product_brand","embeddable":true,"href":"https:\/\/duckdeco.lt\/lt\/wp-json\/wp\/v2\/product_brand?post=15207"},{"taxonomy":"product_cat","embeddable":true,"href":"https:\/\/duckdeco.lt\/lt\/wp-json\/wp\/v2\/product_cat?post=15207"},{"taxonomy":"product_tag","embeddable":true,"href":"https:\/\/duckdeco.lt\/lt\/wp-json\/wp\/v2\/product_tag?post=15207"}],"curies":[{"name":"wp","href":"https:\/\/api.w.org\/{rel}","templated":true}]}}