{"id":15213,"date":"2025-02-10T15:22:20","date_gmt":"2025-02-10T13:22:20","guid":{"rendered":"https:\/\/duckdeco.lt\/?post_type=product&#038;p=15213"},"modified":"2025-02-10T15:22:20","modified_gmt":"2025-02-10T13:22:20","slug":"vaza-talia-21-cm","status":"publish","type":"product","link":"https:\/\/duckdeco.lt\/lt\/product\/vaza-talia-21-cm\/","title":{"rendered":"Vaza Talia 21 cm"},"content":{"rendered":"<ul>\n<li>D\u0117l savo eleganti\u0161ko ir nestandartinio dizaino \u0161i vaza puikiai tiks ne tik \u0161iuolaiki\u0161kam, bet ir eklekti\u0161kam interjerui. Ji pad\u0117s sukurti unikali\u0105 atmosfer\u0105 ir pabr\u0117\u0161 J\u016bs\u0173 k\u016brybin\u012f po\u017ei\u016br\u012f \u012f dekor\u0105.<\/li>\n<li>Tai ne tik funkcionalus aksesuaras, bet ir meno k\u016brinys, kuris suteiks J\u016bs\u0173 namams i\u0161skirtinumo, sukurs \u012fsimintin\u0105 ir stiling\u0105 aplink\u0105.Detal\u0117s: med\u017eiaga &#8211; keramika. Spalva &#8211; kremin\u0117.<br \/>\n<table width=\"405\">\n<tbody>\n<tr>\n<td width=\"91\">I\u0161matavimai: Skersmuo 15,5 cm \/ Auk\u0161tis 21 cm.<\/td>\n<\/tr>\n<\/tbody>\n<\/table>\n<p>&nbsp;<\/li>\n<\/ul>\n","protected":false},"excerpt":{"rendered":"<p>D\u0117l savo eleganti\u0161ko ir nestandartinio dizaino \u0161i vaza puikiai tiks ne tik \u0161iuolaiki\u0161kam, bet ir eklekti\u0161kam interjerui. Ji pad\u0117s sukurti unikali\u0105 atmosfer\u0105 ir pabr\u0117\u0161 J\u016bs\u0173 k\u016brybin\u012f po\u017ei\u016br\u012f \u012f dekor\u0105. Tai ne tik funkcionalus aksesuaras, bet ir meno k\u016brinys, kuris suteiks J\u016bs\u0173 namams i\u0161skirtinumo, sukurs \u012fsimintin\u0105 ir stiling\u0105 aplink\u0105.Detal\u0117s: med\u017eiaga &#8211; keramika. Spalva &#8211; kremin\u0117. I\u0161matavimai: &hellip; <br \/><a href=\"https:\/\/duckdeco.lt\/lt\/product\/vaza-talia-21-cm\/\" class=\"more-link\">Continue reading <span class=\"screen-reader-text\">Vaza Talia 21 cm<\/span><\/a><\/p>\n","protected":false},"featured_media":15215,"template":"","meta":{"_monsterinsights_skip_tracking":false,"_monsterinsights_sitenote_active":false,"_monsterinsights_sitenote_note":"","_monsterinsights_sitenote_category":0},"product_brand":[],"product_cat":[103,101],"product_tag":[],"class_list":{"0":"post-15213","1":"product","2":"type-product","3":"status-publish","4":"has-post-thumbnail","6":"product_cat-dovanu-idejos","7":"product_cat-vazos","9":"first","10":"instock","11":"taxable","12":"shipping-taxable","13":"purchasable","14":"product-type-simple"},"_links":{"self":[{"href":"https:\/\/duckdeco.lt\/lt\/wp-json\/wp\/v2\/product\/15213","targetHints":{"allow":["GET"]}}],"collection":[{"href":"https:\/\/duckdeco.lt\/lt\/wp-json\/wp\/v2\/product"}],"about":[{"href":"https:\/\/duckdeco.lt\/lt\/wp-json\/wp\/v2\/types\/product"}],"version-history":[{"count":1,"href":"https:\/\/duckdeco.lt\/lt\/wp-json\/wp\/v2\/product\/15213\/revisions"}],"predecessor-version":[{"id":15216,"href":"https:\/\/duckdeco.lt\/lt\/wp-json\/wp\/v2\/product\/15213\/revisions\/15216"}],"wp:featuredmedia":[{"embeddable":true,"href":"https:\/\/duckdeco.lt\/lt\/wp-json\/wp\/v2\/media\/15215"}],"wp:attachment":[{"href":"https:\/\/duckdeco.lt\/lt\/wp-json\/wp\/v2\/media?parent=15213"}],"wp:term":[{"taxonomy":"product_brand","embeddable":true,"href":"https:\/\/duckdeco.lt\/lt\/wp-json\/wp\/v2\/product_brand?post=15213"},{"taxonomy":"product_cat","embeddable":true,"href":"https:\/\/duckdeco.lt\/lt\/wp-json\/wp\/v2\/product_cat?post=15213"},{"taxonomy":"product_tag","embeddable":true,"href":"https:\/\/duckdeco.lt\/lt\/wp-json\/wp\/v2\/product_tag?post=15213"}],"curies":[{"name":"wp","href":"https:\/\/api.w.org\/{rel}","templated":true}]}}