{"id":15219,"date":"2025-02-10T15:54:47","date_gmt":"2025-02-10T13:54:47","guid":{"rendered":"https:\/\/duckdeco.lt\/?post_type=product&#038;p=15219"},"modified":"2025-10-29T13:08:19","modified_gmt":"2025-10-29T11:08:19","slug":"statula-juros-arkliukas","status":"publish","type":"product","link":"https:\/\/duckdeco.lt\/lt\/product\/statula-juros-arkliukas\/","title":{"rendered":"Statula J\u016bros arkliukas"},"content":{"rendered":"<ul>\n<li>Rank\u0173 darbo dekoracija j\u016bros arkliukas. Pagra\u017einkite savo nam\u0173 vonios kambar\u012f, \u017euvies restoran\u0105 ar papl\u016bdimio vie\u0161bu\u010dio kambar\u012f \u0161ia\u00a0 j\u016brine skulpt\u016bra. Naudokite j\u016br\u0173 arkliuko apdail\u0105 kartu su kitais j\u016briniais elementais, kad sukurtum\u0117te patrauklias parduotuvi\u0173 vitrin\u0173 bei kelioni\u0173 agent\u016br\u0173 dekoracijas.<\/li>\n<li>Detal\u0117s: med\u017eiaga &#8211; skarda \/ mediena.<\/li>\n<li>Spalva &#8211; oksiduota \u017ealia.<br \/>\n<table width=\"405\">\n<tbody>\n<tr>\n<td width=\"91\">I\u0161matavimai: Ilgis 24 cm \/ Plotis 12 cm \/ Auk\u0161tis 63 cm.<\/td>\n<\/tr>\n<\/tbody>\n<\/table>\n<p>&nbsp;<\/li>\n<\/ul>\n<p>&nbsp;<\/p>\n","protected":false},"excerpt":{"rendered":"<p>Rank\u0173 darbo dekoracija j\u016bros arkliukas. Pagra\u017einkite savo nam\u0173 vonios kambar\u012f, \u017euvies restoran\u0105 ar papl\u016bdimio vie\u0161bu\u010dio kambar\u012f \u0161ia\u00a0 j\u016brine skulpt\u016bra. Naudokite j\u016br\u0173 arkliuko apdail\u0105 kartu su kitais j\u016briniais elementais, kad sukurtum\u0117te patrauklias parduotuvi\u0173 vitrin\u0173 bei kelioni\u0173 agent\u016br\u0173 dekoracijas. Detal\u0117s: med\u017eiaga &#8211; skarda \/ mediena. Spalva &#8211; oksiduota \u017ealia. I\u0161matavimai: Ilgis 24 cm \/ Plotis 12 cm &hellip; <br \/><a href=\"https:\/\/duckdeco.lt\/lt\/product\/statula-juros-arkliukas\/\" class=\"more-link\">Continue reading <span class=\"screen-reader-text\">Statula J\u016bros arkliukas<\/span><\/a><\/p>\n","protected":false},"featured_media":15220,"template":"","meta":{"_monsterinsights_skip_tracking":false,"_monsterinsights_sitenote_active":false,"_monsterinsights_sitenote_note":"","_monsterinsights_sitenote_category":0},"product_brand":[],"product_cat":[103,95,130],"product_tag":[],"class_list":{"0":"post-15219","1":"product","2":"type-product","3":"status-publish","4":"has-post-thumbnail","6":"product_cat-dovanu-idejos","7":"product_cat-interjerui","8":"product_cat-statuleles-deco","10":"first","11":"instock","12":"taxable","13":"shipping-taxable","14":"purchasable","15":"product-type-simple"},"_links":{"self":[{"href":"https:\/\/duckdeco.lt\/lt\/wp-json\/wp\/v2\/product\/15219","targetHints":{"allow":["GET"]}}],"collection":[{"href":"https:\/\/duckdeco.lt\/lt\/wp-json\/wp\/v2\/product"}],"about":[{"href":"https:\/\/duckdeco.lt\/lt\/wp-json\/wp\/v2\/types\/product"}],"version-history":[{"count":1,"href":"https:\/\/duckdeco.lt\/lt\/wp-json\/wp\/v2\/product\/15219\/revisions"}],"predecessor-version":[{"id":15221,"href":"https:\/\/duckdeco.lt\/lt\/wp-json\/wp\/v2\/product\/15219\/revisions\/15221"}],"wp:featuredmedia":[{"embeddable":true,"href":"https:\/\/duckdeco.lt\/lt\/wp-json\/wp\/v2\/media\/15220"}],"wp:attachment":[{"href":"https:\/\/duckdeco.lt\/lt\/wp-json\/wp\/v2\/media?parent=15219"}],"wp:term":[{"taxonomy":"product_brand","embeddable":true,"href":"https:\/\/duckdeco.lt\/lt\/wp-json\/wp\/v2\/product_brand?post=15219"},{"taxonomy":"product_cat","embeddable":true,"href":"https:\/\/duckdeco.lt\/lt\/wp-json\/wp\/v2\/product_cat?post=15219"},{"taxonomy":"product_tag","embeddable":true,"href":"https:\/\/duckdeco.lt\/lt\/wp-json\/wp\/v2\/product_tag?post=15219"}],"curies":[{"name":"wp","href":"https:\/\/api.w.org\/{rel}","templated":true}]}}