{"id":15288,"date":"2025-03-24T08:14:24","date_gmt":"2025-03-24T06:14:24","guid":{"rendered":"https:\/\/duckdeco.lt\/?post_type=product&#038;p=15288"},"modified":"2025-03-24T08:19:58","modified_gmt":"2025-03-24T06:19:58","slug":"statulele-leopardas-i","status":"publish","type":"product","link":"https:\/\/duckdeco.lt\/lt\/product\/statulele-leopardas-i\/","title":{"rendered":"Statul\u0117l\u0117 Leopardas I"},"content":{"rendered":"<ul>\n<li><span class=\"HwtZe\" lang=\"lt\"><span class=\"jCAhz ChMk0b\"><span class=\"ryNqvb\">Retro stiliaus statul\u0117l\u0117, geras akcentas bet kuriuose \u0161iuolaikiniuose namuose.<\/span><\/span> <span class=\"jCAhz ChMk0b\"><span class=\"ryNqvb\">Prie gero skonio prid\u0117ti \u0161iek tiek nostalgijos dar niekam nepakenk\u0117.<\/span><\/span> <\/span><\/li>\n<li><span class=\"HwtZe\" lang=\"lt\"><span class=\"jCAhz ChMk0b\"><span class=\"ryNqvb\">Dekoratyvin\u0117 fig\u016bra su retro apdaila, i\u0161skirtinio dizaino ir tiksliai sukurta su meile detal\u0117ms.<\/span><\/span> <span class=\"jCAhz ChMk0b\"><span class=\"ryNqvb\">Puiki dovanos id\u0117ja su aristokrati\u0161ku \u017evilgsniu i\u0161 Kare Design.<\/span><\/span> <\/span><\/li>\n<li><span class=\"HwtZe\" lang=\"lt\">Detal\u0117s: med\u017eiaga \u2013 polirezinas. <\/span><\/li>\n<li><span class=\"HwtZe\" lang=\"lt\">Spalva \u2013 aukso.<br \/>\n<\/span><\/p>\n<table width=\"441\">\n<tbody>\n<tr>\n<td width=\"91\">I\u0161matavimai: Gylis 9 cm \/ Plotis 14 cm \/ Auk\u0161tis 24 cm.<\/td>\n<\/tr>\n<\/tbody>\n<\/table>\n<p>&nbsp;<\/li>\n<\/ul>\n","protected":false},"excerpt":{"rendered":"<p>Retro stiliaus statul\u0117l\u0117, geras akcentas bet kuriuose \u0161iuolaikiniuose namuose. Prie gero skonio prid\u0117ti \u0161iek tiek nostalgijos dar niekam nepakenk\u0117. Dekoratyvin\u0117 fig\u016bra su retro apdaila, i\u0161skirtinio dizaino ir tiksliai sukurta su meile detal\u0117ms. Puiki dovanos id\u0117ja su aristokrati\u0161ku \u017evilgsniu i\u0161 Kare Design. Detal\u0117s: med\u017eiaga \u2013 polirezinas. Spalva \u2013 aukso. I\u0161matavimai: Gylis 9 cm \/ Plotis 14 &hellip; <br \/><a href=\"https:\/\/duckdeco.lt\/lt\/product\/statulele-leopardas-i\/\" class=\"more-link\">Continue reading <span class=\"screen-reader-text\">Statul\u0117l\u0117 Leopardas I<\/span><\/a><\/p>\n","protected":false},"featured_media":15291,"template":"","meta":{"_monsterinsights_skip_tracking":false,"_monsterinsights_sitenote_active":false,"_monsterinsights_sitenote_note":"","_monsterinsights_sitenote_category":0},"product_brand":[],"product_cat":[106,103,130],"product_tag":[294],"class_list":{"0":"post-15288","1":"product","2":"type-product","3":"status-publish","4":"has-post-thumbnail","6":"product_cat-dekoras-sventems","7":"product_cat-dovanu-idejos","8":"product_cat-statuleles-deco","9":"product_tag-dekoratyvine-statulele","11":"first","12":"instock","13":"taxable","14":"shipping-taxable","15":"purchasable","16":"product-type-simple"},"_links":{"self":[{"href":"https:\/\/duckdeco.lt\/lt\/wp-json\/wp\/v2\/product\/15288","targetHints":{"allow":["GET"]}}],"collection":[{"href":"https:\/\/duckdeco.lt\/lt\/wp-json\/wp\/v2\/product"}],"about":[{"href":"https:\/\/duckdeco.lt\/lt\/wp-json\/wp\/v2\/types\/product"}],"version-history":[{"count":3,"href":"https:\/\/duckdeco.lt\/lt\/wp-json\/wp\/v2\/product\/15288\/revisions"}],"predecessor-version":[{"id":15293,"href":"https:\/\/duckdeco.lt\/lt\/wp-json\/wp\/v2\/product\/15288\/revisions\/15293"}],"wp:featuredmedia":[{"embeddable":true,"href":"https:\/\/duckdeco.lt\/lt\/wp-json\/wp\/v2\/media\/15291"}],"wp:attachment":[{"href":"https:\/\/duckdeco.lt\/lt\/wp-json\/wp\/v2\/media?parent=15288"}],"wp:term":[{"taxonomy":"product_brand","embeddable":true,"href":"https:\/\/duckdeco.lt\/lt\/wp-json\/wp\/v2\/product_brand?post=15288"},{"taxonomy":"product_cat","embeddable":true,"href":"https:\/\/duckdeco.lt\/lt\/wp-json\/wp\/v2\/product_cat?post=15288"},{"taxonomy":"product_tag","embeddable":true,"href":"https:\/\/duckdeco.lt\/lt\/wp-json\/wp\/v2\/product_tag?post=15288"}],"curies":[{"name":"wp","href":"https:\/\/api.w.org\/{rel}","templated":true}]}}