{"id":15294,"date":"2025-03-24T08:44:27","date_gmt":"2025-03-24T06:44:27","guid":{"rendered":"https:\/\/duckdeco.lt\/?post_type=product&#038;p=15294"},"modified":"2025-03-24T08:44:27","modified_gmt":"2025-03-24T06:44:27","slug":"statulele-barsukas","status":"publish","type":"product","link":"https:\/\/duckdeco.lt\/lt\/product\/statulele-barsukas\/","title":{"rendered":"Statul\u0117l\u0117 Barsukas"},"content":{"rendered":"<ul>\n<li><span class=\"HwtZe\" lang=\"lt\"> <span class=\"jCAhz ChMk0b\"><span class=\"ryNqvb\">\u0160is \u017eavus barsukas moka akimirksniu patraukti d\u0117mes\u012f savo stilinga apranga.<\/span><\/span> <span class=\"jCAhz ChMk0b\"><span class=\"ryNqvb\">\u017daisminga barsuko fig\u016br\u0117l\u0117 puikiai der\u0117s prie bet kokio interjero, tai akcentas kuris prid\u0117s \u017eavesio svetain\u0117je, darbo kambaryje ar biure.<\/span><\/span>\u00a0<\/span><\/li>\n<li>Detal\u0117s: med\u017eiaga &#8211; polirezinas.<\/li>\n<li>Spalva &#8211; \u012fvairiaspalvis.<br \/>\n<table width=\"457\">\n<tbody>\n<tr>\n<td width=\"91\">I\u0161matavimai: Ilgis 11,5 cm \/ Plotis 13 cm \/ Auk\u0161tis 29.5 cm.<\/td>\n<\/tr>\n<\/tbody>\n<\/table>\n<p>&nbsp;<\/li>\n<\/ul>\n","protected":false},"excerpt":{"rendered":"<p>\u0160is \u017eavus barsukas moka akimirksniu patraukti d\u0117mes\u012f savo stilinga apranga. \u017daisminga barsuko fig\u016br\u0117l\u0117 puikiai der\u0117s prie bet kokio interjero, tai akcentas kuris prid\u0117s \u017eavesio svetain\u0117je, darbo kambaryje ar biure.\u00a0 Detal\u0117s: med\u017eiaga &#8211; polirezinas. Spalva &#8211; \u012fvairiaspalvis. I\u0161matavimai: Ilgis 11,5 cm \/ Plotis 13 cm \/ Auk\u0161tis 29.5 cm. &nbsp;<\/p>\n","protected":false},"featured_media":15295,"template":"","meta":{"_monsterinsights_skip_tracking":false,"_monsterinsights_sitenote_active":false,"_monsterinsights_sitenote_note":"","_monsterinsights_sitenote_category":0},"product_brand":[],"product_cat":[106,103,130],"product_tag":[525],"class_list":{"0":"post-15294","1":"product","2":"type-product","3":"status-publish","4":"has-post-thumbnail","6":"product_cat-dekoras-sventems","7":"product_cat-dovanu-idejos","8":"product_cat-statuleles-deco","9":"product_tag-statulele-barsukas","11":"first","12":"instock","13":"taxable","14":"shipping-taxable","15":"purchasable","16":"product-type-simple"},"_links":{"self":[{"href":"https:\/\/duckdeco.lt\/lt\/wp-json\/wp\/v2\/product\/15294","targetHints":{"allow":["GET"]}}],"collection":[{"href":"https:\/\/duckdeco.lt\/lt\/wp-json\/wp\/v2\/product"}],"about":[{"href":"https:\/\/duckdeco.lt\/lt\/wp-json\/wp\/v2\/types\/product"}],"version-history":[{"count":1,"href":"https:\/\/duckdeco.lt\/lt\/wp-json\/wp\/v2\/product\/15294\/revisions"}],"predecessor-version":[{"id":15296,"href":"https:\/\/duckdeco.lt\/lt\/wp-json\/wp\/v2\/product\/15294\/revisions\/15296"}],"wp:featuredmedia":[{"embeddable":true,"href":"https:\/\/duckdeco.lt\/lt\/wp-json\/wp\/v2\/media\/15295"}],"wp:attachment":[{"href":"https:\/\/duckdeco.lt\/lt\/wp-json\/wp\/v2\/media?parent=15294"}],"wp:term":[{"taxonomy":"product_brand","embeddable":true,"href":"https:\/\/duckdeco.lt\/lt\/wp-json\/wp\/v2\/product_brand?post=15294"},{"taxonomy":"product_cat","embeddable":true,"href":"https:\/\/duckdeco.lt\/lt\/wp-json\/wp\/v2\/product_cat?post=15294"},{"taxonomy":"product_tag","embeddable":true,"href":"https:\/\/duckdeco.lt\/lt\/wp-json\/wp\/v2\/product_tag?post=15294"}],"curies":[{"name":"wp","href":"https:\/\/api.w.org\/{rel}","templated":true}]}}