{"id":15312,"date":"2025-03-24T10:15:29","date_gmt":"2025-03-24T08:15:29","guid":{"rendered":"https:\/\/duckdeco.lt\/?post_type=product&#038;p=15312"},"modified":"2025-03-24T10:15:41","modified_gmt":"2025-03-24T08:15:41","slug":"sienos-dekoracija-misko-pauksciai","status":"publish","type":"product","link":"https:\/\/duckdeco.lt\/lt\/product\/sienos-dekoracija-misko-pauksciai\/","title":{"rendered":"Sienos dekoracija &#8211; Mi\u0161ko pauk\u0161\u010diai"},"content":{"rendered":"<ul>\n<li><span class=\"HwtZe\" lang=\"lt\"><span class=\"jCAhz ChMk0b\"><span class=\"ryNqvb\">Ie\u0161kote gra\u017eios spalvingos sienos dekoracijos?<\/span><\/span> tuomet<span class=\"jCAhz ChMk0b\"><span class=\"ryNqvb\"> Heinen Delft Blauw kolekcijos sienos l\u0117k\u0161t\u0117\u00a0 yra puikus pasirinkimas.<\/span><\/span> <span class=\"jCAhz ChMk0b\"><span class=\"ryNqvb\">Atrodo kaip \u012fprasta piet\u0173 l\u0117k\u0161t\u0117, bet dekoruota gra\u017eiu atspaudu.<\/span><\/span>\u00a0<\/span><\/li>\n<li><span class=\"HwtZe\" lang=\"lt\"><span class=\"jCAhz ChMk0b\"><span class=\"ryNqvb\">Sukurkite unikal\u0173 efekt\u0105 derindami skirting\u0173 dyd\u017ei\u0173, skirting\u0173 spaudini\u0173 l\u0117k\u0161tes.<\/span><\/span> <\/span><\/li>\n<li><span class=\"HwtZe\" lang=\"lt\"><span class=\"jCAhz ChMk0b\"><span class=\"ryNqvb\">Pagaminta i\u0161 auk\u0161tos kokyb\u0117s keramikos, turi pakabinimo vielel\u0119.<\/span><\/span> <\/span><\/li>\n<li>Spalva \u2013 \u012fvairiaspalvis.<\/li>\n<\/ul>\n<table width=\"262\">\n<tbody>\n<tr>\n<td width=\"91\">I\u0161matavimai: Skersmuo 31 cm<\/td>\n<\/tr>\n<\/tbody>\n<\/table>\n<p>&nbsp;<\/p>\n","protected":false},"excerpt":{"rendered":"<p>Ie\u0161kote gra\u017eios spalvingos sienos dekoracijos? tuomet Heinen Delft Blauw kolekcijos sienos l\u0117k\u0161t\u0117\u00a0 yra puikus pasirinkimas. Atrodo kaip \u012fprasta piet\u0173 l\u0117k\u0161t\u0117, bet dekoruota gra\u017eiu atspaudu.\u00a0 Sukurkite unikal\u0173 efekt\u0105 derindami skirting\u0173 dyd\u017ei\u0173, skirting\u0173 spaudini\u0173 l\u0117k\u0161tes. Pagaminta i\u0161 auk\u0161tos kokyb\u0117s keramikos, turi pakabinimo vielel\u0119. Spalva \u2013 \u012fvairiaspalvis. I\u0161matavimai: Skersmuo 31 cm &nbsp;<\/p>\n","protected":false},"featured_media":15313,"template":"","meta":{"_monsterinsights_skip_tracking":false,"_monsterinsights_sitenote_active":false,"_monsterinsights_sitenote_note":"","_monsterinsights_sitenote_category":0},"product_brand":[],"product_cat":[103,95],"product_tag":[],"class_list":{"0":"post-15312","1":"product","2":"type-product","3":"status-publish","4":"has-post-thumbnail","6":"product_cat-dovanu-idejos","7":"product_cat-interjerui","9":"first","10":"instock","11":"taxable","12":"shipping-taxable","13":"purchasable","14":"product-type-simple"},"_links":{"self":[{"href":"https:\/\/duckdeco.lt\/lt\/wp-json\/wp\/v2\/product\/15312","targetHints":{"allow":["GET"]}}],"collection":[{"href":"https:\/\/duckdeco.lt\/lt\/wp-json\/wp\/v2\/product"}],"about":[{"href":"https:\/\/duckdeco.lt\/lt\/wp-json\/wp\/v2\/types\/product"}],"version-history":[{"count":1,"href":"https:\/\/duckdeco.lt\/lt\/wp-json\/wp\/v2\/product\/15312\/revisions"}],"predecessor-version":[{"id":15315,"href":"https:\/\/duckdeco.lt\/lt\/wp-json\/wp\/v2\/product\/15312\/revisions\/15315"}],"wp:featuredmedia":[{"embeddable":true,"href":"https:\/\/duckdeco.lt\/lt\/wp-json\/wp\/v2\/media\/15313"}],"wp:attachment":[{"href":"https:\/\/duckdeco.lt\/lt\/wp-json\/wp\/v2\/media?parent=15312"}],"wp:term":[{"taxonomy":"product_brand","embeddable":true,"href":"https:\/\/duckdeco.lt\/lt\/wp-json\/wp\/v2\/product_brand?post=15312"},{"taxonomy":"product_cat","embeddable":true,"href":"https:\/\/duckdeco.lt\/lt\/wp-json\/wp\/v2\/product_cat?post=15312"},{"taxonomy":"product_tag","embeddable":true,"href":"https:\/\/duckdeco.lt\/lt\/wp-json\/wp\/v2\/product_tag?post=15312"}],"curies":[{"name":"wp","href":"https:\/\/api.w.org\/{rel}","templated":true}]}}