{"id":15319,"date":"2025-03-24T11:03:59","date_gmt":"2025-03-24T09:03:59","guid":{"rendered":"https:\/\/duckdeco.lt\/?post_type=product&#038;p=15319"},"modified":"2025-03-24T11:04:24","modified_gmt":"2025-03-24T09:04:24","slug":"tapyba-liutas","status":"publish","type":"product","link":"https:\/\/duckdeco.lt\/lt\/product\/tapyba-liutas\/","title":{"rendered":"Tapyba &#8211; Li\u016btas"},"content":{"rendered":"<ul>\n<li><span class=\"HwtZe\" lang=\"lt\"><span class=\"jCAhz ChMk0b\"><span class=\"ryNqvb\">Suteikite savo erdvei originalumo su i\u0161skirtiniu stilingo li\u016bto paveikslu.<\/span><\/span> <span class=\"jCAhz ChMk0b\"><span class=\"ryNqvb\">\u0160is meno k\u016brinys, primenantis popmen\u0105 ir ry\u0161k\u0173, spalving\u0105 stili\u0173, suteikia \u017eaismingo elemento bet kuriam kambariui.<\/span><\/span> <span class=\"jCAhz ChMk0b\"><span class=\"ryNqvb\">Praturtinkite savo interjer\u0105 \u0161iuo meni\u0161ku pos\u016bkiu ir suteikite savo erdvei stebinan\u010di\u0105 i\u0161vaizd\u0105!<\/span><\/span><\/span><\/li>\n<li><span class=\"HwtZe\" lang=\"lt\"><span class=\"jCAhz ChMk0b\"><span class=\"ryNqvb\">Detal\u0117s: med\u017eiaga \u2013 mdf\/ kartonas \/ drob\u0117.<br \/>\n<\/span><\/span><\/span><\/p>\n<table width=\"405\">\n<tbody>\n<tr>\n<td width=\"91\">I\u0161matavimai: Ilgis 70 cm \/ Plotis 50 cm \/ Auk\u0161tis 3 cm<\/td>\n<\/tr>\n<\/tbody>\n<\/table>\n<\/li>\n<\/ul>\n","protected":false},"excerpt":{"rendered":"<p>Suteikite savo erdvei originalumo su i\u0161skirtiniu stilingo li\u016bto paveikslu. \u0160is meno k\u016brinys, primenantis popmen\u0105 ir ry\u0161k\u0173, spalving\u0105 stili\u0173, suteikia \u017eaismingo elemento bet kuriam kambariui. Praturtinkite savo interjer\u0105 \u0161iuo meni\u0161ku pos\u016bkiu ir suteikite savo erdvei stebinan\u010di\u0105 i\u0161vaizd\u0105! Detal\u0117s: med\u017eiaga \u2013 mdf\/ kartonas \/ drob\u0117. I\u0161matavimai: Ilgis 70 cm \/ Plotis 50 cm \/ Auk\u0161tis 3 cm<\/p>\n","protected":false},"featured_media":15320,"template":"","meta":{"_monsterinsights_skip_tracking":false,"_monsterinsights_sitenote_active":false,"_monsterinsights_sitenote_note":"","_monsterinsights_sitenote_category":0},"product_brand":[],"product_cat":[103,143],"product_tag":[],"class_list":{"0":"post-15319","1":"product","2":"type-product","3":"status-publish","4":"has-post-thumbnail","6":"product_cat-dovanu-idejos","7":"product_cat-paveikslai","9":"first","10":"instock","11":"taxable","12":"shipping-taxable","13":"purchasable","14":"product-type-simple"},"_links":{"self":[{"href":"https:\/\/duckdeco.lt\/lt\/wp-json\/wp\/v2\/product\/15319","targetHints":{"allow":["GET"]}}],"collection":[{"href":"https:\/\/duckdeco.lt\/lt\/wp-json\/wp\/v2\/product"}],"about":[{"href":"https:\/\/duckdeco.lt\/lt\/wp-json\/wp\/v2\/types\/product"}],"version-history":[{"count":1,"href":"https:\/\/duckdeco.lt\/lt\/wp-json\/wp\/v2\/product\/15319\/revisions"}],"predecessor-version":[{"id":15321,"href":"https:\/\/duckdeco.lt\/lt\/wp-json\/wp\/v2\/product\/15319\/revisions\/15321"}],"wp:featuredmedia":[{"embeddable":true,"href":"https:\/\/duckdeco.lt\/lt\/wp-json\/wp\/v2\/media\/15320"}],"wp:attachment":[{"href":"https:\/\/duckdeco.lt\/lt\/wp-json\/wp\/v2\/media?parent=15319"}],"wp:term":[{"taxonomy":"product_brand","embeddable":true,"href":"https:\/\/duckdeco.lt\/lt\/wp-json\/wp\/v2\/product_brand?post=15319"},{"taxonomy":"product_cat","embeddable":true,"href":"https:\/\/duckdeco.lt\/lt\/wp-json\/wp\/v2\/product_cat?post=15319"},{"taxonomy":"product_tag","embeddable":true,"href":"https:\/\/duckdeco.lt\/lt\/wp-json\/wp\/v2\/product_tag?post=15319"}],"curies":[{"name":"wp","href":"https:\/\/api.w.org\/{rel}","templated":true}]}}