{"id":15322,"date":"2025-03-24T11:10:27","date_gmt":"2025-03-24T09:10:27","guid":{"rendered":"https:\/\/duckdeco.lt\/?post_type=product&#038;p=15322"},"modified":"2025-09-10T16:23:15","modified_gmt":"2025-09-10T13:23:15","slug":"tapyba-zuikis","status":"publish","type":"product","link":"https:\/\/duckdeco.lt\/lt\/product\/tapyba-zuikis\/","title":{"rendered":"Tapyba &#8211; Zuikis"},"content":{"rendered":"<ul>\n<li><span class=\"HwtZe\" lang=\"lt\"><span class=\"jCAhz ChMk0b\"><span class=\"ryNqvb\">Suteikite savo erdvei originalumo su i\u0161skirtiniu kostiumu apsirengusio zuikio paveikslu.<\/span><\/span> <span class=\"jCAhz ChMk0b\"><span class=\"ryNqvb\">\u0160is nostalgi\u0161kas meno k\u016brinys, suteiks \u017eaismingumo bet kuriam kambariui.<\/span><\/span> <span class=\"jCAhz ChMk0b\"><span class=\"ryNqvb\">Praturtinkite savo interjer\u0105 \u0161iuo meni\u0161ku pos\u016bkiu ir suteikite savo erdvei stebinan\u010di\u0105 i\u0161vaizd\u0105!<\/span><\/span><\/span><\/li>\n<li><span class=\"HwtZe\" lang=\"lt\"><span class=\"jCAhz ChMk0b\"><span class=\"ryNqvb\">Detal\u0117s: med\u017eiaga \u2013 mdf\/ kartonas \/ drob\u0117.<br \/>\n<\/span><\/span><\/span><\/p>\n<table width=\"405\">\n<tbody>\n<tr>\n<td width=\"91\">I\u0161matavimai: Ilgis 60 cm \/ Plotis 45 cm \/ Auk\u0161tis 2.5 cm<\/td>\n<\/tr>\n<\/tbody>\n<\/table>\n<\/li>\n<\/ul>\n","protected":false},"excerpt":{"rendered":"<p>Suteikite savo erdvei originalumo su i\u0161skirtiniu kostiumu apsirengusio zuikio paveikslu. \u0160is nostalgi\u0161kas meno k\u016brinys, suteiks \u017eaismingumo bet kuriam kambariui. Praturtinkite savo interjer\u0105 \u0161iuo meni\u0161ku pos\u016bkiu ir suteikite savo erdvei stebinan\u010di\u0105 i\u0161vaizd\u0105! Detal\u0117s: med\u017eiaga \u2013 mdf\/ kartonas \/ drob\u0117. I\u0161matavimai: Ilgis 60 cm \/ Plotis 45 cm \/ Auk\u0161tis 2.5 cm<\/p>\n","protected":false},"featured_media":15323,"template":"","meta":{"_monsterinsights_skip_tracking":false,"_monsterinsights_sitenote_active":false,"_monsterinsights_sitenote_note":"","_monsterinsights_sitenote_category":0},"product_brand":[],"product_cat":[103,143],"product_tag":[],"class_list":{"0":"post-15322","1":"product","2":"type-product","3":"status-publish","4":"has-post-thumbnail","6":"product_cat-dovanu-idejos","7":"product_cat-paveikslai","9":"first","10":"instock","11":"taxable","12":"shipping-taxable","13":"purchasable","14":"product-type-simple"},"_links":{"self":[{"href":"https:\/\/duckdeco.lt\/lt\/wp-json\/wp\/v2\/product\/15322","targetHints":{"allow":["GET"]}}],"collection":[{"href":"https:\/\/duckdeco.lt\/lt\/wp-json\/wp\/v2\/product"}],"about":[{"href":"https:\/\/duckdeco.lt\/lt\/wp-json\/wp\/v2\/types\/product"}],"version-history":[{"count":1,"href":"https:\/\/duckdeco.lt\/lt\/wp-json\/wp\/v2\/product\/15322\/revisions"}],"predecessor-version":[{"id":15324,"href":"https:\/\/duckdeco.lt\/lt\/wp-json\/wp\/v2\/product\/15322\/revisions\/15324"}],"wp:featuredmedia":[{"embeddable":true,"href":"https:\/\/duckdeco.lt\/lt\/wp-json\/wp\/v2\/media\/15323"}],"wp:attachment":[{"href":"https:\/\/duckdeco.lt\/lt\/wp-json\/wp\/v2\/media?parent=15322"}],"wp:term":[{"taxonomy":"product_brand","embeddable":true,"href":"https:\/\/duckdeco.lt\/lt\/wp-json\/wp\/v2\/product_brand?post=15322"},{"taxonomy":"product_cat","embeddable":true,"href":"https:\/\/duckdeco.lt\/lt\/wp-json\/wp\/v2\/product_cat?post=15322"},{"taxonomy":"product_tag","embeddable":true,"href":"https:\/\/duckdeco.lt\/lt\/wp-json\/wp\/v2\/product_tag?post=15322"}],"curies":[{"name":"wp","href":"https:\/\/api.w.org\/{rel}","templated":true}]}}