{"id":15325,"date":"2025-03-24T11:19:05","date_gmt":"2025-03-24T09:19:05","guid":{"rendered":"https:\/\/duckdeco.lt\/?post_type=product&#038;p=15325"},"modified":"2025-03-24T11:19:05","modified_gmt":"2025-03-24T09:19:05","slug":"tapyba-zirafa","status":"publish","type":"product","link":"https:\/\/duckdeco.lt\/lt\/product\/tapyba-zirafa\/","title":{"rendered":"Tapyba &#8211; \u017dirafa"},"content":{"rendered":"<ul>\n<li><span class=\"HwtZe\" lang=\"lt\"><span class=\"jCAhz ChMk0b\"><span class=\"ryNqvb\">Suteikite savo erdvei originalumo su didingu \u017eirafos paveikslu.<\/span><\/span> <span class=\"jCAhz ChMk0b\"><span class=\"ryNqvb\">\u0160is meno k\u016brinys, papuo\u0161 J\u016bs\u0173 erdv\u0119, suteiks nostalgi\u0161k\u0105 pos\u016bk\u012f.<\/span><\/span> Tai neabejotinai ak\u012f traukiantis vaizdas, J\u016bs\u0173 namuose, kavin\u0117je ar biure.<br \/>\n<\/span><\/li>\n<li><span class=\"HwtZe\" lang=\"lt\"><span class=\"jCAhz ChMk0b\"><span class=\"ryNqvb\">Detal\u0117s: med\u017eiaga \u2013 mdf\/ kartonas \/ drob\u0117.<br \/>\n<\/span><\/span><\/span><\/p>\n<table width=\"405\">\n<tbody>\n<tr>\n<td width=\"91\">I\u0161matavimai: Ilgis 60 cm \/ Plotis 45 cm \/ Auk\u0161tis 3 cm<\/td>\n<\/tr>\n<\/tbody>\n<\/table>\n<\/li>\n<\/ul>\n","protected":false},"excerpt":{"rendered":"<p>Suteikite savo erdvei originalumo su didingu \u017eirafos paveikslu. \u0160is meno k\u016brinys, papuo\u0161 J\u016bs\u0173 erdv\u0119, suteiks nostalgi\u0161k\u0105 pos\u016bk\u012f. Tai neabejotinai ak\u012f traukiantis vaizdas, J\u016bs\u0173 namuose, kavin\u0117je ar biure. Detal\u0117s: med\u017eiaga \u2013 mdf\/ kartonas \/ drob\u0117. I\u0161matavimai: Ilgis 60 cm \/ Plotis 45 cm \/ Auk\u0161tis 3 cm<\/p>\n","protected":false},"featured_media":15326,"template":"","meta":{"_monsterinsights_skip_tracking":false,"_monsterinsights_sitenote_active":false,"_monsterinsights_sitenote_note":"","_monsterinsights_sitenote_category":0},"product_brand":[],"product_cat":[103,143],"product_tag":[],"class_list":{"0":"post-15325","1":"product","2":"type-product","3":"status-publish","4":"has-post-thumbnail","6":"product_cat-dovanu-idejos","7":"product_cat-paveikslai","9":"first","10":"instock","11":"taxable","12":"shipping-taxable","13":"purchasable","14":"product-type-simple"},"_links":{"self":[{"href":"https:\/\/duckdeco.lt\/lt\/wp-json\/wp\/v2\/product\/15325","targetHints":{"allow":["GET"]}}],"collection":[{"href":"https:\/\/duckdeco.lt\/lt\/wp-json\/wp\/v2\/product"}],"about":[{"href":"https:\/\/duckdeco.lt\/lt\/wp-json\/wp\/v2\/types\/product"}],"version-history":[{"count":2,"href":"https:\/\/duckdeco.lt\/lt\/wp-json\/wp\/v2\/product\/15325\/revisions"}],"predecessor-version":[{"id":15328,"href":"https:\/\/duckdeco.lt\/lt\/wp-json\/wp\/v2\/product\/15325\/revisions\/15328"}],"wp:featuredmedia":[{"embeddable":true,"href":"https:\/\/duckdeco.lt\/lt\/wp-json\/wp\/v2\/media\/15326"}],"wp:attachment":[{"href":"https:\/\/duckdeco.lt\/lt\/wp-json\/wp\/v2\/media?parent=15325"}],"wp:term":[{"taxonomy":"product_brand","embeddable":true,"href":"https:\/\/duckdeco.lt\/lt\/wp-json\/wp\/v2\/product_brand?post=15325"},{"taxonomy":"product_cat","embeddable":true,"href":"https:\/\/duckdeco.lt\/lt\/wp-json\/wp\/v2\/product_cat?post=15325"},{"taxonomy":"product_tag","embeddable":true,"href":"https:\/\/duckdeco.lt\/lt\/wp-json\/wp\/v2\/product_tag?post=15325"}],"curies":[{"name":"wp","href":"https:\/\/api.w.org\/{rel}","templated":true}]}}