{"id":15344,"date":"2025-05-26T13:09:47","date_gmt":"2025-05-26T10:09:47","guid":{"rendered":"https:\/\/duckdeco.lt\/?post_type=product&#038;p=15344"},"modified":"2025-09-10T16:24:29","modified_gmt":"2025-09-10T13:24:29","slug":"stiklo-tapyba","status":"publish","type":"product","link":"https:\/\/duckdeco.lt\/lt\/product\/stiklo-tapyba\/","title":{"rendered":"Stiklo tapyba \u017dirgas"},"content":{"rendered":"<ul>\n<li><span class=\"HwtZe\" lang=\"lt\"><span class=\"jCAhz ChMk0b\"><span class=\"ryNqvb\">Sien\u0173 dekoras pagamintas i\u0161 auk\u0161tos kokyb\u0117s tvirto gr\u016bdinto stiklo.<\/span><\/span> <span class=\"jCAhz ChMk0b\"><span class=\"ryNqvb\">\u0160is stiklo paveikslas puikiai der\u0117s tiek namuose, tiek verslo patalpose.<\/span><\/span><span class=\"jCAhz ChMk0b\"><span class=\"ryNqvb\"> A\u0161trus fotografijos menas, ry\u0161kus it skustuvas vaizdas.<\/span><\/span> <\/span><\/li>\n<li><span class=\"HwtZe\" lang=\"lt\"><span class=\"jCAhz ChMk0b\"><span class=\"ryNqvb\">Unikalios iliustracijos ir spalvos suteikia jam ypating\u0105 i\u0161vaizd\u0105.<\/span><\/span> <span class=\"jCAhz ChMk0b\"><span class=\"ryNqvb\">Stiklo paveikslas yra unikalus bet kokio stiliaus interjero papildymas.<br \/>\n<\/span><\/span><\/span><\/p>\n<table width=\"405\">\n<tbody>\n<tr>\n<td width=\"91\">I\u0161matavimai: Ilgis 80 cm \/ Plotis 80 cm<\/td>\n<\/tr>\n<\/tbody>\n<\/table>\n<p>&nbsp;<\/li>\n<\/ul>\n","protected":false},"excerpt":{"rendered":"<p>Sien\u0173 dekoras pagamintas i\u0161 auk\u0161tos kokyb\u0117s tvirto gr\u016bdinto stiklo. \u0160is stiklo paveikslas puikiai der\u0117s tiek namuose, tiek verslo patalpose. A\u0161trus fotografijos menas, ry\u0161kus it skustuvas vaizdas. Unikalios iliustracijos ir spalvos suteikia jam ypating\u0105 i\u0161vaizd\u0105. Stiklo paveikslas yra unikalus bet kokio stiliaus interjero papildymas. I\u0161matavimai: Ilgis 80 cm \/ Plotis 80 cm &nbsp;<\/p>\n","protected":false},"featured_media":15345,"template":"","meta":{"_monsterinsights_skip_tracking":false,"_monsterinsights_sitenote_active":false,"_monsterinsights_sitenote_note":"","_monsterinsights_sitenote_category":0},"product_brand":[],"product_cat":[103,95,143],"product_tag":[342,337],"class_list":{"0":"post-15344","1":"product","2":"type-product","3":"status-publish","4":"has-post-thumbnail","6":"product_cat-dovanu-idejos","7":"product_cat-interjerui","8":"product_cat-paveikslai","9":"product_tag-modernus-paveikslas","10":"product_tag-stiklo-tapyba","12":"first","13":"outofstock","14":"taxable","15":"shipping-taxable","16":"purchasable","17":"product-type-simple"},"_links":{"self":[{"href":"https:\/\/duckdeco.lt\/lt\/wp-json\/wp\/v2\/product\/15344","targetHints":{"allow":["GET"]}}],"collection":[{"href":"https:\/\/duckdeco.lt\/lt\/wp-json\/wp\/v2\/product"}],"about":[{"href":"https:\/\/duckdeco.lt\/lt\/wp-json\/wp\/v2\/types\/product"}],"version-history":[{"count":2,"href":"https:\/\/duckdeco.lt\/lt\/wp-json\/wp\/v2\/product\/15344\/revisions"}],"predecessor-version":[{"id":15352,"href":"https:\/\/duckdeco.lt\/lt\/wp-json\/wp\/v2\/product\/15344\/revisions\/15352"}],"wp:featuredmedia":[{"embeddable":true,"href":"https:\/\/duckdeco.lt\/lt\/wp-json\/wp\/v2\/media\/15345"}],"wp:attachment":[{"href":"https:\/\/duckdeco.lt\/lt\/wp-json\/wp\/v2\/media?parent=15344"}],"wp:term":[{"taxonomy":"product_brand","embeddable":true,"href":"https:\/\/duckdeco.lt\/lt\/wp-json\/wp\/v2\/product_brand?post=15344"},{"taxonomy":"product_cat","embeddable":true,"href":"https:\/\/duckdeco.lt\/lt\/wp-json\/wp\/v2\/product_cat?post=15344"},{"taxonomy":"product_tag","embeddable":true,"href":"https:\/\/duckdeco.lt\/lt\/wp-json\/wp\/v2\/product_tag?post=15344"}],"curies":[{"name":"wp","href":"https:\/\/api.w.org\/{rel}","templated":true}]}}