{"id":15373,"date":"2025-05-26T16:09:04","date_gmt":"2025-05-26T13:09:04","guid":{"rendered":"https:\/\/duckdeco.lt\/?post_type=product&#038;p=15373"},"modified":"2025-06-10T10:58:24","modified_gmt":"2025-06-10T07:58:24","slug":"stiklo-tapyba-triusis","status":"publish","type":"product","link":"https:\/\/duckdeco.lt\/lt\/product\/stiklo-tapyba-triusis\/","title":{"rendered":"Stiklo tapyba Triu\u0161is"},"content":{"rendered":"<ul>\n<li><span class=\"HwtZe\" lang=\"lt\"><span class=\"jCAhz ChMk0b\"><span class=\"ryNqvb\">Suteikite savo interjerui elegancijos ir rafinuotumo su \u0161iuo unikaliu stiklo paveikslu. <\/span><\/span><\/span><span class=\"HwtZe\" lang=\"lt\"><span class=\"jCAhz ChMk0b\"><span class=\"ryNqvb\">Sien\u0173 dekoras pagamintas i\u0161 auk\u0161tos kokyb\u0117s tvirto gr\u016bdinto stiklo.<\/span><\/span> <span class=\"jCAhz ChMk0b\"><span class=\"ryNqvb\">\u0160is stiklo paveikslas puikiai der\u0117s namuose, ar verslo patalpose.<\/span><\/span> <\/span><\/li>\n<li><span class=\"HwtZe\" lang=\"lt\"><span class=\"jCAhz ChMk0b\"><span class=\"ryNqvb\">A\u0161trus fotografijos menas, ry\u0161kus it skustuvas vaizdas.<\/span><\/span> <span class=\"jCAhz ChMk0b\"><span class=\"ryNqvb\">Unikalios iliustracijos ir spalvos suteikia jam ypating\u0105 i\u0161vaizd\u0105.<\/span><\/span> <span class=\"jCAhz ChMk0b\"><span class=\"ryNqvb\">Stiklo paveikslas yra unikalus bet kokio stiliaus interjero papildymas.<br \/>\n<\/span><\/span><\/span><\/li>\n<\/ul>\n<table width=\"405\">\n<tbody>\n<tr>\n<td width=\"91\">I\u0161matavimai: Ilgis 80cm \/ Plotis 120cm<\/td>\n<\/tr>\n<\/tbody>\n<\/table>\n<p>&nbsp;<\/p>\n","protected":false},"excerpt":{"rendered":"<p>Suteikite savo interjerui elegancijos ir rafinuotumo su \u0161iuo unikaliu stiklo paveikslu. Sien\u0173 dekoras pagamintas i\u0161 auk\u0161tos kokyb\u0117s tvirto gr\u016bdinto stiklo. \u0160is stiklo paveikslas puikiai der\u0117s namuose, ar verslo patalpose. A\u0161trus fotografijos menas, ry\u0161kus it skustuvas vaizdas. Unikalios iliustracijos ir spalvos suteikia jam ypating\u0105 i\u0161vaizd\u0105. Stiklo paveikslas yra unikalus bet kokio stiliaus interjero papildymas. I\u0161matavimai: Ilgis &hellip; <br \/><a href=\"https:\/\/duckdeco.lt\/lt\/product\/stiklo-tapyba-triusis\/\" class=\"more-link\">Continue reading <span class=\"screen-reader-text\">Stiklo tapyba Triu\u0161is<\/span><\/a><\/p>\n","protected":false},"featured_media":15374,"template":"","meta":{"_monsterinsights_skip_tracking":false,"_monsterinsights_sitenote_active":false,"_monsterinsights_sitenote_note":"","_monsterinsights_sitenote_category":0},"product_brand":[],"product_cat":[103,95,143],"product_tag":[],"class_list":{"0":"post-15373","1":"product","2":"type-product","3":"status-publish","4":"has-post-thumbnail","6":"product_cat-dovanu-idejos","7":"product_cat-interjerui","8":"product_cat-paveikslai","10":"first","11":"instock","12":"taxable","13":"shipping-taxable","14":"purchasable","15":"product-type-simple"},"_links":{"self":[{"href":"https:\/\/duckdeco.lt\/lt\/wp-json\/wp\/v2\/product\/15373","targetHints":{"allow":["GET"]}}],"collection":[{"href":"https:\/\/duckdeco.lt\/lt\/wp-json\/wp\/v2\/product"}],"about":[{"href":"https:\/\/duckdeco.lt\/lt\/wp-json\/wp\/v2\/types\/product"}],"version-history":[{"count":1,"href":"https:\/\/duckdeco.lt\/lt\/wp-json\/wp\/v2\/product\/15373\/revisions"}],"predecessor-version":[{"id":15375,"href":"https:\/\/duckdeco.lt\/lt\/wp-json\/wp\/v2\/product\/15373\/revisions\/15375"}],"wp:featuredmedia":[{"embeddable":true,"href":"https:\/\/duckdeco.lt\/lt\/wp-json\/wp\/v2\/media\/15374"}],"wp:attachment":[{"href":"https:\/\/duckdeco.lt\/lt\/wp-json\/wp\/v2\/media?parent=15373"}],"wp:term":[{"taxonomy":"product_brand","embeddable":true,"href":"https:\/\/duckdeco.lt\/lt\/wp-json\/wp\/v2\/product_brand?post=15373"},{"taxonomy":"product_cat","embeddable":true,"href":"https:\/\/duckdeco.lt\/lt\/wp-json\/wp\/v2\/product_cat?post=15373"},{"taxonomy":"product_tag","embeddable":true,"href":"https:\/\/duckdeco.lt\/lt\/wp-json\/wp\/v2\/product_tag?post=15373"}],"curies":[{"name":"wp","href":"https:\/\/api.w.org\/{rel}","templated":true}]}}