{"id":15377,"date":"2025-05-27T15:06:26","date_gmt":"2025-05-27T12:06:26","guid":{"rendered":"https:\/\/duckdeco.lt\/?post_type=product&#038;p=15377"},"modified":"2025-05-27T16:31:33","modified_gmt":"2025-05-27T13:31:33","slug":"vaza-quito-yellow","status":"publish","type":"product","link":"https:\/\/duckdeco.lt\/lt\/product\/vaza-quito-yellow\/","title":{"rendered":"Vaza Quito Yellow"},"content":{"rendered":"<ul>\n<li>Rank\u0173 darbo vazel\u0117 su 5 angomis, dekoruotomis smulkiais lapeliais, suteiks \u017eavesio bet kuriame interjere. Nat\u016bralios linijos, unikalus dizainas, \u0161velni tekst\u016bra tiek su g\u0117l\u0117mis tiek be j\u0173 sukurs papildom\u0105 vert\u0119 J\u016bs\u0173 erdv\u0117je.<\/li>\n<li>Detal\u0117s: med\u017eiaga &#8211; keramika.<\/li>\n<li>Spalva &#8211; geltona, raudona.<\/li>\n<\/ul>\n<table width=\"405\">\n<tbody>\n<tr>\n<td width=\"91\">I\u0161matavimai: Skersmuo 14 cm.<\/td>\n<\/tr>\n<\/tbody>\n<\/table>\n<p>&nbsp;<\/p>\n","protected":false},"excerpt":{"rendered":"<p>Rank\u0173 darbo vazel\u0117 su 5 angomis, dekoruotomis smulkiais lapeliais, suteiks \u017eavesio bet kuriame interjere. Nat\u016bralios linijos, unikalus dizainas, \u0161velni tekst\u016bra tiek su g\u0117l\u0117mis tiek be j\u0173 sukurs papildom\u0105 vert\u0119 J\u016bs\u0173 erdv\u0117je. Detal\u0117s: med\u017eiaga &#8211; keramika. Spalva &#8211; geltona, raudona. I\u0161matavimai: Skersmuo 14 cm. &nbsp;<\/p>\n","protected":false},"featured_media":15378,"template":"","meta":{"_monsterinsights_skip_tracking":false,"_monsterinsights_sitenote_active":false,"_monsterinsights_sitenote_note":"","_monsterinsights_sitenote_category":0},"product_brand":[],"product_cat":[101],"product_tag":[],"class_list":{"0":"post-15377","1":"product","2":"type-product","3":"status-publish","4":"has-post-thumbnail","6":"product_cat-vazos","8":"first","9":"instock","10":"taxable","11":"shipping-taxable","12":"purchasable","13":"product-type-simple"},"_links":{"self":[{"href":"https:\/\/duckdeco.lt\/lt\/wp-json\/wp\/v2\/product\/15377","targetHints":{"allow":["GET"]}}],"collection":[{"href":"https:\/\/duckdeco.lt\/lt\/wp-json\/wp\/v2\/product"}],"about":[{"href":"https:\/\/duckdeco.lt\/lt\/wp-json\/wp\/v2\/types\/product"}],"version-history":[{"count":2,"href":"https:\/\/duckdeco.lt\/lt\/wp-json\/wp\/v2\/product\/15377\/revisions"}],"predecessor-version":[{"id":15388,"href":"https:\/\/duckdeco.lt\/lt\/wp-json\/wp\/v2\/product\/15377\/revisions\/15388"}],"wp:featuredmedia":[{"embeddable":true,"href":"https:\/\/duckdeco.lt\/lt\/wp-json\/wp\/v2\/media\/15378"}],"wp:attachment":[{"href":"https:\/\/duckdeco.lt\/lt\/wp-json\/wp\/v2\/media?parent=15377"}],"wp:term":[{"taxonomy":"product_brand","embeddable":true,"href":"https:\/\/duckdeco.lt\/lt\/wp-json\/wp\/v2\/product_brand?post=15377"},{"taxonomy":"product_cat","embeddable":true,"href":"https:\/\/duckdeco.lt\/lt\/wp-json\/wp\/v2\/product_cat?post=15377"},{"taxonomy":"product_tag","embeddable":true,"href":"https:\/\/duckdeco.lt\/lt\/wp-json\/wp\/v2\/product_tag?post=15377"}],"curies":[{"name":"wp","href":"https:\/\/api.w.org\/{rel}","templated":true}]}}