{"id":15397,"date":"2025-06-10T11:26:27","date_gmt":"2025-06-10T08:26:27","guid":{"rendered":"https:\/\/duckdeco.lt\/?post_type=product&#038;p=15397"},"modified":"2025-08-26T11:09:51","modified_gmt":"2025-08-26T08:09:51","slug":"vaza-lemon","status":"publish","type":"product","link":"https:\/\/duckdeco.lt\/lt\/product\/vaza-lemon\/","title":{"rendered":"Vaza Lemon"},"content":{"rendered":"<ul>\n<li>Vaza dekoruota citrinomis, subtilus akcentas kavin\u0117s, restorano erdvei papuo\u0161ti, taip pat id\u0117ja, kuri \u012fne\u0161 \u012f J\u016bs\u0173 valgomojo zon\u0105 gaivos ir daugiau spalv\u0173.<\/li>\n<\/ul>\n<table width=\"405\">\n<tbody>\n<tr>\n<td width=\"91\">I\u0161matavimai: Skersmuo 12 cm \/ Auk\u0161tis 21 cm.<\/td>\n<\/tr>\n<\/tbody>\n<\/table>\n<p>&nbsp;<\/p>\n","protected":false},"excerpt":{"rendered":"<p>Vaza dekoruota citrinomis, subtilus akcentas kavin\u0117s, restorano erdvei papuo\u0161ti, taip pat id\u0117ja, kuri \u012fne\u0161 \u012f J\u016bs\u0173 valgomojo zon\u0105 gaivos ir daugiau spalv\u0173. I\u0161matavimai: Skersmuo 12 cm \/ Auk\u0161tis 21 cm. &nbsp;<\/p>\n","protected":false},"featured_media":15398,"template":"","meta":{"_monsterinsights_skip_tracking":false,"_monsterinsights_sitenote_active":false,"_monsterinsights_sitenote_note":"","_monsterinsights_sitenote_category":0},"product_brand":[],"product_cat":[101],"product_tag":[],"class_list":{"0":"post-15397","1":"product","2":"type-product","3":"status-publish","4":"has-post-thumbnail","6":"product_cat-vazos","8":"first","9":"instock","10":"taxable","11":"shipping-taxable","12":"purchasable","13":"product-type-simple"},"_links":{"self":[{"href":"https:\/\/duckdeco.lt\/lt\/wp-json\/wp\/v2\/product\/15397","targetHints":{"allow":["GET"]}}],"collection":[{"href":"https:\/\/duckdeco.lt\/lt\/wp-json\/wp\/v2\/product"}],"about":[{"href":"https:\/\/duckdeco.lt\/lt\/wp-json\/wp\/v2\/types\/product"}],"version-history":[{"count":1,"href":"https:\/\/duckdeco.lt\/lt\/wp-json\/wp\/v2\/product\/15397\/revisions"}],"predecessor-version":[{"id":15399,"href":"https:\/\/duckdeco.lt\/lt\/wp-json\/wp\/v2\/product\/15397\/revisions\/15399"}],"wp:featuredmedia":[{"embeddable":true,"href":"https:\/\/duckdeco.lt\/lt\/wp-json\/wp\/v2\/media\/15398"}],"wp:attachment":[{"href":"https:\/\/duckdeco.lt\/lt\/wp-json\/wp\/v2\/media?parent=15397"}],"wp:term":[{"taxonomy":"product_brand","embeddable":true,"href":"https:\/\/duckdeco.lt\/lt\/wp-json\/wp\/v2\/product_brand?post=15397"},{"taxonomy":"product_cat","embeddable":true,"href":"https:\/\/duckdeco.lt\/lt\/wp-json\/wp\/v2\/product_cat?post=15397"},{"taxonomy":"product_tag","embeddable":true,"href":"https:\/\/duckdeco.lt\/lt\/wp-json\/wp\/v2\/product_tag?post=15397"}],"curies":[{"name":"wp","href":"https:\/\/api.w.org\/{rel}","templated":true}]}}