{"id":15400,"date":"2025-06-10T11:46:37","date_gmt":"2025-06-10T08:46:37","guid":{"rendered":"https:\/\/duckdeco.lt\/?post_type=product&#038;p=15400"},"modified":"2025-11-17T14:48:10","modified_gmt":"2025-11-17T12:48:10","slug":"vaza-asotis-lemon","status":"publish","type":"product","link":"https:\/\/duckdeco.lt\/lt\/product\/vaza-asotis-lemon\/","title":{"rendered":"Vaza &#8211; \u0105sotis Lemon"},"content":{"rendered":"<ul>\n<li><span class=\"HwtZe\" lang=\"lt\"><span class=\"jCAhz ChMk0b\"><span class=\"ryNqvb\">Ar m\u0117gstate linksm\u0105 ir gaivi\u0105 atmosfer\u0105 savo namuose?<\/span><\/span> <span class=\"jCAhz ChMk0b\"><span class=\"ryNqvb\">Tuomet \u0161i \u201eHousevitamin\u201c vaza &#8211; \u0105sotis dekoruota su citrinomis kaip tik Jums! \u012eleiskite saul\u0117s spinduli\u0173 \u012f savo namus ir sukurkite gaiv\u0173 vaizd\u0105 su \u0161ia unikalia vaza! <\/span><\/span><\/span><\/li>\n<li><span class=\"HwtZe\" lang=\"lt\"><span class=\"jCAhz ChMk0b\"><span class=\"ryNqvb\">Linksmas J\u016bs\u0173 interjero papildymas &#8211; Puikiai tinka g\u0117l\u0117ms eksponuoti &#8211; Unikalus citrinos formos dizainas &#8211; Ideali dovana.\u00a0<\/span><\/span><\/span><\/li>\n<li>Detal\u0117s: med\u017eiaga \u2013 keramika.<\/li>\n<li>Spalva &#8211; geltona.<\/li>\n<\/ul>\n<table style=\"height: 74px;\" width=\"417\">\n<tbody>\n<tr>\n<td width=\"91\">I\u0161matavimai: Ilgis 17,5 cm \/ Plotis 12,5 cm \/ Auk\u0161tis 18 cm.<\/td>\n<\/tr>\n<\/tbody>\n<\/table>\n<p>&nbsp;<\/p>\n","protected":false},"excerpt":{"rendered":"<p>Ar m\u0117gstate linksm\u0105 ir gaivi\u0105 atmosfer\u0105 savo namuose? Tuomet \u0161i \u201eHousevitamin\u201c vaza &#8211; \u0105sotis dekoruota su citrinomis kaip tik Jums! \u012eleiskite saul\u0117s spinduli\u0173 \u012f savo namus ir sukurkite gaiv\u0173 vaizd\u0105 su \u0161ia unikalia vaza! Linksmas J\u016bs\u0173 interjero papildymas &#8211; Puikiai tinka g\u0117l\u0117ms eksponuoti &#8211; Unikalus citrinos formos dizainas &#8211; Ideali dovana.\u00a0 Detal\u0117s: med\u017eiaga \u2013 keramika. &hellip; <br \/><a href=\"https:\/\/duckdeco.lt\/lt\/product\/vaza-asotis-lemon\/\" class=\"more-link\">Continue reading <span class=\"screen-reader-text\">Vaza &#8211; \u0105sotis Lemon<\/span><\/a><\/p>\n","protected":false},"featured_media":15401,"template":"","meta":{"_monsterinsights_skip_tracking":false,"_monsterinsights_sitenote_active":false,"_monsterinsights_sitenote_note":"","_monsterinsights_sitenote_category":0},"product_brand":[],"product_cat":[103,101],"product_tag":[],"class_list":{"0":"post-15400","1":"product","2":"type-product","3":"status-publish","4":"has-post-thumbnail","6":"product_cat-dovanu-idejos","7":"product_cat-vazos","9":"first","10":"instock","11":"taxable","12":"shipping-taxable","13":"purchasable","14":"product-type-simple"},"_links":{"self":[{"href":"https:\/\/duckdeco.lt\/lt\/wp-json\/wp\/v2\/product\/15400","targetHints":{"allow":["GET"]}}],"collection":[{"href":"https:\/\/duckdeco.lt\/lt\/wp-json\/wp\/v2\/product"}],"about":[{"href":"https:\/\/duckdeco.lt\/lt\/wp-json\/wp\/v2\/types\/product"}],"version-history":[{"count":1,"href":"https:\/\/duckdeco.lt\/lt\/wp-json\/wp\/v2\/product\/15400\/revisions"}],"predecessor-version":[{"id":15403,"href":"https:\/\/duckdeco.lt\/lt\/wp-json\/wp\/v2\/product\/15400\/revisions\/15403"}],"wp:featuredmedia":[{"embeddable":true,"href":"https:\/\/duckdeco.lt\/lt\/wp-json\/wp\/v2\/media\/15401"}],"wp:attachment":[{"href":"https:\/\/duckdeco.lt\/lt\/wp-json\/wp\/v2\/media?parent=15400"}],"wp:term":[{"taxonomy":"product_brand","embeddable":true,"href":"https:\/\/duckdeco.lt\/lt\/wp-json\/wp\/v2\/product_brand?post=15400"},{"taxonomy":"product_cat","embeddable":true,"href":"https:\/\/duckdeco.lt\/lt\/wp-json\/wp\/v2\/product_cat?post=15400"},{"taxonomy":"product_tag","embeddable":true,"href":"https:\/\/duckdeco.lt\/lt\/wp-json\/wp\/v2\/product_tag?post=15400"}],"curies":[{"name":"wp","href":"https:\/\/api.w.org\/{rel}","templated":true}]}}