{"id":15416,"date":"2025-06-10T14:02:13","date_gmt":"2025-06-10T11:02:13","guid":{"rendered":"https:\/\/duckdeco.lt\/?post_type=product&#038;p=15416"},"modified":"2025-11-11T16:53:12","modified_gmt":"2025-11-11T14:53:12","slug":"vaza-jarron","status":"publish","type":"product","link":"https:\/\/duckdeco.lt\/lt\/product\/vaza-jarron\/","title":{"rendered":"Vaza Jarron"},"content":{"rendered":"<ul>\n<li><span class=\"HwtZe\" lang=\"lt\"><span class=\"jCAhz ChMk0b\"><span class=\"ryNqvb\">Ramyb\u0117 ir harmonija atsispindi \u0161ioje i\u0161skirtin\u0117je japoni\u0161ko stiliaus vazoje \u2013 ne tik dekoratyviniame elemente, bet ir minimalistin\u0117s estetikos simboliu. Ji i\u0161siskiria paprastomis linijomis, eleganti\u0161komis formomis ir giliu ry\u0161iu su aplinka.<\/span><\/span><\/span><\/li>\n<li>Detal\u0117s: med\u017eiaga &#8211; keramika.<\/li>\n<li>Spalva &#8211; geltona.<br \/>\n<table width=\"405\">\n<tbody>\n<tr>\n<td width=\"91\">I\u0161matavimai: Skersmuo 10.5\u00a0 \/ Auk\u0161tis 20 cm.<\/td>\n<\/tr>\n<\/tbody>\n<\/table>\n<p>&nbsp;<\/li>\n<\/ul>\n","protected":false},"excerpt":{"rendered":"<p>Ramyb\u0117 ir harmonija atsispindi \u0161ioje i\u0161skirtin\u0117je japoni\u0161ko stiliaus vazoje \u2013 ne tik dekoratyviniame elemente, bet ir minimalistin\u0117s estetikos simboliu. Ji i\u0161siskiria paprastomis linijomis, eleganti\u0161komis formomis ir giliu ry\u0161iu su aplinka. Detal\u0117s: med\u017eiaga &#8211; keramika. Spalva &#8211; geltona. I\u0161matavimai: Skersmuo 10.5\u00a0 \/ Auk\u0161tis 20 cm. &nbsp;<\/p>\n","protected":false},"featured_media":15417,"template":"","meta":{"_monsterinsights_skip_tracking":false,"_monsterinsights_sitenote_active":false,"_monsterinsights_sitenote_note":"","_monsterinsights_sitenote_category":0},"product_brand":[],"product_cat":[103,101],"product_tag":[],"class_list":{"0":"post-15416","1":"product","2":"type-product","3":"status-publish","4":"has-post-thumbnail","6":"product_cat-dovanu-idejos","7":"product_cat-vazos","9":"first","10":"instock","11":"taxable","12":"shipping-taxable","13":"purchasable","14":"product-type-simple"},"_links":{"self":[{"href":"https:\/\/duckdeco.lt\/lt\/wp-json\/wp\/v2\/product\/15416","targetHints":{"allow":["GET"]}}],"collection":[{"href":"https:\/\/duckdeco.lt\/lt\/wp-json\/wp\/v2\/product"}],"about":[{"href":"https:\/\/duckdeco.lt\/lt\/wp-json\/wp\/v2\/types\/product"}],"version-history":[{"count":2,"href":"https:\/\/duckdeco.lt\/lt\/wp-json\/wp\/v2\/product\/15416\/revisions"}],"predecessor-version":[{"id":15594,"href":"https:\/\/duckdeco.lt\/lt\/wp-json\/wp\/v2\/product\/15416\/revisions\/15594"}],"wp:featuredmedia":[{"embeddable":true,"href":"https:\/\/duckdeco.lt\/lt\/wp-json\/wp\/v2\/media\/15417"}],"wp:attachment":[{"href":"https:\/\/duckdeco.lt\/lt\/wp-json\/wp\/v2\/media?parent=15416"}],"wp:term":[{"taxonomy":"product_brand","embeddable":true,"href":"https:\/\/duckdeco.lt\/lt\/wp-json\/wp\/v2\/product_brand?post=15416"},{"taxonomy":"product_cat","embeddable":true,"href":"https:\/\/duckdeco.lt\/lt\/wp-json\/wp\/v2\/product_cat?post=15416"},{"taxonomy":"product_tag","embeddable":true,"href":"https:\/\/duckdeco.lt\/lt\/wp-json\/wp\/v2\/product_tag?post=15416"}],"curies":[{"name":"wp","href":"https:\/\/api.w.org\/{rel}","templated":true}]}}