{"id":15424,"date":"2025-08-08T10:24:44","date_gmt":"2025-08-08T07:24:44","guid":{"rendered":"https:\/\/duckdeco.lt\/?post_type=product&#038;p=15424"},"modified":"2025-08-08T11:53:26","modified_gmt":"2025-08-08T08:53:26","slug":"vaza-shell-ii","status":"publish","type":"product","link":"https:\/\/duckdeco.lt\/lt\/product\/vaza-shell-ii\/","title":{"rendered":"Vaza Shell II"},"content":{"rendered":"<ul>\n<li>Rank\u0173 darbo vaza, dekoruota smulkiomis kriauklyt\u0117mis, tai ak\u012f traukiantis k\u016brinys, kuris papildys kiekvien\u0105 erdv\u0119.<\/li>\n<li>Detal\u0117s: med\u017eiaga &#8211; 50 proc. bambukas\/ 50 proc. kriaukl\u0117s.<\/li>\n<li>Spalva &#8211; kremin\u0117\/ pilka\/ sm\u0117lio.<br \/>\n<table width=\"405\">\n<tbody>\n<tr>\n<td width=\"91\">I\u0161matavimai: Skersmuo 14,5 cm\/ Auk\u0161tis 16 cm.<\/td>\n<\/tr>\n<\/tbody>\n<\/table>\n<p>&nbsp;<\/li>\n<\/ul>\n","protected":false},"excerpt":{"rendered":"<p>Rank\u0173 darbo vaza, dekoruota smulkiomis kriauklyt\u0117mis, tai ak\u012f traukiantis k\u016brinys, kuris papildys kiekvien\u0105 erdv\u0119. Detal\u0117s: med\u017eiaga &#8211; 50 proc. bambukas\/ 50 proc. kriaukl\u0117s. Spalva &#8211; kremin\u0117\/ pilka\/ sm\u0117lio. I\u0161matavimai: Skersmuo 14,5 cm\/ Auk\u0161tis 16 cm. &nbsp;<\/p>\n","protected":false},"featured_media":15425,"template":"","meta":{"_monsterinsights_skip_tracking":false,"_monsterinsights_sitenote_active":false,"_monsterinsights_sitenote_note":"","_monsterinsights_sitenote_category":0},"product_brand":[],"product_cat":[95],"product_tag":[],"class_list":{"0":"post-15424","1":"product","2":"type-product","3":"status-publish","4":"has-post-thumbnail","6":"product_cat-interjerui","8":"first","9":"instock","10":"taxable","11":"shipping-taxable","12":"purchasable","13":"product-type-simple"},"_links":{"self":[{"href":"https:\/\/duckdeco.lt\/lt\/wp-json\/wp\/v2\/product\/15424","targetHints":{"allow":["GET"]}}],"collection":[{"href":"https:\/\/duckdeco.lt\/lt\/wp-json\/wp\/v2\/product"}],"about":[{"href":"https:\/\/duckdeco.lt\/lt\/wp-json\/wp\/v2\/types\/product"}],"version-history":[{"count":2,"href":"https:\/\/duckdeco.lt\/lt\/wp-json\/wp\/v2\/product\/15424\/revisions"}],"predecessor-version":[{"id":15497,"href":"https:\/\/duckdeco.lt\/lt\/wp-json\/wp\/v2\/product\/15424\/revisions\/15497"}],"wp:featuredmedia":[{"embeddable":true,"href":"https:\/\/duckdeco.lt\/lt\/wp-json\/wp\/v2\/media\/15425"}],"wp:attachment":[{"href":"https:\/\/duckdeco.lt\/lt\/wp-json\/wp\/v2\/media?parent=15424"}],"wp:term":[{"taxonomy":"product_brand","embeddable":true,"href":"https:\/\/duckdeco.lt\/lt\/wp-json\/wp\/v2\/product_brand?post=15424"},{"taxonomy":"product_cat","embeddable":true,"href":"https:\/\/duckdeco.lt\/lt\/wp-json\/wp\/v2\/product_cat?post=15424"},{"taxonomy":"product_tag","embeddable":true,"href":"https:\/\/duckdeco.lt\/lt\/wp-json\/wp\/v2\/product_tag?post=15424"}],"curies":[{"name":"wp","href":"https:\/\/api.w.org\/{rel}","templated":true}]}}