{"id":15486,"date":"2025-08-04T16:47:00","date_gmt":"2025-08-04T13:47:00","guid":{"rendered":"https:\/\/duckdeco.lt\/?post_type=product&#038;p=15486"},"modified":"2025-08-05T15:37:26","modified_gmt":"2025-08-05T12:37:26","slug":"vaza-baymon-s","status":"publish","type":"product","link":"https:\/\/duckdeco.lt\/lt\/product\/vaza-baymon-s\/","title":{"rendered":"Vaza Baymon S"},"content":{"rendered":"<ul>\n<li>Rank\u0173 darbo p\u016bsto stiklo vaza, nesvarbu ar ie\u0161kote dekoratyvinio objekto savo prie\u0161kambariui ar svetainei, \u0161i i\u0161skirtin\u0117 vaza suteiks prabangos J\u016bs erdvei.D\u0117l savo gra\u017eios formos ir ry\u0161kios spalvos ji tikrai d\u017eiugins ak\u012f.<\/li>\n<li>Detal\u0117s &#8211; med\u017eiaga &#8211; stiklas.<\/li>\n<li>Spalva &#8211; ro\u017ein\u0117.<br \/>\n<table width=\"405\">\n<tbody>\n<tr>\n<td width=\"91\">I\u0161matavimai: Skersmuo 21 cm\u00a0 \/ Auk\u0161tis 22,5 cm.<\/td>\n<\/tr>\n<\/tbody>\n<\/table>\n<p>&nbsp;<\/li>\n<\/ul>\n","protected":false},"excerpt":{"rendered":"<p>Rank\u0173 darbo p\u016bsto stiklo vaza, nesvarbu ar ie\u0161kote dekoratyvinio objekto savo prie\u0161kambariui ar svetainei, \u0161i i\u0161skirtin\u0117 vaza suteiks prabangos J\u016bs erdvei.D\u0117l savo gra\u017eios formos ir ry\u0161kios spalvos ji tikrai d\u017eiugins ak\u012f. Detal\u0117s &#8211; med\u017eiaga &#8211; stiklas. Spalva &#8211; ro\u017ein\u0117. I\u0161matavimai: Skersmuo 21 cm\u00a0 \/ Auk\u0161tis 22,5 cm. &nbsp;<\/p>\n","protected":false},"featured_media":15487,"template":"","meta":{"_monsterinsights_skip_tracking":false,"_monsterinsights_sitenote_active":false,"_monsterinsights_sitenote_note":"","_monsterinsights_sitenote_category":0},"product_brand":[],"product_cat":[106,103,101],"product_tag":[],"class_list":{"0":"post-15486","1":"product","2":"type-product","3":"status-publish","4":"has-post-thumbnail","6":"product_cat-dekoras-sventems","7":"product_cat-dovanu-idejos","8":"product_cat-vazos","10":"first","11":"instock","12":"taxable","13":"shipping-taxable","14":"purchasable","15":"product-type-simple"},"_links":{"self":[{"href":"https:\/\/duckdeco.lt\/lt\/wp-json\/wp\/v2\/product\/15486","targetHints":{"allow":["GET"]}}],"collection":[{"href":"https:\/\/duckdeco.lt\/lt\/wp-json\/wp\/v2\/product"}],"about":[{"href":"https:\/\/duckdeco.lt\/lt\/wp-json\/wp\/v2\/types\/product"}],"version-history":[{"count":1,"href":"https:\/\/duckdeco.lt\/lt\/wp-json\/wp\/v2\/product\/15486\/revisions"}],"predecessor-version":[{"id":15488,"href":"https:\/\/duckdeco.lt\/lt\/wp-json\/wp\/v2\/product\/15486\/revisions\/15488"}],"wp:featuredmedia":[{"embeddable":true,"href":"https:\/\/duckdeco.lt\/lt\/wp-json\/wp\/v2\/media\/15487"}],"wp:attachment":[{"href":"https:\/\/duckdeco.lt\/lt\/wp-json\/wp\/v2\/media?parent=15486"}],"wp:term":[{"taxonomy":"product_brand","embeddable":true,"href":"https:\/\/duckdeco.lt\/lt\/wp-json\/wp\/v2\/product_brand?post=15486"},{"taxonomy":"product_cat","embeddable":true,"href":"https:\/\/duckdeco.lt\/lt\/wp-json\/wp\/v2\/product_cat?post=15486"},{"taxonomy":"product_tag","embeddable":true,"href":"https:\/\/duckdeco.lt\/lt\/wp-json\/wp\/v2\/product_tag?post=15486"}],"curies":[{"name":"wp","href":"https:\/\/api.w.org\/{rel}","templated":true}]}}