{"id":15520,"date":"2025-08-26T12:41:21","date_gmt":"2025-08-26T09:41:21","guid":{"rendered":"https:\/\/duckdeco.lt\/?post_type=product&#038;p=15520"},"modified":"2025-08-26T12:41:21","modified_gmt":"2025-08-26T09:41:21","slug":"vaza-blue","status":"publish","type":"product","link":"https:\/\/duckdeco.lt\/lt\/product\/vaza-blue\/","title":{"rendered":"Vaza Blue"},"content":{"rendered":"<ul>\n<li>Klasikin\u0117 vaza i\u0161 Kersen prek\u0117s \u017eenklo kolekcijos, dekoruota m\u0117lyn\u0173 \u0161akeli\u0173 ornamentais. Puikiai der\u0117s tiek klasikiniame, tiek vinta\u017einiame stiliuje.<\/li>\n<li>Detal\u0117s \u2013 med\u017eiaga: keramika.<\/li>\n<li>Spalva \u2013 m\u0117lyna.<\/li>\n<\/ul>\n<table width=\"405\">\n<tbody>\n<tr>\n<td width=\"91\">I\u0161matavimai: Skersmuo 10 cm \/ Auk\u0161tis 21cm.<\/td>\n<\/tr>\n<\/tbody>\n<\/table>\n","protected":false},"excerpt":{"rendered":"<p>Klasikin\u0117 vaza i\u0161 Kersen prek\u0117s \u017eenklo kolekcijos, dekoruota m\u0117lyn\u0173 \u0161akeli\u0173 ornamentais. Puikiai der\u0117s tiek klasikiniame, tiek vinta\u017einiame stiliuje. Detal\u0117s \u2013 med\u017eiaga: keramika. Spalva \u2013 m\u0117lyna. I\u0161matavimai: Skersmuo 10 cm \/ Auk\u0161tis 21cm.<\/p>\n","protected":false},"featured_media":15522,"template":"","meta":{"_monsterinsights_skip_tracking":false,"_monsterinsights_sitenote_active":false,"_monsterinsights_sitenote_note":"","_monsterinsights_sitenote_category":0},"product_brand":[],"product_cat":[95,101],"product_tag":[],"class_list":{"0":"post-15520","1":"product","2":"type-product","3":"status-publish","4":"has-post-thumbnail","6":"product_cat-interjerui","7":"product_cat-vazos","9":"first","10":"instock","11":"taxable","12":"shipping-taxable","13":"purchasable","14":"product-type-simple"},"_links":{"self":[{"href":"https:\/\/duckdeco.lt\/lt\/wp-json\/wp\/v2\/product\/15520","targetHints":{"allow":["GET"]}}],"collection":[{"href":"https:\/\/duckdeco.lt\/lt\/wp-json\/wp\/v2\/product"}],"about":[{"href":"https:\/\/duckdeco.lt\/lt\/wp-json\/wp\/v2\/types\/product"}],"version-history":[{"count":1,"href":"https:\/\/duckdeco.lt\/lt\/wp-json\/wp\/v2\/product\/15520\/revisions"}],"predecessor-version":[{"id":15523,"href":"https:\/\/duckdeco.lt\/lt\/wp-json\/wp\/v2\/product\/15520\/revisions\/15523"}],"wp:featuredmedia":[{"embeddable":true,"href":"https:\/\/duckdeco.lt\/lt\/wp-json\/wp\/v2\/media\/15522"}],"wp:attachment":[{"href":"https:\/\/duckdeco.lt\/lt\/wp-json\/wp\/v2\/media?parent=15520"}],"wp:term":[{"taxonomy":"product_brand","embeddable":true,"href":"https:\/\/duckdeco.lt\/lt\/wp-json\/wp\/v2\/product_brand?post=15520"},{"taxonomy":"product_cat","embeddable":true,"href":"https:\/\/duckdeco.lt\/lt\/wp-json\/wp\/v2\/product_cat?post=15520"},{"taxonomy":"product_tag","embeddable":true,"href":"https:\/\/duckdeco.lt\/lt\/wp-json\/wp\/v2\/product_tag?post=15520"}],"curies":[{"name":"wp","href":"https:\/\/api.w.org\/{rel}","templated":true}]}}