{"id":15533,"date":"2025-08-26T15:22:30","date_gmt":"2025-08-26T12:22:30","guid":{"rendered":"https:\/\/duckdeco.lt\/?post_type=product&#038;p=15533"},"modified":"2025-08-26T15:22:30","modified_gmt":"2025-08-26T12:22:30","slug":"tapyba-citrinmedis","status":"publish","type":"product","link":"https:\/\/duckdeco.lt\/lt\/product\/tapyba-citrinmedis\/","title":{"rendered":"Tapyba Citrinmedis"},"content":{"rendered":"<ul>\n<li><span class=\"HwtZe\" lang=\"lt\">Nuostabus citrinmed\u017eio \u0161akel\u0117s pie\u0161inys, <span class=\"jCAhz ChMk0b\"><span class=\"ryNqvb\">atspausdintas japoni\u0161kais archyviniais da\u017eais ant matinio \u201eHahnem\u00fchle\u201c popieriaus Kopenhagos kaime, gabi\u0173 amatinink\u0173.\u00a0<\/span><\/span><\/span><span class=\"HwtZe\" lang=\"lt\"><span class=\"jCAhz ChMk0b\"><span class=\"ryNqvb\">Nostalgi\u0161ko ir retro stiliaus paveikslas papuo\u0161 bet kuri\u0105 sien\u0105, ant kurios jis bus pakabintas, s<\/span><\/span><span class=\"jCAhz ChMk0b\"><span class=\"ryNqvb\">kleis d\u017eiaugsm\u0105, vasaros prisiminimus, laimingas mintis ir galb\u016bt lengv\u0105 ni\u016brum\u0105.\u00a0<\/span><\/span><\/span><\/li>\n<\/ul>\n<table width=\"405\">\n<tbody>\n<tr>\n<td width=\"91\">I\u0161matavimai: Ilgis 50 cm \/ Auk\u0161tis 70 cm<\/td>\n<\/tr>\n<\/tbody>\n<\/table>\n<p>&nbsp;<\/p>\n<div class=\"lRu31\" dir=\"ltr\">\n<div class=\"OvtS8d\"><\/div>\n<div class=\"NQSJo\"><\/div>\n<\/div>\n<div class=\"UdTY9 WdefRb\" aria-hidden=\"true\" data-location=\"2\">\n<div class=\"kO6q6e\"><\/div>\n<\/div>\n<div class=\"lRu31\" dir=\"ltr\">\n<div class=\"OvtS8d\"><\/div>\n<div class=\"NQSJo\"><\/div>\n<\/div>\n<div class=\"UdTY9 WdefRb\" aria-hidden=\"true\" data-location=\"2\">\n<div class=\"kO6q6e\"><\/div>\n<\/div>\n<div class=\"XL3Kf XExWNc\">\n<div class=\"a8FIud X0rvP\">\n<div data-show-delay-ms=\"250\" data-append-to-body=\"false\" data-propagate-tooltip-mouseover-events=\"true\" data-anchor-corner=\"bottom-end\" data-enable-skip-handler=\"true\" data-popup-corner=\"top-end\">\n<div class=\"dig2sb\"><\/div>\n<\/div>\n<\/div>\n<\/div>\n<div class=\"XL3Kf XExWNc\">\n<div class=\"a8FIud X0rvP\">\n<div data-show-delay-ms=\"250\" data-append-to-body=\"false\" data-propagate-tooltip-mouseover-events=\"true\" data-anchor-corner=\"bottom-end\" data-enable-skip-handler=\"true\" data-popup-corner=\"top-end\"><\/div>\n<\/div>\n<\/div>\n<div class=\"ebT7ne VOLvac sMVRZe\">\n<div class=\"F0pQVc\"><\/div>\n<\/div>\n<div class=\"VO9ucd\">\n<div class=\"aJIq1d\" dir=\"ltr\" data-language-code=\"lt\" data-language-name=\"lietuvi\u0173\" data-text=\"Papild\u0117me savo botanin\u0119 kolekcij\u0105 dar populiaresniais vaisiais, kad kiekvienas vaisius m\u0117gstantis \u017emogus rast\u0173 sau k\u0105 nors \u012fdomaus! Tad pirmyn, m\u0117gaukit\u0117s am\u017einomis \u0161akel\u0117mis su burnoje tirpstan\u010diomis uogomis, rie\u0161utais ir vaisiais m\u016bs\u0173 \u201eIconic Fruits\u201c kolekcijoje.\n\nM\u0117gaukit\u0117s sald\u017eiomis bra\u0161k\u0117mis, r\u016bg\u0161\u010diais citrusiniais vaisiais, burnoje tirpstan\u010diais abrikosais, prinokusiomis vynuog\u0117mis ir nuostabiomis vy\u0161niomis. Esame tikri, kad m\u016bs\u0173 pla\u010diame ikoni\u0161k\u0173 vaisi\u0173 plakat\u0173 asortimente rasite tobul\u0105 vaisi\u0173 paveiksl\u0105 savo virtuvei ar valgomajam \u2013 visi jie turi vinta\u017ein\u012f atspalv\u012f!\n\nVirtuv\u0117je tur\u0117t\u0173 augti \u012fkv\u0117pimas ir k\u016brybi\u0161kumas, o mes tur\u0117tume m\u0117gautis laiku tyrin\u0117dami ir eksperimentuodami su visokiais sveikais vaisiais ir dar\u017eov\u0117mis. \u201eIconic Fruits\u201c kolekcija b\u016btent tai ir padarys. Papuo\u0161kite savo virtuv\u0117s sienas m\u016bs\u0173 gard\u017eiais vaisi\u0173 plakatais \u2013 nuo \u200b\u200bcitrin\u0173, apelsin\u0173 ir slyv\u0173 iki migdol\u0173 ir pistacij\u0173 \u2013 ir leiskite \u201eIconic Fruits\u201c kolekcijai su\u017eadinti j\u016bs\u0173 burn\u0105, o \u012fkv\u0117pimas ir k\u016brybi\u0161kumas augt\u0173.\n\nNostalgi\u0161ko ir retro stiliaus vaisi\u0173 paveikslai papuo\u0161 bet kuri\u0105 sien\u0105, ant kurios jie bus pakabinti. Jie tikrai skleis d\u017eiaugsm\u0105, vasaros prisiminimus, laimingas mintis ir galb\u016bt lengv\u0105 ni\u016brum\u0105. Skanaus!\" data-crosslingual-hint=\"\" data-location=\"2\" data-enable-toggle-playback-speed=\"true\" data-results-count=\"1\" data-result-index=\"1\"><\/p>\n<div class=\"m0Qfkd\"><\/div>\n<\/div>\n<\/div>\n<div><\/div>\n<div class=\"OlSOob\">\n<div class=\"ccvoYb\">\n<div class=\"AxqVh\">\n<div class=\"OPPzxe\">\n<div class=\"QcsUad BDJ8fb BLojaf sMVRZe hCXDsb wneUed\">\n<div class=\"usGWQd\">\n<div class=\"KkbLmb\">\n<div class=\"VO9ucd\">\n<div class=\"YJGJsb\"><\/div>\n<\/div>\n<\/div>\n<\/div>\n<\/div>\n<\/div>\n<\/div>\n<div class=\"HWmS8\"><\/div>\n<\/div>\n<\/div>\n","protected":false},"excerpt":{"rendered":"<p>Nuostabus citrinmed\u017eio \u0161akel\u0117s pie\u0161inys, atspausdintas japoni\u0161kais archyviniais da\u017eais ant matinio \u201eHahnem\u00fchle\u201c popieriaus Kopenhagos kaime, gabi\u0173 amatinink\u0173.\u00a0Nostalgi\u0161ko ir retro stiliaus paveikslas papuo\u0161 bet kuri\u0105 sien\u0105, ant kurios jis bus pakabintas, skleis d\u017eiaugsm\u0105, vasaros prisiminimus, laimingas mintis ir galb\u016bt lengv\u0105 ni\u016brum\u0105.\u00a0 I\u0161matavimai: Ilgis 50 cm \/ Auk\u0161tis 70 cm &nbsp;<\/p>\n","protected":false},"featured_media":15534,"template":"","meta":{"_monsterinsights_skip_tracking":false,"_monsterinsights_sitenote_active":false,"_monsterinsights_sitenote_note":"","_monsterinsights_sitenote_category":0},"product_brand":[],"product_cat":[95,143],"product_tag":[],"class_list":{"0":"post-15533","1":"product","2":"type-product","3":"status-publish","4":"has-post-thumbnail","6":"product_cat-interjerui","7":"product_cat-paveikslai","9":"first","10":"instock","11":"taxable","12":"shipping-taxable","13":"purchasable","14":"product-type-simple"},"_links":{"self":[{"href":"https:\/\/duckdeco.lt\/lt\/wp-json\/wp\/v2\/product\/15533","targetHints":{"allow":["GET"]}}],"collection":[{"href":"https:\/\/duckdeco.lt\/lt\/wp-json\/wp\/v2\/product"}],"about":[{"href":"https:\/\/duckdeco.lt\/lt\/wp-json\/wp\/v2\/types\/product"}],"version-history":[{"count":1,"href":"https:\/\/duckdeco.lt\/lt\/wp-json\/wp\/v2\/product\/15533\/revisions"}],"predecessor-version":[{"id":15535,"href":"https:\/\/duckdeco.lt\/lt\/wp-json\/wp\/v2\/product\/15533\/revisions\/15535"}],"wp:featuredmedia":[{"embeddable":true,"href":"https:\/\/duckdeco.lt\/lt\/wp-json\/wp\/v2\/media\/15534"}],"wp:attachment":[{"href":"https:\/\/duckdeco.lt\/lt\/wp-json\/wp\/v2\/media?parent=15533"}],"wp:term":[{"taxonomy":"product_brand","embeddable":true,"href":"https:\/\/duckdeco.lt\/lt\/wp-json\/wp\/v2\/product_brand?post=15533"},{"taxonomy":"product_cat","embeddable":true,"href":"https:\/\/duckdeco.lt\/lt\/wp-json\/wp\/v2\/product_cat?post=15533"},{"taxonomy":"product_tag","embeddable":true,"href":"https:\/\/duckdeco.lt\/lt\/wp-json\/wp\/v2\/product_tag?post=15533"}],"curies":[{"name":"wp","href":"https:\/\/api.w.org\/{rel}","templated":true}]}}