{"id":15546,"date":"2025-09-22T14:35:34","date_gmt":"2025-09-22T11:35:34","guid":{"rendered":"https:\/\/duckdeco.lt\/?post_type=product&#038;p=15546"},"modified":"2025-09-22T14:35:35","modified_gmt":"2025-09-22T11:35:35","slug":"vaza-green-2","status":"publish","type":"product","link":"https:\/\/duckdeco.lt\/lt\/product\/vaza-green-2\/","title":{"rendered":"Vaza Green"},"content":{"rendered":"<ul>\n<li><span class=\"HwtZe\" lang=\"lt\"><span class=\"HwtZe\" lang=\"lt\"><span class=\"jCAhz ChMk0b\"><span class=\"ryNqvb\">\u017dalia porcelianin\u0117 vaza, suteikianti gaiv\u0173 ir ram\u0173 vaizd\u0105 j\u016bs\u0173 interjere.<\/span><\/span><\/span><\/span><\/li>\n<li><span class=\"HwtZe\" lang=\"lt\"><span class=\"HwtZe\" lang=\"lt\"><span class=\"jCAhz ChMk0b\"><span class=\"ryNqvb\">Detal\u0117s: med\u017eiaga \u2013 tikmedis. <\/span><\/span><\/span><\/span><\/li>\n<li><span class=\"HwtZe\" lang=\"lt\"><span class=\"HwtZe\" lang=\"lt\"><span class=\"jCAhz ChMk0b\"><span class=\"ryNqvb\">Spalva &#8211; \u017ealia.\u00a0<\/span><\/span><\/span><\/span><\/li>\n<\/ul>\n<table width=\"405\">\n<tbody>\n<tr>\n<td width=\"91\">I\u0161matavimai: Skersmuo 11.5 cm \/ Auk\u0161tis 10,5 cm<\/td>\n<\/tr>\n<\/tbody>\n<\/table>\n<p>&nbsp;<\/p>\n","protected":false},"excerpt":{"rendered":"<p>\u017dalia porcelianin\u0117 vaza, suteikianti gaiv\u0173 ir ram\u0173 vaizd\u0105 j\u016bs\u0173 interjere. Detal\u0117s: med\u017eiaga \u2013 tikmedis. Spalva &#8211; \u017ealia.\u00a0 I\u0161matavimai: Skersmuo 11.5 cm \/ Auk\u0161tis 10,5 cm &nbsp;<\/p>\n","protected":false},"featured_media":15547,"template":"","meta":{"_monsterinsights_skip_tracking":false,"_monsterinsights_sitenote_active":false,"_monsterinsights_sitenote_note":"","_monsterinsights_sitenote_category":0},"product_brand":[],"product_cat":[101],"product_tag":[],"class_list":{"0":"post-15546","1":"product","2":"type-product","3":"status-publish","4":"has-post-thumbnail","6":"product_cat-vazos","8":"first","9":"instock","10":"taxable","11":"shipping-taxable","12":"purchasable","13":"product-type-simple"},"_links":{"self":[{"href":"https:\/\/duckdeco.lt\/lt\/wp-json\/wp\/v2\/product\/15546","targetHints":{"allow":["GET"]}}],"collection":[{"href":"https:\/\/duckdeco.lt\/lt\/wp-json\/wp\/v2\/product"}],"about":[{"href":"https:\/\/duckdeco.lt\/lt\/wp-json\/wp\/v2\/types\/product"}],"version-history":[{"count":1,"href":"https:\/\/duckdeco.lt\/lt\/wp-json\/wp\/v2\/product\/15546\/revisions"}],"predecessor-version":[{"id":15548,"href":"https:\/\/duckdeco.lt\/lt\/wp-json\/wp\/v2\/product\/15546\/revisions\/15548"}],"wp:featuredmedia":[{"embeddable":true,"href":"https:\/\/duckdeco.lt\/lt\/wp-json\/wp\/v2\/media\/15547"}],"wp:attachment":[{"href":"https:\/\/duckdeco.lt\/lt\/wp-json\/wp\/v2\/media?parent=15546"}],"wp:term":[{"taxonomy":"product_brand","embeddable":true,"href":"https:\/\/duckdeco.lt\/lt\/wp-json\/wp\/v2\/product_brand?post=15546"},{"taxonomy":"product_cat","embeddable":true,"href":"https:\/\/duckdeco.lt\/lt\/wp-json\/wp\/v2\/product_cat?post=15546"},{"taxonomy":"product_tag","embeddable":true,"href":"https:\/\/duckdeco.lt\/lt\/wp-json\/wp\/v2\/product_tag?post=15546"}],"curies":[{"name":"wp","href":"https:\/\/api.w.org\/{rel}","templated":true}]}}