{"id":15549,"date":"2025-09-22T14:47:16","date_gmt":"2025-09-22T11:47:16","guid":{"rendered":"https:\/\/duckdeco.lt\/?post_type=product&#038;p=15549"},"modified":"2025-09-22T14:47:16","modified_gmt":"2025-09-22T11:47:16","slug":"vaza-pink-2","status":"publish","type":"product","link":"https:\/\/duckdeco.lt\/lt\/product\/vaza-pink-2\/","title":{"rendered":"Vaza pink"},"content":{"rendered":"<ul>\n<li><span class=\"HwtZe\" lang=\"lt\"><span class=\"HwtZe\" lang=\"lt\"><span class=\"jCAhz ChMk0b\"><span class=\"ryNqvb\">\u0160i porcelianin\u0117 vaza idealiai tinka norint suteikti \u017eavesio ir romanti\u0161ko<\/span><\/span><\/span><\/span><span class=\"HwtZe\" lang=\"lt\"><span class=\"HwtZe\" lang=\"lt\"><span class=\"jCAhz ChMk0b\"><span class=\"ryNqvb\"> prisilietimo j\u016bs\u0173 erdvei.<\/span><\/span><\/span><\/span><\/li>\n<li><span class=\"HwtZe\" lang=\"lt\"><span class=\"HwtZe\" lang=\"lt\"><span class=\"jCAhz ChMk0b\"><span class=\"ryNqvb\">Detal\u0117s: med\u017eiaga \u2013 keramika.\u00a0<\/span><\/span><\/span><\/span><\/li>\n<li>Spalva &#8211; ro\u017ein\u0117.<br \/>\n<table width=\"405\">\n<tbody>\n<tr>\n<td width=\"91\">I\u0161matavimai: Skersmuo 12 \/ Auk\u0161tis 17,5 cm.<\/td>\n<\/tr>\n<\/tbody>\n<\/table>\n<p>&nbsp;<\/li>\n<\/ul>\n<p>&nbsp;<\/p>\n","protected":false},"excerpt":{"rendered":"<p>\u0160i porcelianin\u0117 vaza idealiai tinka norint suteikti \u017eavesio ir romanti\u0161ko prisilietimo j\u016bs\u0173 erdvei. Detal\u0117s: med\u017eiaga \u2013 keramika.\u00a0 Spalva &#8211; ro\u017ein\u0117. I\u0161matavimai: Skersmuo 12 \/ Auk\u0161tis 17,5 cm. &nbsp; &nbsp;<\/p>\n","protected":false},"featured_media":15550,"template":"","meta":{"_monsterinsights_skip_tracking":false,"_monsterinsights_sitenote_active":false,"_monsterinsights_sitenote_note":"","_monsterinsights_sitenote_category":0},"product_brand":[],"product_cat":[101],"product_tag":[],"class_list":{"0":"post-15549","1":"product","2":"type-product","3":"status-publish","4":"has-post-thumbnail","6":"product_cat-vazos","8":"first","9":"instock","10":"taxable","11":"shipping-taxable","12":"purchasable","13":"product-type-simple"},"_links":{"self":[{"href":"https:\/\/duckdeco.lt\/lt\/wp-json\/wp\/v2\/product\/15549","targetHints":{"allow":["GET"]}}],"collection":[{"href":"https:\/\/duckdeco.lt\/lt\/wp-json\/wp\/v2\/product"}],"about":[{"href":"https:\/\/duckdeco.lt\/lt\/wp-json\/wp\/v2\/types\/product"}],"version-history":[{"count":1,"href":"https:\/\/duckdeco.lt\/lt\/wp-json\/wp\/v2\/product\/15549\/revisions"}],"predecessor-version":[{"id":15551,"href":"https:\/\/duckdeco.lt\/lt\/wp-json\/wp\/v2\/product\/15549\/revisions\/15551"}],"wp:featuredmedia":[{"embeddable":true,"href":"https:\/\/duckdeco.lt\/lt\/wp-json\/wp\/v2\/media\/15550"}],"wp:attachment":[{"href":"https:\/\/duckdeco.lt\/lt\/wp-json\/wp\/v2\/media?parent=15549"}],"wp:term":[{"taxonomy":"product_brand","embeddable":true,"href":"https:\/\/duckdeco.lt\/lt\/wp-json\/wp\/v2\/product_brand?post=15549"},{"taxonomy":"product_cat","embeddable":true,"href":"https:\/\/duckdeco.lt\/lt\/wp-json\/wp\/v2\/product_cat?post=15549"},{"taxonomy":"product_tag","embeddable":true,"href":"https:\/\/duckdeco.lt\/lt\/wp-json\/wp\/v2\/product_tag?post=15549"}],"curies":[{"name":"wp","href":"https:\/\/api.w.org\/{rel}","templated":true}]}}